{"id":691,"date":"2022-07-08T20:12:44","date_gmt":"2022-07-08T18:12:44","guid":{"rendered":"https:\/\/quatronum.pl\/qsklep\/?post_type=product&#038;p=691"},"modified":"2025-12-15T17:57:31","modified_gmt":"2025-12-15T16:57:31","slug":"odjazdowe-sznurowki-quatronum","status":"publish","type":"product","link":"https:\/\/quatronum.pl\/qsklep\/index.php\/produkt\/odjazdowe-sznurowki-quatronum\/","title":{"rendered":"Odjazdowe Sznur\u00f3wki Quatronum"},"content":{"rendered":"<p><strong>Odjazdowe sznur\u00f3wki +10 pkt do stylu\u00a0<\/strong><\/p>\n<p>Wymiary <strong>sznur\u00f3wki &#8211; 1200x15mm\u00a0<\/strong><\/p>\n<p>1para<\/p>\n<p><strong>Materia\u0142:<\/strong>\u00a0poliester<\/p>\n<p>dost\u0119pne w pi\u0119ciu wersjach:<\/p>\n<ul>\n<li>Kolor czarny napis<strong> Quatronum<\/strong><\/li>\n<li>Kolor czerwony napis Aretes<\/li>\n<li>Kolor zielony napis Lupus<\/li>\n<li>Kolor niebieski napis Gravitas<\/li>\n<li>Kolor \u017c\u00f3\u0142ty napis Virtus<\/li>\n<\/ul>\n","protected":false},"excerpt":{"rendered":"<p><strong>Odjazdowe sznur\u00f3wki +10 pkt do stylu\u00a0<\/strong><\/p>\n<p>&nbsp;<\/p>\n","protected":false},"featured_media":702,"comment_status":"open","ping_status":"closed","template":"","meta":[],"product_brand":[],"product_cat":[24,67,64,65,66],"product_tag":[78,53,52,77,55,54],"class_list":{"0":"post-691","1":"product","2":"type-product","3":"status-publish","4":"has-post-thumbnail","6":"product_cat-akcesoria","7":"product_cat-aretes","8":"product_cat-gravitas","9":"product_cat-lupus","10":"product_cat-virtus","11":"product_tag-aretes","12":"product_tag-gravitas","13":"product_tag-lupus","14":"product_tag-opaski","15":"product_tag-quatronum","16":"product_tag-virtus","18":"first","19":"instock","20":"sale","21":"shipping-taxable","22":"purchasable","23":"product-type-variable"},"yoast_head":"<!-- This site is optimized with the Yoast SEO plugin v25.0 - https:\/\/yoast.com\/wordpress\/plugins\/seo\/ -->\n<title>Odjazdowe Sznur\u00f3wki Quatronum - Sklep Quatronum<\/title>\n<meta name=\"description\" content=\"Wyj\u0105tkowe produkty marki Quatronum posiadaj\u0105ce logo naszej marki. Zosta\u0144 obywatelem naszej krainy i zdob\u0105d\u017a przyjaci\u00f3\u0142.\" \/>\n<meta name=\"robots\" content=\"index, follow, max-snippet:-1, max-image-preview:large, max-video-preview:-1\" \/>\n<link rel=\"canonical\" href=\"https:\/\/quatronum.pl\/qsklep\/index.php\/produkt\/odjazdowe-sznurowki-quatronum\/\" \/>\n<meta property=\"og:locale\" content=\"pl_PL\" \/>\n<meta property=\"og:type\" content=\"article\" \/>\n<meta property=\"og:title\" content=\"Odjazdowe Sznur\u00f3wki Quatronum - Sklep Quatronum\" \/>\n<meta property=\"og:description\" content=\"Wyj\u0105tkowe produkty marki Quatronum posiadaj\u0105ce logo naszej marki. Zosta\u0144 obywatelem naszej krainy i zdob\u0105d\u017a przyjaci\u00f3\u0142.\" \/>\n<meta property=\"og:url\" content=\"https:\/\/quatronum.pl\/qsklep\/index.php\/produkt\/odjazdowe-sznurowki-quatronum\/\" \/>\n<meta property=\"og:site_name\" content=\"Sklep Quatronum\" \/>\n<meta property=\"article:modified_time\" content=\"2025-12-15T16:57:31+00:00\" \/>\n<meta property=\"og:image\" content=\"https:\/\/quatronum.pl\/qsklep\/wp-content\/uploads\/2022\/07\/sznurowki-removebg-preview.png\" \/>\n\t<meta property=\"og:image:width\" content=\"577\" \/>\n\t<meta property=\"og:image:height\" content=\"433\" \/>\n\t<meta property=\"og:image:type\" content=\"image\/png\" \/>\n<meta name=\"twitter:card\" content=\"summary_large_image\" \/>\n<meta name=\"twitter:label1\" content=\"Szacowany czas czytania\" \/>\n\t<meta name=\"twitter:data1\" content=\"1 minuta\" \/>\n<script type=\"application\/ld+json\" class=\"yoast-schema-graph\">{\"@context\":\"https:\/\/schema.org\",\"@graph\":[{\"@type\":\"WebPage\",\"@id\":\"https:\/\/quatronum.pl\/qsklep\/index.php\/produkt\/odjazdowe-sznurowki-quatronum\/\",\"url\":\"https:\/\/quatronum.pl\/qsklep\/index.php\/produkt\/odjazdowe-sznurowki-quatronum\/\",\"name\":\"Odjazdowe Sznur\u00f3wki Quatronum - Sklep Quatronum\",\"isPartOf\":{\"@id\":\"https:\/\/quatronum.pl\/qsklep\/#website\"},\"primaryImageOfPage\":{\"@id\":\"https:\/\/quatronum.pl\/qsklep\/index.php\/produkt\/odjazdowe-sznurowki-quatronum\/#primaryimage\"},\"image\":{\"@id\":\"https:\/\/quatronum.pl\/qsklep\/index.php\/produkt\/odjazdowe-sznurowki-quatronum\/#primaryimage\"},\"thumbnailUrl\":\"https:\/\/quatronum.pl\/qsklep\/wp-content\/uploads\/2022\/07\/sznurowki-removebg-preview.png\",\"datePublished\":\"2022-07-08T18:12:44+00:00\",\"dateModified\":\"2025-12-15T16:57:31+00:00\",\"description\":\"Wyj\u0105tkowe produkty marki Quatronum posiadaj\u0105ce logo naszej marki. Zosta\u0144 obywatelem naszej krainy i zdob\u0105d\u017a przyjaci\u00f3\u0142.\",\"breadcrumb\":{\"@id\":\"https:\/\/quatronum.pl\/qsklep\/index.php\/produkt\/odjazdowe-sznurowki-quatronum\/#breadcrumb\"},\"inLanguage\":\"pl-PL\",\"potentialAction\":[{\"@type\":\"ReadAction\",\"target\":[\"https:\/\/quatronum.pl\/qsklep\/index.php\/produkt\/odjazdowe-sznurowki-quatronum\/\"]}]},{\"@type\":\"ImageObject\",\"inLanguage\":\"pl-PL\",\"@id\":\"https:\/\/quatronum.pl\/qsklep\/index.php\/produkt\/odjazdowe-sznurowki-quatronum\/#primaryimage\",\"url\":\"https:\/\/quatronum.pl\/qsklep\/wp-content\/uploads\/2022\/07\/sznurowki-removebg-preview.png\",\"contentUrl\":\"https:\/\/quatronum.pl\/qsklep\/wp-content\/uploads\/2022\/07\/sznurowki-removebg-preview.png\",\"width\":577,\"height\":433},{\"@type\":\"BreadcrumbList\",\"@id\":\"https:\/\/quatronum.pl\/qsklep\/index.php\/produkt\/odjazdowe-sznurowki-quatronum\/#breadcrumb\",\"itemListElement\":[{\"@type\":\"ListItem\",\"position\":1,\"name\":\"Strona g\u0142\u00f3wna\",\"item\":\"https:\/\/quatronum.pl\/qsklep\/\"},{\"@type\":\"ListItem\",\"position\":2,\"name\":\"Sklep\",\"item\":\"https:\/\/quatronum.pl\/qsklep\/index.php\/sklep\/\"},{\"@type\":\"ListItem\",\"position\":3,\"name\":\"Odjazdowe Sznur\u00f3wki Quatronum\"}]},{\"@type\":\"WebSite\",\"@id\":\"https:\/\/quatronum.pl\/qsklep\/#website\",\"url\":\"https:\/\/quatronum.pl\/qsklep\/\",\"name\":\"Sklep Quatronum\",\"description\":\"Quatronum Sklep\",\"publisher\":{\"@id\":\"https:\/\/quatronum.pl\/qsklep\/#organization\"},\"potentialAction\":[{\"@type\":\"SearchAction\",\"target\":{\"@type\":\"EntryPoint\",\"urlTemplate\":\"https:\/\/quatronum.pl\/qsklep\/?s={search_term_string}\"},\"query-input\":{\"@type\":\"PropertyValueSpecification\",\"valueRequired\":true,\"valueName\":\"search_term_string\"}}],\"inLanguage\":\"pl-PL\"},{\"@type\":\"Organization\",\"@id\":\"https:\/\/quatronum.pl\/qsklep\/#organization\",\"name\":\"Sklep Quatronum\",\"url\":\"https:\/\/quatronum.pl\/qsklep\/\",\"logo\":{\"@type\":\"ImageObject\",\"inLanguage\":\"pl-PL\",\"@id\":\"https:\/\/quatronum.pl\/qsklep\/#\/schema\/logo\/image\/\",\"url\":\"https:\/\/quatronum.pl\/qsklep\/wp-content\/uploads\/2022\/01\/cropped-cropped-logo_male-2.png\",\"contentUrl\":\"https:\/\/quatronum.pl\/qsklep\/wp-content\/uploads\/2022\/01\/cropped-cropped-logo_male-2.png\",\"width\":680,\"height\":250,\"caption\":\"Sklep Quatronum\"},\"image\":{\"@id\":\"https:\/\/quatronum.pl\/qsklep\/#\/schema\/logo\/image\/\"}}]}<\/script>\n<!-- \/ Yoast SEO plugin. -->","yoast_head_json":{"title":"Odjazdowe Sznur\u00f3wki Quatronum - Sklep Quatronum","description":"Wyj\u0105tkowe produkty marki Quatronum posiadaj\u0105ce logo naszej marki. Zosta\u0144 obywatelem naszej krainy i zdob\u0105d\u017a przyjaci\u00f3\u0142.","robots":{"index":"index","follow":"follow","max-snippet":"max-snippet:-1","max-image-preview":"max-image-preview:large","max-video-preview":"max-video-preview:-1"},"canonical":"https:\/\/quatronum.pl\/qsklep\/index.php\/produkt\/odjazdowe-sznurowki-quatronum\/","og_locale":"pl_PL","og_type":"article","og_title":"Odjazdowe Sznur\u00f3wki Quatronum - Sklep Quatronum","og_description":"Wyj\u0105tkowe produkty marki Quatronum posiadaj\u0105ce logo naszej marki. Zosta\u0144 obywatelem naszej krainy i zdob\u0105d\u017a przyjaci\u00f3\u0142.","og_url":"https:\/\/quatronum.pl\/qsklep\/index.php\/produkt\/odjazdowe-sznurowki-quatronum\/","og_site_name":"Sklep Quatronum","article_modified_time":"2025-12-15T16:57:31+00:00","og_image":[{"width":577,"height":433,"url":"https:\/\/quatronum.pl\/qsklep\/wp-content\/uploads\/2022\/07\/sznurowki-removebg-preview.png","type":"image\/png"}],"twitter_card":"summary_large_image","twitter_misc":{"Szacowany czas czytania":"1 minuta"},"schema":{"@context":"https:\/\/schema.org","@graph":[{"@type":"WebPage","@id":"https:\/\/quatronum.pl\/qsklep\/index.php\/produkt\/odjazdowe-sznurowki-quatronum\/","url":"https:\/\/quatronum.pl\/qsklep\/index.php\/produkt\/odjazdowe-sznurowki-quatronum\/","name":"Odjazdowe Sznur\u00f3wki Quatronum - Sklep Quatronum","isPartOf":{"@id":"https:\/\/quatronum.pl\/qsklep\/#website"},"primaryImageOfPage":{"@id":"https:\/\/quatronum.pl\/qsklep\/index.php\/produkt\/odjazdowe-sznurowki-quatronum\/#primaryimage"},"image":{"@id":"https:\/\/quatronum.pl\/qsklep\/index.php\/produkt\/odjazdowe-sznurowki-quatronum\/#primaryimage"},"thumbnailUrl":"https:\/\/quatronum.pl\/qsklep\/wp-content\/uploads\/2022\/07\/sznurowki-removebg-preview.png","datePublished":"2022-07-08T18:12:44+00:00","dateModified":"2025-12-15T16:57:31+00:00","description":"Wyj\u0105tkowe produkty marki Quatronum posiadaj\u0105ce logo naszej marki. Zosta\u0144 obywatelem naszej krainy i zdob\u0105d\u017a przyjaci\u00f3\u0142.","breadcrumb":{"@id":"https:\/\/quatronum.pl\/qsklep\/index.php\/produkt\/odjazdowe-sznurowki-quatronum\/#breadcrumb"},"inLanguage":"pl-PL","potentialAction":[{"@type":"ReadAction","target":["https:\/\/quatronum.pl\/qsklep\/index.php\/produkt\/odjazdowe-sznurowki-quatronum\/"]}]},{"@type":"ImageObject","inLanguage":"pl-PL","@id":"https:\/\/quatronum.pl\/qsklep\/index.php\/produkt\/odjazdowe-sznurowki-quatronum\/#primaryimage","url":"https:\/\/quatronum.pl\/qsklep\/wp-content\/uploads\/2022\/07\/sznurowki-removebg-preview.png","contentUrl":"https:\/\/quatronum.pl\/qsklep\/wp-content\/uploads\/2022\/07\/sznurowki-removebg-preview.png","width":577,"height":433},{"@type":"BreadcrumbList","@id":"https:\/\/quatronum.pl\/qsklep\/index.php\/produkt\/odjazdowe-sznurowki-quatronum\/#breadcrumb","itemListElement":[{"@type":"ListItem","position":1,"name":"Strona g\u0142\u00f3wna","item":"https:\/\/quatronum.pl\/qsklep\/"},{"@type":"ListItem","position":2,"name":"Sklep","item":"https:\/\/quatronum.pl\/qsklep\/index.php\/sklep\/"},{"@type":"ListItem","position":3,"name":"Odjazdowe Sznur\u00f3wki Quatronum"}]},{"@type":"WebSite","@id":"https:\/\/quatronum.pl\/qsklep\/#website","url":"https:\/\/quatronum.pl\/qsklep\/","name":"Sklep Quatronum","description":"Quatronum Sklep","publisher":{"@id":"https:\/\/quatronum.pl\/qsklep\/#organization"},"potentialAction":[{"@type":"SearchAction","target":{"@type":"EntryPoint","urlTemplate":"https:\/\/quatronum.pl\/qsklep\/?s={search_term_string}"},"query-input":{"@type":"PropertyValueSpecification","valueRequired":true,"valueName":"search_term_string"}}],"inLanguage":"pl-PL"},{"@type":"Organization","@id":"https:\/\/quatronum.pl\/qsklep\/#organization","name":"Sklep Quatronum","url":"https:\/\/quatronum.pl\/qsklep\/","logo":{"@type":"ImageObject","inLanguage":"pl-PL","@id":"https:\/\/quatronum.pl\/qsklep\/#\/schema\/logo\/image\/","url":"https:\/\/quatronum.pl\/qsklep\/wp-content\/uploads\/2022\/01\/cropped-cropped-logo_male-2.png","contentUrl":"https:\/\/quatronum.pl\/qsklep\/wp-content\/uploads\/2022\/01\/cropped-cropped-logo_male-2.png","width":680,"height":250,"caption":"Sklep Quatronum"},"image":{"@id":"https:\/\/quatronum.pl\/qsklep\/#\/schema\/logo\/image\/"}}]}},"jetpack_sharing_enabled":true,"_links":{"self":[{"href":"https:\/\/quatronum.pl\/qsklep\/index.php\/wp-json\/wp\/v2\/product\/691","targetHints":{"allow":["GET"]}}],"collection":[{"href":"https:\/\/quatronum.pl\/qsklep\/index.php\/wp-json\/wp\/v2\/product"}],"about":[{"href":"https:\/\/quatronum.pl\/qsklep\/index.php\/wp-json\/wp\/v2\/types\/product"}],"replies":[{"embeddable":true,"href":"https:\/\/quatronum.pl\/qsklep\/index.php\/wp-json\/wp\/v2\/comments?post=691"}],"wp:featuredmedia":[{"embeddable":true,"href":"https:\/\/quatronum.pl\/qsklep\/index.php\/wp-json\/wp\/v2\/media\/702"}],"wp:attachment":[{"href":"https:\/\/quatronum.pl\/qsklep\/index.php\/wp-json\/wp\/v2\/media?parent=691"}],"wp:term":[{"taxonomy":"product_brand","embeddable":true,"href":"https:\/\/quatronum.pl\/qsklep\/index.php\/wp-json\/wp\/v2\/product_brand?post=691"},{"taxonomy":"product_cat","embeddable":true,"href":"https:\/\/quatronum.pl\/qsklep\/index.php\/wp-json\/wp\/v2\/product_cat?post=691"},{"taxonomy":"product_tag","embeddable":true,"href":"https:\/\/quatronum.pl\/qsklep\/index.php\/wp-json\/wp\/v2\/product_tag?post=691"}],"curies":[{"name":"wp","href":"https:\/\/api.w.org\/{rel}","templated":true}]}}