{"id":629,"date":"2022-02-23T17:30:25","date_gmt":"2022-02-23T16:30:25","guid":{"rendered":"https:\/\/quatronum.pl\/qsklep\/?post_type=product&#038;p=629"},"modified":"2025-08-09T16:59:17","modified_gmt":"2025-08-09T14:59:17","slug":"karty-do-gry-gildia-czarodziejow","status":"publish","type":"product","link":"https:\/\/quatronum.pl\/qsklep\/index.php\/produkt\/karty-do-gry-gildia-czarodziejow\/","title":{"rendered":"Karty do gry &#8222;Gildia Czarodziej\u00f3w&#8221;"},"content":{"rendered":"<p>Karty do gry Gildia Czarodziej\u00f3w.<\/p>\n<p>Gildia Czarodziej\u00f3w to towarzyska gra fabularna z Krainy Quatronum symuluj\u0105ca walk\u0119 pomi\u0119dzy poinformowan\u0105 mniejszo\u015bci\u0105 i niepoinformowan\u0105 wi\u0119kszo\u015bci\u0105.<\/p>\n<p>Gra charakteryzuje si\u0119 ogromn\u0105 elastyczno\u015bci\u0105 zasad, dzi\u0119ki czemu mo\u017cna j\u0105 rozgrywa\u0107 w niemal dowolnie licznej grupie (wsp\u00f3lnie, lub po podzieleniu si\u0119 na niezale\u017cne zespo\u0142y). Gra wymaga i rozwija umiej\u0119tno\u015bci obserwacji i analizy zachowa\u0144, wyci\u0105gania wniosk\u00f3w, przekonywania, a tak\u017ce kontroli\u00a0<a title=\"Komunikacja niewerbalna\" href=\"https:\/\/pl.wikipedia.org\/wiki\/Komunikacja_niewerbalna\">mowy cia\u0142a<\/a>\u00a0oraz innych\u00a0<a title=\"Komunikacja niewerbalna\" href=\"https:\/\/pl.wikipedia.org\/wiki\/Komunikacja_niewerbalna\">sygna\u0142\u00f3w niewerbalnych<\/a>.<\/p>\n<p>Zestaw sk\u0142ada si\u0119 z 26 kart oraz pude\u0142ka:<\/p>\n<ul>\n<li>15 kart &#8222;Czarodziej&#8221;<\/li>\n<li>6 kart &#8222;Sanguin&#8221;<\/li>\n<li>1 karta specjalna &#8222;Gryfina Gravitas&#8221;<\/li>\n<li>1 karta specjalna &#8222;Luna Lupus&#8221;<\/li>\n<li>1 karta specjalna &#8222;Adelard Aretes&#8221;<\/li>\n<li>1 karta specjalna &#8222;Valerius Virtus\u201d<\/li>\n<li>1 karta specjalna &#8222;Damaris&#8221;<\/li>\n<\/ul>\n","protected":false},"excerpt":{"rendered":"<p>Gildia Czarodziej\u00f3w to towarzyska gra fabularna z Krainy Quatronum.<\/p>\n","protected":false},"featured_media":916,"comment_status":"open","ping_status":"closed","template":"","meta":[],"product_brand":[],"product_cat":[24],"product_tag":[80,79,55],"class_list":{"0":"post-629","1":"product","2":"type-product","3":"status-publish","4":"has-post-thumbnail","6":"product_cat-akcesoria","7":"product_tag-czarodzieje","8":"product_tag-karty-do-gry","9":"product_tag-quatronum","11":"first","12":"instock","13":"shipping-taxable","14":"purchasable","15":"product-type-simple"},"yoast_head":"<!-- This site is optimized with the Yoast SEO plugin v25.0 - https:\/\/yoast.com\/wordpress\/plugins\/seo\/ -->\n<title>Karty do gry &quot;Gildia Czarodziej\u00f3w&quot; - Sklep Quatronum<\/title>\n<meta name=\"description\" content=\"Gildia Czarodziej\u00f3w to towarzyska gra fabularna z Krainy Quatronum.\" \/>\n<meta name=\"robots\" content=\"index, follow, max-snippet:-1, max-image-preview:large, max-video-preview:-1\" \/>\n<link rel=\"canonical\" href=\"https:\/\/quatronum.pl\/qsklep\/index.php\/produkt\/karty-do-gry-gildia-czarodziejow\/\" \/>\n<meta property=\"og:locale\" content=\"pl_PL\" \/>\n<meta property=\"og:type\" content=\"article\" \/>\n<meta property=\"og:title\" content=\"Karty do gry &quot;Gildia Czarodziej\u00f3w&quot; - Sklep Quatronum\" \/>\n<meta property=\"og:description\" content=\"Gildia Czarodziej\u00f3w to towarzyska gra fabularna z Krainy Quatronum.\" \/>\n<meta property=\"og:url\" content=\"https:\/\/quatronum.pl\/qsklep\/index.php\/produkt\/karty-do-gry-gildia-czarodziejow\/\" \/>\n<meta property=\"og:site_name\" content=\"Sklep Quatronum\" \/>\n<meta property=\"article:modified_time\" content=\"2025-08-09T14:59:17+00:00\" \/>\n<meta property=\"og:image\" content=\"https:\/\/quatronum.pl\/qsklep\/wp-content\/uploads\/2022\/02\/GILDIA-CZARODZIEJOW.png\" \/>\n\t<meta property=\"og:image:width\" content=\"940\" \/>\n\t<meta property=\"og:image:height\" content=\"788\" \/>\n\t<meta property=\"og:image:type\" content=\"image\/png\" \/>\n<meta name=\"twitter:card\" content=\"summary_large_image\" \/>\n<meta name=\"twitter:label1\" content=\"Szacowany czas czytania\" \/>\n\t<meta name=\"twitter:data1\" content=\"1 minuta\" \/>\n<script type=\"application\/ld+json\" class=\"yoast-schema-graph\">{\"@context\":\"https:\/\/schema.org\",\"@graph\":[{\"@type\":\"WebPage\",\"@id\":\"https:\/\/quatronum.pl\/qsklep\/index.php\/produkt\/karty-do-gry-gildia-czarodziejow\/\",\"url\":\"https:\/\/quatronum.pl\/qsklep\/index.php\/produkt\/karty-do-gry-gildia-czarodziejow\/\",\"name\":\"Karty do gry \\\"Gildia Czarodziej\u00f3w\\\" - Sklep Quatronum\",\"isPartOf\":{\"@id\":\"https:\/\/quatronum.pl\/qsklep\/#website\"},\"primaryImageOfPage\":{\"@id\":\"https:\/\/quatronum.pl\/qsklep\/index.php\/produkt\/karty-do-gry-gildia-czarodziejow\/#primaryimage\"},\"image\":{\"@id\":\"https:\/\/quatronum.pl\/qsklep\/index.php\/produkt\/karty-do-gry-gildia-czarodziejow\/#primaryimage\"},\"thumbnailUrl\":\"https:\/\/quatronum.pl\/qsklep\/wp-content\/uploads\/2022\/02\/GILDIA-CZARODZIEJOW.png\",\"datePublished\":\"2022-02-23T16:30:25+00:00\",\"dateModified\":\"2025-08-09T14:59:17+00:00\",\"description\":\"Gildia Czarodziej\u00f3w to towarzyska gra fabularna z Krainy Quatronum.\",\"breadcrumb\":{\"@id\":\"https:\/\/quatronum.pl\/qsklep\/index.php\/produkt\/karty-do-gry-gildia-czarodziejow\/#breadcrumb\"},\"inLanguage\":\"pl-PL\",\"potentialAction\":[{\"@type\":\"ReadAction\",\"target\":[\"https:\/\/quatronum.pl\/qsklep\/index.php\/produkt\/karty-do-gry-gildia-czarodziejow\/\"]}]},{\"@type\":\"ImageObject\",\"inLanguage\":\"pl-PL\",\"@id\":\"https:\/\/quatronum.pl\/qsklep\/index.php\/produkt\/karty-do-gry-gildia-czarodziejow\/#primaryimage\",\"url\":\"https:\/\/quatronum.pl\/qsklep\/wp-content\/uploads\/2022\/02\/GILDIA-CZARODZIEJOW.png\",\"contentUrl\":\"https:\/\/quatronum.pl\/qsklep\/wp-content\/uploads\/2022\/02\/GILDIA-CZARODZIEJOW.png\",\"width\":940,\"height\":788},{\"@type\":\"BreadcrumbList\",\"@id\":\"https:\/\/quatronum.pl\/qsklep\/index.php\/produkt\/karty-do-gry-gildia-czarodziejow\/#breadcrumb\",\"itemListElement\":[{\"@type\":\"ListItem\",\"position\":1,\"name\":\"Strona g\u0142\u00f3wna\",\"item\":\"https:\/\/quatronum.pl\/qsklep\/\"},{\"@type\":\"ListItem\",\"position\":2,\"name\":\"Sklep\",\"item\":\"https:\/\/quatronum.pl\/qsklep\/index.php\/sklep\/\"},{\"@type\":\"ListItem\",\"position\":3,\"name\":\"Karty do gry &#8222;Gildia Czarodziej\u00f3w&#8221;\"}]},{\"@type\":\"WebSite\",\"@id\":\"https:\/\/quatronum.pl\/qsklep\/#website\",\"url\":\"https:\/\/quatronum.pl\/qsklep\/\",\"name\":\"Sklep Quatronum\",\"description\":\"Quatronum Sklep\",\"publisher\":{\"@id\":\"https:\/\/quatronum.pl\/qsklep\/#organization\"},\"potentialAction\":[{\"@type\":\"SearchAction\",\"target\":{\"@type\":\"EntryPoint\",\"urlTemplate\":\"https:\/\/quatronum.pl\/qsklep\/?s={search_term_string}\"},\"query-input\":{\"@type\":\"PropertyValueSpecification\",\"valueRequired\":true,\"valueName\":\"search_term_string\"}}],\"inLanguage\":\"pl-PL\"},{\"@type\":\"Organization\",\"@id\":\"https:\/\/quatronum.pl\/qsklep\/#organization\",\"name\":\"Sklep Quatronum\",\"url\":\"https:\/\/quatronum.pl\/qsklep\/\",\"logo\":{\"@type\":\"ImageObject\",\"inLanguage\":\"pl-PL\",\"@id\":\"https:\/\/quatronum.pl\/qsklep\/#\/schema\/logo\/image\/\",\"url\":\"https:\/\/quatronum.pl\/qsklep\/wp-content\/uploads\/2022\/01\/cropped-cropped-logo_male-2.png\",\"contentUrl\":\"https:\/\/quatronum.pl\/qsklep\/wp-content\/uploads\/2022\/01\/cropped-cropped-logo_male-2.png\",\"width\":680,\"height\":250,\"caption\":\"Sklep Quatronum\"},\"image\":{\"@id\":\"https:\/\/quatronum.pl\/qsklep\/#\/schema\/logo\/image\/\"}}]}<\/script>\n<!-- \/ Yoast SEO plugin. -->","yoast_head_json":{"title":"Karty do gry \"Gildia Czarodziej\u00f3w\" - Sklep Quatronum","description":"Gildia Czarodziej\u00f3w to towarzyska gra fabularna z Krainy Quatronum.","robots":{"index":"index","follow":"follow","max-snippet":"max-snippet:-1","max-image-preview":"max-image-preview:large","max-video-preview":"max-video-preview:-1"},"canonical":"https:\/\/quatronum.pl\/qsklep\/index.php\/produkt\/karty-do-gry-gildia-czarodziejow\/","og_locale":"pl_PL","og_type":"article","og_title":"Karty do gry \"Gildia Czarodziej\u00f3w\" - Sklep Quatronum","og_description":"Gildia Czarodziej\u00f3w to towarzyska gra fabularna z Krainy Quatronum.","og_url":"https:\/\/quatronum.pl\/qsklep\/index.php\/produkt\/karty-do-gry-gildia-czarodziejow\/","og_site_name":"Sklep Quatronum","article_modified_time":"2025-08-09T14:59:17+00:00","og_image":[{"width":940,"height":788,"url":"https:\/\/quatronum.pl\/qsklep\/wp-content\/uploads\/2022\/02\/GILDIA-CZARODZIEJOW.png","type":"image\/png"}],"twitter_card":"summary_large_image","twitter_misc":{"Szacowany czas czytania":"1 minuta"},"schema":{"@context":"https:\/\/schema.org","@graph":[{"@type":"WebPage","@id":"https:\/\/quatronum.pl\/qsklep\/index.php\/produkt\/karty-do-gry-gildia-czarodziejow\/","url":"https:\/\/quatronum.pl\/qsklep\/index.php\/produkt\/karty-do-gry-gildia-czarodziejow\/","name":"Karty do gry \"Gildia Czarodziej\u00f3w\" - Sklep Quatronum","isPartOf":{"@id":"https:\/\/quatronum.pl\/qsklep\/#website"},"primaryImageOfPage":{"@id":"https:\/\/quatronum.pl\/qsklep\/index.php\/produkt\/karty-do-gry-gildia-czarodziejow\/#primaryimage"},"image":{"@id":"https:\/\/quatronum.pl\/qsklep\/index.php\/produkt\/karty-do-gry-gildia-czarodziejow\/#primaryimage"},"thumbnailUrl":"https:\/\/quatronum.pl\/qsklep\/wp-content\/uploads\/2022\/02\/GILDIA-CZARODZIEJOW.png","datePublished":"2022-02-23T16:30:25+00:00","dateModified":"2025-08-09T14:59:17+00:00","description":"Gildia Czarodziej\u00f3w to towarzyska gra fabularna z Krainy Quatronum.","breadcrumb":{"@id":"https:\/\/quatronum.pl\/qsklep\/index.php\/produkt\/karty-do-gry-gildia-czarodziejow\/#breadcrumb"},"inLanguage":"pl-PL","potentialAction":[{"@type":"ReadAction","target":["https:\/\/quatronum.pl\/qsklep\/index.php\/produkt\/karty-do-gry-gildia-czarodziejow\/"]}]},{"@type":"ImageObject","inLanguage":"pl-PL","@id":"https:\/\/quatronum.pl\/qsklep\/index.php\/produkt\/karty-do-gry-gildia-czarodziejow\/#primaryimage","url":"https:\/\/quatronum.pl\/qsklep\/wp-content\/uploads\/2022\/02\/GILDIA-CZARODZIEJOW.png","contentUrl":"https:\/\/quatronum.pl\/qsklep\/wp-content\/uploads\/2022\/02\/GILDIA-CZARODZIEJOW.png","width":940,"height":788},{"@type":"BreadcrumbList","@id":"https:\/\/quatronum.pl\/qsklep\/index.php\/produkt\/karty-do-gry-gildia-czarodziejow\/#breadcrumb","itemListElement":[{"@type":"ListItem","position":1,"name":"Strona g\u0142\u00f3wna","item":"https:\/\/quatronum.pl\/qsklep\/"},{"@type":"ListItem","position":2,"name":"Sklep","item":"https:\/\/quatronum.pl\/qsklep\/index.php\/sklep\/"},{"@type":"ListItem","position":3,"name":"Karty do gry &#8222;Gildia Czarodziej\u00f3w&#8221;"}]},{"@type":"WebSite","@id":"https:\/\/quatronum.pl\/qsklep\/#website","url":"https:\/\/quatronum.pl\/qsklep\/","name":"Sklep Quatronum","description":"Quatronum Sklep","publisher":{"@id":"https:\/\/quatronum.pl\/qsklep\/#organization"},"potentialAction":[{"@type":"SearchAction","target":{"@type":"EntryPoint","urlTemplate":"https:\/\/quatronum.pl\/qsklep\/?s={search_term_string}"},"query-input":{"@type":"PropertyValueSpecification","valueRequired":true,"valueName":"search_term_string"}}],"inLanguage":"pl-PL"},{"@type":"Organization","@id":"https:\/\/quatronum.pl\/qsklep\/#organization","name":"Sklep Quatronum","url":"https:\/\/quatronum.pl\/qsklep\/","logo":{"@type":"ImageObject","inLanguage":"pl-PL","@id":"https:\/\/quatronum.pl\/qsklep\/#\/schema\/logo\/image\/","url":"https:\/\/quatronum.pl\/qsklep\/wp-content\/uploads\/2022\/01\/cropped-cropped-logo_male-2.png","contentUrl":"https:\/\/quatronum.pl\/qsklep\/wp-content\/uploads\/2022\/01\/cropped-cropped-logo_male-2.png","width":680,"height":250,"caption":"Sklep Quatronum"},"image":{"@id":"https:\/\/quatronum.pl\/qsklep\/#\/schema\/logo\/image\/"}}]}},"jetpack_sharing_enabled":true,"_links":{"self":[{"href":"https:\/\/quatronum.pl\/qsklep\/index.php\/wp-json\/wp\/v2\/product\/629","targetHints":{"allow":["GET"]}}],"collection":[{"href":"https:\/\/quatronum.pl\/qsklep\/index.php\/wp-json\/wp\/v2\/product"}],"about":[{"href":"https:\/\/quatronum.pl\/qsklep\/index.php\/wp-json\/wp\/v2\/types\/product"}],"replies":[{"embeddable":true,"href":"https:\/\/quatronum.pl\/qsklep\/index.php\/wp-json\/wp\/v2\/comments?post=629"}],"wp:featuredmedia":[{"embeddable":true,"href":"https:\/\/quatronum.pl\/qsklep\/index.php\/wp-json\/wp\/v2\/media\/916"}],"wp:attachment":[{"href":"https:\/\/quatronum.pl\/qsklep\/index.php\/wp-json\/wp\/v2\/media?parent=629"}],"wp:term":[{"taxonomy":"product_brand","embeddable":true,"href":"https:\/\/quatronum.pl\/qsklep\/index.php\/wp-json\/wp\/v2\/product_brand?post=629"},{"taxonomy":"product_cat","embeddable":true,"href":"https:\/\/quatronum.pl\/qsklep\/index.php\/wp-json\/wp\/v2\/product_cat?post=629"},{"taxonomy":"product_tag","embeddable":true,"href":"https:\/\/quatronum.pl\/qsklep\/index.php\/wp-json\/wp\/v2\/product_tag?post=629"}],"curies":[{"name":"wp","href":"https:\/\/api.w.org\/{rel}","templated":true}]}}