{"id":516,"date":"2022-02-15T09:12:07","date_gmt":"2022-02-15T08:12:07","guid":{"rendered":"https:\/\/quatronum.pl\/qsklep\/?post_type=product&#038;p=516"},"modified":"2026-04-22T14:59:46","modified_gmt":"2026-04-22T12:59:46","slug":"torba-bawelniana","status":"publish","type":"product","link":"https:\/\/quatronum.pl\/qsklep\/index.php\/produkt\/torba-bawelniana\/","title":{"rendered":"Torba bawe\u0142niana Quatronum"},"content":{"rendered":"<h3>Torba bawe\u0142niana Quatronum<\/h3>\n<p>Tradycyjna bawe\u0142niana torba na zakupy z d\u0142ugimi uszami o gramaturze 140 g\/m2. Produkt mo\u017ce by\u0107 poddany procesowi recyklingu.<\/p>\n<div class=\"row\">\n<div class=\"product-attribute col-sm-6\">\n<div class=\"row\">\n<div class=\"col-xs-12 col-sm-12\"><label class=\"caption\">WYMIAR:<\/label><\/div>\n<div class=\"col-xs-12 col-sm-12\"><span class=\"val bottom-separator\">385.0&#215;421.0x1.0 mm<\/span><\/div>\n<\/div>\n<\/div>\n<div class=\"product-attribute col-sm-6\">\n<div class=\"row\">\n<div class=\"col-xs-12 col-sm-12\"><label class=\"caption\">KOLOR:<\/label><\/div>\n<div class=\"col-xs-12 col-sm-12\"><span class=\"val bottom-separator\">Be\u017cowy<\/span><\/div>\n<\/div>\n<\/div>\n<\/div>\n<div class=\"row\">\n<div class=\"product-attribute col-sm-6\">\n<div class=\"row\">\n<div class=\"col-xs-12 col-sm-12\"><label class=\"caption\">MATERIA\u0141:<\/label><\/div>\n<div class=\"col-xs-12 col-sm-12\"><span class=\"val bottom-separator\">bawe\u0142na 140 g\/m2<\/span><\/div>\n<\/div>\n<\/div>\n<\/div>\n","protected":false},"excerpt":{"rendered":"<p>Torba bawe\u0142niana Quatronum Tradycyjna bawe\u0142niana torba na zakupy z d\u0142ugimi uszami o gramaturze 140 g\/m2. Produkt mo\u017ce by\u0107 poddany procesowi recyklingu. WYMIAR: 385.0&#215;421.0&#215;1.0 mm KOLOR: Be\u017cowy MATERIA\u0141: bawe\u0142na 140 g\/m2<\/p>\n","protected":false},"featured_media":517,"comment_status":"open","ping_status":"closed","template":"","meta":[],"product_brand":[],"product_cat":[24],"product_tag":[58,69,70],"class_list":{"0":"post-516","1":"product","2":"type-product","3":"status-publish","4":"has-post-thumbnail","6":"product_cat-akcesoria","7":"product_tag-akcesoria","8":"product_tag-dlugopis","9":"product_tag-gadzet","11":"first","12":"instock","13":"shipping-taxable","14":"purchasable","15":"product-type-simple"},"yoast_head":"<!-- This site is optimized with the Yoast SEO plugin v25.0 - https:\/\/yoast.com\/wordpress\/plugins\/seo\/ -->\n<title>Torba bawe\u0142niana Quatronum - Sklep Quatronum<\/title>\n<meta name=\"description\" content=\"Wyj\u0105tkowe produkty marki Quatronum posiadaj\u0105ce logo naszej marki. Zosta\u0144 obywatelem naszej krainy i zdob\u0105d\u017a przyjaci\u00f3\u0142.\" \/>\n<meta name=\"robots\" content=\"index, follow, max-snippet:-1, max-image-preview:large, max-video-preview:-1\" \/>\n<link rel=\"canonical\" href=\"https:\/\/quatronum.pl\/qsklep\/index.php\/produkt\/torba-bawelniana\/\" \/>\n<meta property=\"og:locale\" content=\"pl_PL\" \/>\n<meta property=\"og:type\" content=\"article\" \/>\n<meta property=\"og:title\" content=\"Torba bawe\u0142niana Quatronum - Sklep Quatronum\" \/>\n<meta property=\"og:description\" content=\"Wyj\u0105tkowe produkty marki Quatronum posiadaj\u0105ce logo naszej marki. Zosta\u0144 obywatelem naszej krainy i zdob\u0105d\u017a przyjaci\u00f3\u0142.\" \/>\n<meta property=\"og:url\" content=\"https:\/\/quatronum.pl\/qsklep\/index.php\/produkt\/torba-bawelniana\/\" \/>\n<meta property=\"og:site_name\" content=\"Sklep Quatronum\" \/>\n<meta property=\"article:modified_time\" content=\"2026-04-22T12:59:46+00:00\" \/>\n<meta property=\"og:image\" content=\"https:\/\/quatronum.pl\/qsklep\/wp-content\/uploads\/2022\/02\/Image1-removebg-preview.png\" \/>\n\t<meta property=\"og:image:width\" content=\"433\" \/>\n\t<meta property=\"og:image:height\" content=\"577\" \/>\n\t<meta property=\"og:image:type\" content=\"image\/png\" \/>\n<meta name=\"twitter:card\" content=\"summary_large_image\" \/>\n<meta name=\"twitter:label1\" content=\"Szacowany czas czytania\" \/>\n\t<meta name=\"twitter:data1\" content=\"1 minuta\" \/>\n<script type=\"application\/ld+json\" class=\"yoast-schema-graph\">{\"@context\":\"https:\/\/schema.org\",\"@graph\":[{\"@type\":\"WebPage\",\"@id\":\"https:\/\/quatronum.pl\/qsklep\/index.php\/produkt\/torba-bawelniana\/\",\"url\":\"https:\/\/quatronum.pl\/qsklep\/index.php\/produkt\/torba-bawelniana\/\",\"name\":\"Torba bawe\u0142niana Quatronum - Sklep Quatronum\",\"isPartOf\":{\"@id\":\"https:\/\/quatronum.pl\/qsklep\/#website\"},\"primaryImageOfPage\":{\"@id\":\"https:\/\/quatronum.pl\/qsklep\/index.php\/produkt\/torba-bawelniana\/#primaryimage\"},\"image\":{\"@id\":\"https:\/\/quatronum.pl\/qsklep\/index.php\/produkt\/torba-bawelniana\/#primaryimage\"},\"thumbnailUrl\":\"https:\/\/quatronum.pl\/qsklep\/wp-content\/uploads\/2022\/02\/Image1-removebg-preview.png\",\"datePublished\":\"2022-02-15T08:12:07+00:00\",\"dateModified\":\"2026-04-22T12:59:46+00:00\",\"description\":\"Wyj\u0105tkowe produkty marki Quatronum posiadaj\u0105ce logo naszej marki. Zosta\u0144 obywatelem naszej krainy i zdob\u0105d\u017a przyjaci\u00f3\u0142.\",\"breadcrumb\":{\"@id\":\"https:\/\/quatronum.pl\/qsklep\/index.php\/produkt\/torba-bawelniana\/#breadcrumb\"},\"inLanguage\":\"pl-PL\",\"potentialAction\":[{\"@type\":\"ReadAction\",\"target\":[\"https:\/\/quatronum.pl\/qsklep\/index.php\/produkt\/torba-bawelniana\/\"]}]},{\"@type\":\"ImageObject\",\"inLanguage\":\"pl-PL\",\"@id\":\"https:\/\/quatronum.pl\/qsklep\/index.php\/produkt\/torba-bawelniana\/#primaryimage\",\"url\":\"https:\/\/quatronum.pl\/qsklep\/wp-content\/uploads\/2022\/02\/Image1-removebg-preview.png\",\"contentUrl\":\"https:\/\/quatronum.pl\/qsklep\/wp-content\/uploads\/2022\/02\/Image1-removebg-preview.png\",\"width\":433,\"height\":577},{\"@type\":\"BreadcrumbList\",\"@id\":\"https:\/\/quatronum.pl\/qsklep\/index.php\/produkt\/torba-bawelniana\/#breadcrumb\",\"itemListElement\":[{\"@type\":\"ListItem\",\"position\":1,\"name\":\"Strona g\u0142\u00f3wna\",\"item\":\"https:\/\/quatronum.pl\/qsklep\/\"},{\"@type\":\"ListItem\",\"position\":2,\"name\":\"Sklep\",\"item\":\"https:\/\/quatronum.pl\/qsklep\/index.php\/sklep\/\"},{\"@type\":\"ListItem\",\"position\":3,\"name\":\"Torba bawe\u0142niana Quatronum\"}]},{\"@type\":\"WebSite\",\"@id\":\"https:\/\/quatronum.pl\/qsklep\/#website\",\"url\":\"https:\/\/quatronum.pl\/qsklep\/\",\"name\":\"Sklep Quatronum\",\"description\":\"Quatronum Sklep\",\"publisher\":{\"@id\":\"https:\/\/quatronum.pl\/qsklep\/#organization\"},\"potentialAction\":[{\"@type\":\"SearchAction\",\"target\":{\"@type\":\"EntryPoint\",\"urlTemplate\":\"https:\/\/quatronum.pl\/qsklep\/?s={search_term_string}\"},\"query-input\":{\"@type\":\"PropertyValueSpecification\",\"valueRequired\":true,\"valueName\":\"search_term_string\"}}],\"inLanguage\":\"pl-PL\"},{\"@type\":\"Organization\",\"@id\":\"https:\/\/quatronum.pl\/qsklep\/#organization\",\"name\":\"Sklep Quatronum\",\"url\":\"https:\/\/quatronum.pl\/qsklep\/\",\"logo\":{\"@type\":\"ImageObject\",\"inLanguage\":\"pl-PL\",\"@id\":\"https:\/\/quatronum.pl\/qsklep\/#\/schema\/logo\/image\/\",\"url\":\"https:\/\/quatronum.pl\/qsklep\/wp-content\/uploads\/2022\/01\/cropped-cropped-logo_male-2.png\",\"contentUrl\":\"https:\/\/quatronum.pl\/qsklep\/wp-content\/uploads\/2022\/01\/cropped-cropped-logo_male-2.png\",\"width\":680,\"height\":250,\"caption\":\"Sklep Quatronum\"},\"image\":{\"@id\":\"https:\/\/quatronum.pl\/qsklep\/#\/schema\/logo\/image\/\"}}]}<\/script>\n<!-- \/ Yoast SEO plugin. -->","yoast_head_json":{"title":"Torba bawe\u0142niana Quatronum - Sklep Quatronum","description":"Wyj\u0105tkowe produkty marki Quatronum posiadaj\u0105ce logo naszej marki. Zosta\u0144 obywatelem naszej krainy i zdob\u0105d\u017a przyjaci\u00f3\u0142.","robots":{"index":"index","follow":"follow","max-snippet":"max-snippet:-1","max-image-preview":"max-image-preview:large","max-video-preview":"max-video-preview:-1"},"canonical":"https:\/\/quatronum.pl\/qsklep\/index.php\/produkt\/torba-bawelniana\/","og_locale":"pl_PL","og_type":"article","og_title":"Torba bawe\u0142niana Quatronum - Sklep Quatronum","og_description":"Wyj\u0105tkowe produkty marki Quatronum posiadaj\u0105ce logo naszej marki. Zosta\u0144 obywatelem naszej krainy i zdob\u0105d\u017a przyjaci\u00f3\u0142.","og_url":"https:\/\/quatronum.pl\/qsklep\/index.php\/produkt\/torba-bawelniana\/","og_site_name":"Sklep Quatronum","article_modified_time":"2026-04-22T12:59:46+00:00","og_image":[{"width":433,"height":577,"url":"https:\/\/quatronum.pl\/qsklep\/wp-content\/uploads\/2022\/02\/Image1-removebg-preview.png","type":"image\/png"}],"twitter_card":"summary_large_image","twitter_misc":{"Szacowany czas czytania":"1 minuta"},"schema":{"@context":"https:\/\/schema.org","@graph":[{"@type":"WebPage","@id":"https:\/\/quatronum.pl\/qsklep\/index.php\/produkt\/torba-bawelniana\/","url":"https:\/\/quatronum.pl\/qsklep\/index.php\/produkt\/torba-bawelniana\/","name":"Torba bawe\u0142niana Quatronum - Sklep Quatronum","isPartOf":{"@id":"https:\/\/quatronum.pl\/qsklep\/#website"},"primaryImageOfPage":{"@id":"https:\/\/quatronum.pl\/qsklep\/index.php\/produkt\/torba-bawelniana\/#primaryimage"},"image":{"@id":"https:\/\/quatronum.pl\/qsklep\/index.php\/produkt\/torba-bawelniana\/#primaryimage"},"thumbnailUrl":"https:\/\/quatronum.pl\/qsklep\/wp-content\/uploads\/2022\/02\/Image1-removebg-preview.png","datePublished":"2022-02-15T08:12:07+00:00","dateModified":"2026-04-22T12:59:46+00:00","description":"Wyj\u0105tkowe produkty marki Quatronum posiadaj\u0105ce logo naszej marki. Zosta\u0144 obywatelem naszej krainy i zdob\u0105d\u017a przyjaci\u00f3\u0142.","breadcrumb":{"@id":"https:\/\/quatronum.pl\/qsklep\/index.php\/produkt\/torba-bawelniana\/#breadcrumb"},"inLanguage":"pl-PL","potentialAction":[{"@type":"ReadAction","target":["https:\/\/quatronum.pl\/qsklep\/index.php\/produkt\/torba-bawelniana\/"]}]},{"@type":"ImageObject","inLanguage":"pl-PL","@id":"https:\/\/quatronum.pl\/qsklep\/index.php\/produkt\/torba-bawelniana\/#primaryimage","url":"https:\/\/quatronum.pl\/qsklep\/wp-content\/uploads\/2022\/02\/Image1-removebg-preview.png","contentUrl":"https:\/\/quatronum.pl\/qsklep\/wp-content\/uploads\/2022\/02\/Image1-removebg-preview.png","width":433,"height":577},{"@type":"BreadcrumbList","@id":"https:\/\/quatronum.pl\/qsklep\/index.php\/produkt\/torba-bawelniana\/#breadcrumb","itemListElement":[{"@type":"ListItem","position":1,"name":"Strona g\u0142\u00f3wna","item":"https:\/\/quatronum.pl\/qsklep\/"},{"@type":"ListItem","position":2,"name":"Sklep","item":"https:\/\/quatronum.pl\/qsklep\/index.php\/sklep\/"},{"@type":"ListItem","position":3,"name":"Torba bawe\u0142niana Quatronum"}]},{"@type":"WebSite","@id":"https:\/\/quatronum.pl\/qsklep\/#website","url":"https:\/\/quatronum.pl\/qsklep\/","name":"Sklep Quatronum","description":"Quatronum Sklep","publisher":{"@id":"https:\/\/quatronum.pl\/qsklep\/#organization"},"potentialAction":[{"@type":"SearchAction","target":{"@type":"EntryPoint","urlTemplate":"https:\/\/quatronum.pl\/qsklep\/?s={search_term_string}"},"query-input":{"@type":"PropertyValueSpecification","valueRequired":true,"valueName":"search_term_string"}}],"inLanguage":"pl-PL"},{"@type":"Organization","@id":"https:\/\/quatronum.pl\/qsklep\/#organization","name":"Sklep Quatronum","url":"https:\/\/quatronum.pl\/qsklep\/","logo":{"@type":"ImageObject","inLanguage":"pl-PL","@id":"https:\/\/quatronum.pl\/qsklep\/#\/schema\/logo\/image\/","url":"https:\/\/quatronum.pl\/qsklep\/wp-content\/uploads\/2022\/01\/cropped-cropped-logo_male-2.png","contentUrl":"https:\/\/quatronum.pl\/qsklep\/wp-content\/uploads\/2022\/01\/cropped-cropped-logo_male-2.png","width":680,"height":250,"caption":"Sklep Quatronum"},"image":{"@id":"https:\/\/quatronum.pl\/qsklep\/#\/schema\/logo\/image\/"}}]}},"jetpack_sharing_enabled":true,"_links":{"self":[{"href":"https:\/\/quatronum.pl\/qsklep\/index.php\/wp-json\/wp\/v2\/product\/516","targetHints":{"allow":["GET"]}}],"collection":[{"href":"https:\/\/quatronum.pl\/qsklep\/index.php\/wp-json\/wp\/v2\/product"}],"about":[{"href":"https:\/\/quatronum.pl\/qsklep\/index.php\/wp-json\/wp\/v2\/types\/product"}],"replies":[{"embeddable":true,"href":"https:\/\/quatronum.pl\/qsklep\/index.php\/wp-json\/wp\/v2\/comments?post=516"}],"wp:featuredmedia":[{"embeddable":true,"href":"https:\/\/quatronum.pl\/qsklep\/index.php\/wp-json\/wp\/v2\/media\/517"}],"wp:attachment":[{"href":"https:\/\/quatronum.pl\/qsklep\/index.php\/wp-json\/wp\/v2\/media?parent=516"}],"wp:term":[{"taxonomy":"product_brand","embeddable":true,"href":"https:\/\/quatronum.pl\/qsklep\/index.php\/wp-json\/wp\/v2\/product_brand?post=516"},{"taxonomy":"product_cat","embeddable":true,"href":"https:\/\/quatronum.pl\/qsklep\/index.php\/wp-json\/wp\/v2\/product_cat?post=516"},{"taxonomy":"product_tag","embeddable":true,"href":"https:\/\/quatronum.pl\/qsklep\/index.php\/wp-json\/wp\/v2\/product_tag?post=516"}],"curies":[{"name":"wp","href":"https:\/\/api.w.org\/{rel}","templated":true}]}}