{"id":479,"date":"2022-02-14T14:23:43","date_gmt":"2022-02-14T13:23:43","guid":{"rendered":"https:\/\/quatronum.pl\/qsklep\/?post_type=product&#038;p=479"},"modified":"2024-12-10T12:16:51","modified_gmt":"2024-12-10T11:16:51","slug":"zakladka-do-ksiazki-z-logo-gravitas","status":"publish","type":"product","link":"https:\/\/quatronum.pl\/qsklep\/index.php\/produkt\/zakladka-do-ksiazki-z-logo-gravitas\/","title":{"rendered":"Zak\u0142adka do ksi\u0105\u017cki z logo Gravitas"},"content":{"rendered":"<h1 class=\"name\">Zak\u0142adka do ksi\u0105\u017cki z logo Gravitas<\/h1>\n<p>Zak\u0142adka do ksi\u0105\u017cek ozdobiona z jednej strony herbem domu Gravitas, z drugiej strony znajduje si\u0119 logo krainy Quatronum.<\/p>\n<p>Nadruk zak\u0142adki wykonany technik\u0105 metalizy.<\/p>\n<p>Wymiary:<\/p>\n<p>Szeroko\u015b\u0107: 50mm<br \/>\nWysoko\u015b\u0107: 148mm<\/p>\n<p>Kolory na zdj\u0119ciach mog\u0105 odbiega\u0107 od kolor\u00f3w zak\u0142adki w rzeczywisto\u015bci.<\/p>\n","protected":false},"excerpt":{"rendered":"<p>Zak\u0142adka do ksi\u0105\u017cek ozdobiona z jednej strony herbem domu Gravitas, z drugiej strony znajduje si\u0119 logo krainy Quatronum.<\/p>\n<p>Nadruk zak\u0142adki wykonany technik\u0105 metalizy.<\/p>\n","protected":false},"featured_media":480,"comment_status":"open","ping_status":"closed","template":"","meta":[],"product_brand":[],"product_cat":[24,64],"product_tag":[53,63,71],"class_list":{"0":"post-479","1":"product","2":"type-product","3":"status-publish","4":"has-post-thumbnail","6":"product_cat-akcesoria","7":"product_cat-gravitas","8":"product_tag-gravitas","9":"product_tag-zakladka","10":"product_tag-zakladka-do-ksiazki","12":"first","13":"instock","14":"shipping-taxable","15":"purchasable","16":"product-type-simple"},"yoast_head":"<!-- This site is optimized with the Yoast SEO plugin v25.0 - https:\/\/yoast.com\/wordpress\/plugins\/seo\/ -->\n<title>Zak\u0142adka do ksi\u0105\u017cki z logo Gravitas - Sklep Quatronum<\/title>\n<meta name=\"description\" content=\"Wyj\u0105tkowe produkty marki Quatronum posiadaj\u0105ce logo naszej marki. Sprawd\u017a w sklepie, czym mo\u017cesz si\u0119 wyr\u00f3\u017cni\u0107 i b\u0105d\u017a magiczny jak my!\" \/>\n<meta name=\"robots\" content=\"index, follow, max-snippet:-1, max-image-preview:large, max-video-preview:-1\" \/>\n<link rel=\"canonical\" href=\"https:\/\/quatronum.pl\/qsklep\/index.php\/produkt\/zakladka-do-ksiazki-z-logo-gravitas\/\" \/>\n<meta property=\"og:locale\" content=\"pl_PL\" \/>\n<meta property=\"og:type\" content=\"article\" \/>\n<meta property=\"og:title\" content=\"Zak\u0142adka do ksi\u0105\u017cki z logo Gravitas - Sklep Quatronum\" \/>\n<meta property=\"og:description\" content=\"Wyj\u0105tkowe produkty marki Quatronum posiadaj\u0105ce logo naszej marki. Sprawd\u017a w sklepie, czym mo\u017cesz si\u0119 wyr\u00f3\u017cni\u0107 i b\u0105d\u017a magiczny jak my!\" \/>\n<meta property=\"og:url\" content=\"https:\/\/quatronum.pl\/qsklep\/index.php\/produkt\/zakladka-do-ksiazki-z-logo-gravitas\/\" \/>\n<meta property=\"og:site_name\" content=\"Sklep Quatronum\" \/>\n<meta property=\"article:modified_time\" content=\"2024-12-10T11:16:51+00:00\" \/>\n<meta property=\"og:image\" content=\"https:\/\/quatronum.pl\/qsklep\/wp-content\/uploads\/2022\/02\/DSC_1773-removebg-preview.png\" \/>\n\t<meta property=\"og:image:width\" content=\"408\" \/>\n\t<meta property=\"og:image:height\" content=\"611\" \/>\n\t<meta property=\"og:image:type\" content=\"image\/png\" \/>\n<meta name=\"twitter:card\" content=\"summary_large_image\" \/>\n<meta name=\"twitter:label1\" content=\"Szacowany czas czytania\" \/>\n\t<meta name=\"twitter:data1\" content=\"1 minuta\" \/>\n<script type=\"application\/ld+json\" class=\"yoast-schema-graph\">{\"@context\":\"https:\/\/schema.org\",\"@graph\":[{\"@type\":\"WebPage\",\"@id\":\"https:\/\/quatronum.pl\/qsklep\/index.php\/produkt\/zakladka-do-ksiazki-z-logo-gravitas\/\",\"url\":\"https:\/\/quatronum.pl\/qsklep\/index.php\/produkt\/zakladka-do-ksiazki-z-logo-gravitas\/\",\"name\":\"Zak\u0142adka do ksi\u0105\u017cki z logo Gravitas - Sklep Quatronum\",\"isPartOf\":{\"@id\":\"https:\/\/quatronum.pl\/qsklep\/#website\"},\"primaryImageOfPage\":{\"@id\":\"https:\/\/quatronum.pl\/qsklep\/index.php\/produkt\/zakladka-do-ksiazki-z-logo-gravitas\/#primaryimage\"},\"image\":{\"@id\":\"https:\/\/quatronum.pl\/qsklep\/index.php\/produkt\/zakladka-do-ksiazki-z-logo-gravitas\/#primaryimage\"},\"thumbnailUrl\":\"https:\/\/quatronum.pl\/qsklep\/wp-content\/uploads\/2022\/02\/DSC_1773-removebg-preview.png\",\"datePublished\":\"2022-02-14T13:23:43+00:00\",\"dateModified\":\"2024-12-10T11:16:51+00:00\",\"description\":\"Wyj\u0105tkowe produkty marki Quatronum posiadaj\u0105ce logo naszej marki. Sprawd\u017a w sklepie, czym mo\u017cesz si\u0119 wyr\u00f3\u017cni\u0107 i b\u0105d\u017a magiczny jak my!\",\"breadcrumb\":{\"@id\":\"https:\/\/quatronum.pl\/qsklep\/index.php\/produkt\/zakladka-do-ksiazki-z-logo-gravitas\/#breadcrumb\"},\"inLanguage\":\"pl-PL\",\"potentialAction\":[{\"@type\":\"ReadAction\",\"target\":[\"https:\/\/quatronum.pl\/qsklep\/index.php\/produkt\/zakladka-do-ksiazki-z-logo-gravitas\/\"]}]},{\"@type\":\"ImageObject\",\"inLanguage\":\"pl-PL\",\"@id\":\"https:\/\/quatronum.pl\/qsklep\/index.php\/produkt\/zakladka-do-ksiazki-z-logo-gravitas\/#primaryimage\",\"url\":\"https:\/\/quatronum.pl\/qsklep\/wp-content\/uploads\/2022\/02\/DSC_1773-removebg-preview.png\",\"contentUrl\":\"https:\/\/quatronum.pl\/qsklep\/wp-content\/uploads\/2022\/02\/DSC_1773-removebg-preview.png\",\"width\":408,\"height\":611},{\"@type\":\"BreadcrumbList\",\"@id\":\"https:\/\/quatronum.pl\/qsklep\/index.php\/produkt\/zakladka-do-ksiazki-z-logo-gravitas\/#breadcrumb\",\"itemListElement\":[{\"@type\":\"ListItem\",\"position\":1,\"name\":\"Strona g\u0142\u00f3wna\",\"item\":\"https:\/\/quatronum.pl\/qsklep\/\"},{\"@type\":\"ListItem\",\"position\":2,\"name\":\"Sklep\",\"item\":\"https:\/\/quatronum.pl\/qsklep\/index.php\/sklep\/\"},{\"@type\":\"ListItem\",\"position\":3,\"name\":\"Zak\u0142adka do ksi\u0105\u017cki z logo Gravitas\"}]},{\"@type\":\"WebSite\",\"@id\":\"https:\/\/quatronum.pl\/qsklep\/#website\",\"url\":\"https:\/\/quatronum.pl\/qsklep\/\",\"name\":\"Sklep Quatronum\",\"description\":\"Quatronum Sklep\",\"publisher\":{\"@id\":\"https:\/\/quatronum.pl\/qsklep\/#organization\"},\"potentialAction\":[{\"@type\":\"SearchAction\",\"target\":{\"@type\":\"EntryPoint\",\"urlTemplate\":\"https:\/\/quatronum.pl\/qsklep\/?s={search_term_string}\"},\"query-input\":{\"@type\":\"PropertyValueSpecification\",\"valueRequired\":true,\"valueName\":\"search_term_string\"}}],\"inLanguage\":\"pl-PL\"},{\"@type\":\"Organization\",\"@id\":\"https:\/\/quatronum.pl\/qsklep\/#organization\",\"name\":\"Sklep Quatronum\",\"url\":\"https:\/\/quatronum.pl\/qsklep\/\",\"logo\":{\"@type\":\"ImageObject\",\"inLanguage\":\"pl-PL\",\"@id\":\"https:\/\/quatronum.pl\/qsklep\/#\/schema\/logo\/image\/\",\"url\":\"https:\/\/quatronum.pl\/qsklep\/wp-content\/uploads\/2022\/01\/cropped-cropped-logo_male-2.png\",\"contentUrl\":\"https:\/\/quatronum.pl\/qsklep\/wp-content\/uploads\/2022\/01\/cropped-cropped-logo_male-2.png\",\"width\":680,\"height\":250,\"caption\":\"Sklep Quatronum\"},\"image\":{\"@id\":\"https:\/\/quatronum.pl\/qsklep\/#\/schema\/logo\/image\/\"}}]}<\/script>\n<!-- \/ Yoast SEO plugin. -->","yoast_head_json":{"title":"Zak\u0142adka do ksi\u0105\u017cki z logo Gravitas - Sklep Quatronum","description":"Wyj\u0105tkowe produkty marki Quatronum posiadaj\u0105ce logo naszej marki. Sprawd\u017a w sklepie, czym mo\u017cesz si\u0119 wyr\u00f3\u017cni\u0107 i b\u0105d\u017a magiczny jak my!","robots":{"index":"index","follow":"follow","max-snippet":"max-snippet:-1","max-image-preview":"max-image-preview:large","max-video-preview":"max-video-preview:-1"},"canonical":"https:\/\/quatronum.pl\/qsklep\/index.php\/produkt\/zakladka-do-ksiazki-z-logo-gravitas\/","og_locale":"pl_PL","og_type":"article","og_title":"Zak\u0142adka do ksi\u0105\u017cki z logo Gravitas - Sklep Quatronum","og_description":"Wyj\u0105tkowe produkty marki Quatronum posiadaj\u0105ce logo naszej marki. Sprawd\u017a w sklepie, czym mo\u017cesz si\u0119 wyr\u00f3\u017cni\u0107 i b\u0105d\u017a magiczny jak my!","og_url":"https:\/\/quatronum.pl\/qsklep\/index.php\/produkt\/zakladka-do-ksiazki-z-logo-gravitas\/","og_site_name":"Sklep Quatronum","article_modified_time":"2024-12-10T11:16:51+00:00","og_image":[{"width":408,"height":611,"url":"https:\/\/quatronum.pl\/qsklep\/wp-content\/uploads\/2022\/02\/DSC_1773-removebg-preview.png","type":"image\/png"}],"twitter_card":"summary_large_image","twitter_misc":{"Szacowany czas czytania":"1 minuta"},"schema":{"@context":"https:\/\/schema.org","@graph":[{"@type":"WebPage","@id":"https:\/\/quatronum.pl\/qsklep\/index.php\/produkt\/zakladka-do-ksiazki-z-logo-gravitas\/","url":"https:\/\/quatronum.pl\/qsklep\/index.php\/produkt\/zakladka-do-ksiazki-z-logo-gravitas\/","name":"Zak\u0142adka do ksi\u0105\u017cki z logo Gravitas - Sklep Quatronum","isPartOf":{"@id":"https:\/\/quatronum.pl\/qsklep\/#website"},"primaryImageOfPage":{"@id":"https:\/\/quatronum.pl\/qsklep\/index.php\/produkt\/zakladka-do-ksiazki-z-logo-gravitas\/#primaryimage"},"image":{"@id":"https:\/\/quatronum.pl\/qsklep\/index.php\/produkt\/zakladka-do-ksiazki-z-logo-gravitas\/#primaryimage"},"thumbnailUrl":"https:\/\/quatronum.pl\/qsklep\/wp-content\/uploads\/2022\/02\/DSC_1773-removebg-preview.png","datePublished":"2022-02-14T13:23:43+00:00","dateModified":"2024-12-10T11:16:51+00:00","description":"Wyj\u0105tkowe produkty marki Quatronum posiadaj\u0105ce logo naszej marki. Sprawd\u017a w sklepie, czym mo\u017cesz si\u0119 wyr\u00f3\u017cni\u0107 i b\u0105d\u017a magiczny jak my!","breadcrumb":{"@id":"https:\/\/quatronum.pl\/qsklep\/index.php\/produkt\/zakladka-do-ksiazki-z-logo-gravitas\/#breadcrumb"},"inLanguage":"pl-PL","potentialAction":[{"@type":"ReadAction","target":["https:\/\/quatronum.pl\/qsklep\/index.php\/produkt\/zakladka-do-ksiazki-z-logo-gravitas\/"]}]},{"@type":"ImageObject","inLanguage":"pl-PL","@id":"https:\/\/quatronum.pl\/qsklep\/index.php\/produkt\/zakladka-do-ksiazki-z-logo-gravitas\/#primaryimage","url":"https:\/\/quatronum.pl\/qsklep\/wp-content\/uploads\/2022\/02\/DSC_1773-removebg-preview.png","contentUrl":"https:\/\/quatronum.pl\/qsklep\/wp-content\/uploads\/2022\/02\/DSC_1773-removebg-preview.png","width":408,"height":611},{"@type":"BreadcrumbList","@id":"https:\/\/quatronum.pl\/qsklep\/index.php\/produkt\/zakladka-do-ksiazki-z-logo-gravitas\/#breadcrumb","itemListElement":[{"@type":"ListItem","position":1,"name":"Strona g\u0142\u00f3wna","item":"https:\/\/quatronum.pl\/qsklep\/"},{"@type":"ListItem","position":2,"name":"Sklep","item":"https:\/\/quatronum.pl\/qsklep\/index.php\/sklep\/"},{"@type":"ListItem","position":3,"name":"Zak\u0142adka do ksi\u0105\u017cki z logo Gravitas"}]},{"@type":"WebSite","@id":"https:\/\/quatronum.pl\/qsklep\/#website","url":"https:\/\/quatronum.pl\/qsklep\/","name":"Sklep Quatronum","description":"Quatronum Sklep","publisher":{"@id":"https:\/\/quatronum.pl\/qsklep\/#organization"},"potentialAction":[{"@type":"SearchAction","target":{"@type":"EntryPoint","urlTemplate":"https:\/\/quatronum.pl\/qsklep\/?s={search_term_string}"},"query-input":{"@type":"PropertyValueSpecification","valueRequired":true,"valueName":"search_term_string"}}],"inLanguage":"pl-PL"},{"@type":"Organization","@id":"https:\/\/quatronum.pl\/qsklep\/#organization","name":"Sklep Quatronum","url":"https:\/\/quatronum.pl\/qsklep\/","logo":{"@type":"ImageObject","inLanguage":"pl-PL","@id":"https:\/\/quatronum.pl\/qsklep\/#\/schema\/logo\/image\/","url":"https:\/\/quatronum.pl\/qsklep\/wp-content\/uploads\/2022\/01\/cropped-cropped-logo_male-2.png","contentUrl":"https:\/\/quatronum.pl\/qsklep\/wp-content\/uploads\/2022\/01\/cropped-cropped-logo_male-2.png","width":680,"height":250,"caption":"Sklep Quatronum"},"image":{"@id":"https:\/\/quatronum.pl\/qsklep\/#\/schema\/logo\/image\/"}}]}},"jetpack_sharing_enabled":true,"_links":{"self":[{"href":"https:\/\/quatronum.pl\/qsklep\/index.php\/wp-json\/wp\/v2\/product\/479","targetHints":{"allow":["GET"]}}],"collection":[{"href":"https:\/\/quatronum.pl\/qsklep\/index.php\/wp-json\/wp\/v2\/product"}],"about":[{"href":"https:\/\/quatronum.pl\/qsklep\/index.php\/wp-json\/wp\/v2\/types\/product"}],"replies":[{"embeddable":true,"href":"https:\/\/quatronum.pl\/qsklep\/index.php\/wp-json\/wp\/v2\/comments?post=479"}],"wp:featuredmedia":[{"embeddable":true,"href":"https:\/\/quatronum.pl\/qsklep\/index.php\/wp-json\/wp\/v2\/media\/480"}],"wp:attachment":[{"href":"https:\/\/quatronum.pl\/qsklep\/index.php\/wp-json\/wp\/v2\/media?parent=479"}],"wp:term":[{"taxonomy":"product_brand","embeddable":true,"href":"https:\/\/quatronum.pl\/qsklep\/index.php\/wp-json\/wp\/v2\/product_brand?post=479"},{"taxonomy":"product_cat","embeddable":true,"href":"https:\/\/quatronum.pl\/qsklep\/index.php\/wp-json\/wp\/v2\/product_cat?post=479"},{"taxonomy":"product_tag","embeddable":true,"href":"https:\/\/quatronum.pl\/qsklep\/index.php\/wp-json\/wp\/v2\/product_tag?post=479"}],"curies":[{"name":"wp","href":"https:\/\/api.w.org\/{rel}","templated":true}]}}