{"id":387,"date":"2022-01-20T09:27:06","date_gmt":"2022-01-20T08:27:06","guid":{"rendered":"https:\/\/quatronum.pl\/qsklep\/?post_type=product&#038;p=387"},"modified":"2025-08-15T17:33:57","modified_gmt":"2025-08-15T15:33:57","slug":"koszulka-szuum-stoop","status":"publish","type":"product","link":"https:\/\/quatronum.pl\/qsklep\/index.php\/produkt\/koszulka-szuum-stoop\/","title":{"rendered":"Koszulka &#8222;Szuum Stoop&#8221;"},"content":{"rendered":"<div class=\"boxhead\">\n<h3>OPIS<\/h3>\n<\/div>\n<div class=\"innerbox\">\n<div class=\"resetcss\">\n<h1 class=\"name\">Koszulka &#8222;Szuum Stoop&#8221;<\/h1>\n<p>100% bawe\u0142na stabilizowana.<br \/>\nGramatura: 170g<\/p>\n<p>Koszulka w rzeczywisto\u015bci mo\u017ce si\u0119 nieznacznie r\u00f3\u017cni\u0107 od pokazanej na zdj\u0119ciu, tak\u017ce kolorem.<\/p>\n<p><em>Prosimy o zwr\u00f3cenie uwagi na odpowiedni kod rozmiaru koszulki wed\u0142ug tabeli poni\u017cej:<\/em><\/p>\n<table>\n<tbody>\n<tr>\n<td width=\"154\">Rozmiar\u00f3wka damska<\/td>\n<td>S<\/td>\n<td>M<\/td>\n<td>L<\/td>\n<td>XL<\/td>\n<\/tr>\n<tr>\n<td width=\"154\"><\/td>\n<td width=\"117\"><\/td>\n<td width=\"112\"><\/td>\n<td width=\"103\"><\/td>\n<td width=\"104\"><\/td>\n<\/tr>\n<tr>\n<td width=\"154\">szeroko\u015b\u0107 (cm)<\/td>\n<td width=\"117\">42<\/td>\n<td width=\"112\">44<\/td>\n<td width=\"103\">46<\/td>\n<td width=\"104\">48<\/td>\n<\/tr>\n<tr>\n<td width=\"154\">d\u0142ugo\u015b\u0107 (cm)<\/td>\n<td width=\"117\">62<\/td>\n<td width=\"112\">62,5<\/td>\n<td width=\"103\">64<\/td>\n<td width=\"104\">66<\/td>\n<\/tr>\n<\/tbody>\n<\/table>\n<p>&nbsp;<\/p>\n<table>\n<tbody>\n<tr>\n<td width=\"154\">Rozmiar\u00f3wka m\u0119ska<\/td>\n<td>XS<\/td>\n<td>S<\/td>\n<td>M<\/td>\n<td>L<\/td>\n<td>XL<\/td>\n<\/tr>\n<tr>\n<td width=\"154\"><\/td>\n<td width=\"117\"><\/td>\n<td width=\"112\"><\/td>\n<td width=\"103\"><\/td>\n<td width=\"105\"><\/td>\n<td width=\"108\"><\/td>\n<\/tr>\n<tr>\n<td width=\"154\">szeroko\u015b\u0107 (cm)<\/td>\n<td width=\"117\">48<\/td>\n<td width=\"112\">51<\/td>\n<td width=\"103\">53,5<\/td>\n<td width=\"105\">56<\/td>\n<td width=\"108\">58<\/td>\n<\/tr>\n<tr>\n<td width=\"154\">d\u0142ugo\u015b\u0107 (cm)<\/td>\n<td width=\"117\">68<\/td>\n<td width=\"112\">70<\/td>\n<td width=\"103\">72<\/td>\n<td width=\"105\">74<\/td>\n<td width=\"108\">76<\/td>\n<\/tr>\n<\/tbody>\n<\/table>\n<\/div>\n<\/div>\n","protected":false},"excerpt":{"rendered":"<p><strong>Unikalna koszulka z nadrukiem &#8222;Szuum-Stoop&#8221;<\/strong><\/p>\n","protected":false},"featured_media":389,"comment_status":"open","ping_status":"closed","template":"","meta":[],"product_brand":[],"product_cat":[35],"product_tag":[37,38,39,36],"class_list":{"0":"post-387","1":"product","2":"type-product","3":"status-publish","4":"has-post-thumbnail","6":"product_cat-odziez","7":"product_tag-koszulka","8":"product_tag-koszulka-damska","9":"product_tag-koszulka-meska","10":"product_tag-koszulki","12":"first","13":"instock","14":"sale","15":"shipping-taxable","16":"purchasable","17":"product-type-variable"},"yoast_head":"<!-- This site is optimized with the Yoast SEO plugin v25.0 - https:\/\/yoast.com\/wordpress\/plugins\/seo\/ -->\n<title>Koszulka &quot;Szuum Stoop&quot; - Sklep Quatronum<\/title>\n<meta name=\"description\" content=\"Unikalna koszulka z nadrukiem &quot;Szuum-Stoop&quot;. Najlepsze kolonie tematyczne dla dzieci i m\u0142odzie\u017cy w Polskich zamkach.\" \/>\n<meta name=\"robots\" content=\"index, follow, max-snippet:-1, max-image-preview:large, max-video-preview:-1\" \/>\n<link rel=\"canonical\" href=\"https:\/\/quatronum.pl\/qsklep\/index.php\/produkt\/koszulka-szuum-stoop\/\" \/>\n<meta property=\"og:locale\" content=\"pl_PL\" \/>\n<meta property=\"og:type\" content=\"article\" \/>\n<meta property=\"og:title\" content=\"Koszulka &quot;Szuum Stoop&quot; - Sklep Quatronum\" \/>\n<meta property=\"og:description\" content=\"Unikalna koszulka z nadrukiem &quot;Szuum-Stoop&quot;. Najlepsze kolonie tematyczne dla dzieci i m\u0142odzie\u017cy w Polskich zamkach.\" \/>\n<meta property=\"og:url\" content=\"https:\/\/quatronum.pl\/qsklep\/index.php\/produkt\/koszulka-szuum-stoop\/\" \/>\n<meta property=\"og:site_name\" content=\"Sklep Quatronum\" \/>\n<meta property=\"article:modified_time\" content=\"2025-08-15T15:33:57+00:00\" \/>\n<meta property=\"og:image\" content=\"https:\/\/quatronum.pl\/qsklep\/wp-content\/uploads\/2022\/01\/500_500_productGfx_172.jpeg\" \/>\n\t<meta property=\"og:image:width\" content=\"500\" \/>\n\t<meta property=\"og:image:height\" content=\"333\" \/>\n\t<meta property=\"og:image:type\" content=\"image\/jpeg\" \/>\n<meta name=\"twitter:card\" content=\"summary_large_image\" \/>\n<meta name=\"twitter:label1\" content=\"Szacowany czas czytania\" \/>\n\t<meta name=\"twitter:data1\" content=\"1 minuta\" \/>\n<script type=\"application\/ld+json\" class=\"yoast-schema-graph\">{\"@context\":\"https:\/\/schema.org\",\"@graph\":[{\"@type\":\"WebPage\",\"@id\":\"https:\/\/quatronum.pl\/qsklep\/index.php\/produkt\/koszulka-szuum-stoop\/\",\"url\":\"https:\/\/quatronum.pl\/qsklep\/index.php\/produkt\/koszulka-szuum-stoop\/\",\"name\":\"Koszulka \\\"Szuum Stoop\\\" - Sklep Quatronum\",\"isPartOf\":{\"@id\":\"https:\/\/quatronum.pl\/qsklep\/#website\"},\"primaryImageOfPage\":{\"@id\":\"https:\/\/quatronum.pl\/qsklep\/index.php\/produkt\/koszulka-szuum-stoop\/#primaryimage\"},\"image\":{\"@id\":\"https:\/\/quatronum.pl\/qsklep\/index.php\/produkt\/koszulka-szuum-stoop\/#primaryimage\"},\"thumbnailUrl\":\"https:\/\/quatronum.pl\/qsklep\/wp-content\/uploads\/2022\/01\/500_500_productGfx_172.jpeg\",\"datePublished\":\"2022-01-20T08:27:06+00:00\",\"dateModified\":\"2025-08-15T15:33:57+00:00\",\"description\":\"Unikalna koszulka z nadrukiem \\\"Szuum-Stoop\\\". Najlepsze kolonie tematyczne dla dzieci i m\u0142odzie\u017cy w Polskich zamkach.\",\"breadcrumb\":{\"@id\":\"https:\/\/quatronum.pl\/qsklep\/index.php\/produkt\/koszulka-szuum-stoop\/#breadcrumb\"},\"inLanguage\":\"pl-PL\",\"potentialAction\":[{\"@type\":\"ReadAction\",\"target\":[\"https:\/\/quatronum.pl\/qsklep\/index.php\/produkt\/koszulka-szuum-stoop\/\"]}]},{\"@type\":\"ImageObject\",\"inLanguage\":\"pl-PL\",\"@id\":\"https:\/\/quatronum.pl\/qsklep\/index.php\/produkt\/koszulka-szuum-stoop\/#primaryimage\",\"url\":\"https:\/\/quatronum.pl\/qsklep\/wp-content\/uploads\/2022\/01\/500_500_productGfx_172.jpeg\",\"contentUrl\":\"https:\/\/quatronum.pl\/qsklep\/wp-content\/uploads\/2022\/01\/500_500_productGfx_172.jpeg\",\"width\":500,\"height\":333},{\"@type\":\"BreadcrumbList\",\"@id\":\"https:\/\/quatronum.pl\/qsklep\/index.php\/produkt\/koszulka-szuum-stoop\/#breadcrumb\",\"itemListElement\":[{\"@type\":\"ListItem\",\"position\":1,\"name\":\"Strona g\u0142\u00f3wna\",\"item\":\"https:\/\/quatronum.pl\/qsklep\/\"},{\"@type\":\"ListItem\",\"position\":2,\"name\":\"Sklep\",\"item\":\"https:\/\/quatronum.pl\/qsklep\/index.php\/sklep\/\"},{\"@type\":\"ListItem\",\"position\":3,\"name\":\"Koszulka &#8222;Szuum Stoop&#8221;\"}]},{\"@type\":\"WebSite\",\"@id\":\"https:\/\/quatronum.pl\/qsklep\/#website\",\"url\":\"https:\/\/quatronum.pl\/qsklep\/\",\"name\":\"Sklep Quatronum\",\"description\":\"Quatronum Sklep\",\"publisher\":{\"@id\":\"https:\/\/quatronum.pl\/qsklep\/#organization\"},\"potentialAction\":[{\"@type\":\"SearchAction\",\"target\":{\"@type\":\"EntryPoint\",\"urlTemplate\":\"https:\/\/quatronum.pl\/qsklep\/?s={search_term_string}\"},\"query-input\":{\"@type\":\"PropertyValueSpecification\",\"valueRequired\":true,\"valueName\":\"search_term_string\"}}],\"inLanguage\":\"pl-PL\"},{\"@type\":\"Organization\",\"@id\":\"https:\/\/quatronum.pl\/qsklep\/#organization\",\"name\":\"Sklep Quatronum\",\"url\":\"https:\/\/quatronum.pl\/qsklep\/\",\"logo\":{\"@type\":\"ImageObject\",\"inLanguage\":\"pl-PL\",\"@id\":\"https:\/\/quatronum.pl\/qsklep\/#\/schema\/logo\/image\/\",\"url\":\"https:\/\/quatronum.pl\/qsklep\/wp-content\/uploads\/2022\/01\/cropped-cropped-logo_male-2.png\",\"contentUrl\":\"https:\/\/quatronum.pl\/qsklep\/wp-content\/uploads\/2022\/01\/cropped-cropped-logo_male-2.png\",\"width\":680,\"height\":250,\"caption\":\"Sklep Quatronum\"},\"image\":{\"@id\":\"https:\/\/quatronum.pl\/qsklep\/#\/schema\/logo\/image\/\"}}]}<\/script>\n<!-- \/ Yoast SEO plugin. -->","yoast_head_json":{"title":"Koszulka \"Szuum Stoop\" - Sklep Quatronum","description":"Unikalna koszulka z nadrukiem \"Szuum-Stoop\". Najlepsze kolonie tematyczne dla dzieci i m\u0142odzie\u017cy w Polskich zamkach.","robots":{"index":"index","follow":"follow","max-snippet":"max-snippet:-1","max-image-preview":"max-image-preview:large","max-video-preview":"max-video-preview:-1"},"canonical":"https:\/\/quatronum.pl\/qsklep\/index.php\/produkt\/koszulka-szuum-stoop\/","og_locale":"pl_PL","og_type":"article","og_title":"Koszulka \"Szuum Stoop\" - Sklep Quatronum","og_description":"Unikalna koszulka z nadrukiem \"Szuum-Stoop\". Najlepsze kolonie tematyczne dla dzieci i m\u0142odzie\u017cy w Polskich zamkach.","og_url":"https:\/\/quatronum.pl\/qsklep\/index.php\/produkt\/koszulka-szuum-stoop\/","og_site_name":"Sklep Quatronum","article_modified_time":"2025-08-15T15:33:57+00:00","og_image":[{"width":500,"height":333,"url":"https:\/\/quatronum.pl\/qsklep\/wp-content\/uploads\/2022\/01\/500_500_productGfx_172.jpeg","type":"image\/jpeg"}],"twitter_card":"summary_large_image","twitter_misc":{"Szacowany czas czytania":"1 minuta"},"schema":{"@context":"https:\/\/schema.org","@graph":[{"@type":"WebPage","@id":"https:\/\/quatronum.pl\/qsklep\/index.php\/produkt\/koszulka-szuum-stoop\/","url":"https:\/\/quatronum.pl\/qsklep\/index.php\/produkt\/koszulka-szuum-stoop\/","name":"Koszulka \"Szuum Stoop\" - Sklep Quatronum","isPartOf":{"@id":"https:\/\/quatronum.pl\/qsklep\/#website"},"primaryImageOfPage":{"@id":"https:\/\/quatronum.pl\/qsklep\/index.php\/produkt\/koszulka-szuum-stoop\/#primaryimage"},"image":{"@id":"https:\/\/quatronum.pl\/qsklep\/index.php\/produkt\/koszulka-szuum-stoop\/#primaryimage"},"thumbnailUrl":"https:\/\/quatronum.pl\/qsklep\/wp-content\/uploads\/2022\/01\/500_500_productGfx_172.jpeg","datePublished":"2022-01-20T08:27:06+00:00","dateModified":"2025-08-15T15:33:57+00:00","description":"Unikalna koszulka z nadrukiem \"Szuum-Stoop\". Najlepsze kolonie tematyczne dla dzieci i m\u0142odzie\u017cy w Polskich zamkach.","breadcrumb":{"@id":"https:\/\/quatronum.pl\/qsklep\/index.php\/produkt\/koszulka-szuum-stoop\/#breadcrumb"},"inLanguage":"pl-PL","potentialAction":[{"@type":"ReadAction","target":["https:\/\/quatronum.pl\/qsklep\/index.php\/produkt\/koszulka-szuum-stoop\/"]}]},{"@type":"ImageObject","inLanguage":"pl-PL","@id":"https:\/\/quatronum.pl\/qsklep\/index.php\/produkt\/koszulka-szuum-stoop\/#primaryimage","url":"https:\/\/quatronum.pl\/qsklep\/wp-content\/uploads\/2022\/01\/500_500_productGfx_172.jpeg","contentUrl":"https:\/\/quatronum.pl\/qsklep\/wp-content\/uploads\/2022\/01\/500_500_productGfx_172.jpeg","width":500,"height":333},{"@type":"BreadcrumbList","@id":"https:\/\/quatronum.pl\/qsklep\/index.php\/produkt\/koszulka-szuum-stoop\/#breadcrumb","itemListElement":[{"@type":"ListItem","position":1,"name":"Strona g\u0142\u00f3wna","item":"https:\/\/quatronum.pl\/qsklep\/"},{"@type":"ListItem","position":2,"name":"Sklep","item":"https:\/\/quatronum.pl\/qsklep\/index.php\/sklep\/"},{"@type":"ListItem","position":3,"name":"Koszulka &#8222;Szuum Stoop&#8221;"}]},{"@type":"WebSite","@id":"https:\/\/quatronum.pl\/qsklep\/#website","url":"https:\/\/quatronum.pl\/qsklep\/","name":"Sklep Quatronum","description":"Quatronum Sklep","publisher":{"@id":"https:\/\/quatronum.pl\/qsklep\/#organization"},"potentialAction":[{"@type":"SearchAction","target":{"@type":"EntryPoint","urlTemplate":"https:\/\/quatronum.pl\/qsklep\/?s={search_term_string}"},"query-input":{"@type":"PropertyValueSpecification","valueRequired":true,"valueName":"search_term_string"}}],"inLanguage":"pl-PL"},{"@type":"Organization","@id":"https:\/\/quatronum.pl\/qsklep\/#organization","name":"Sklep Quatronum","url":"https:\/\/quatronum.pl\/qsklep\/","logo":{"@type":"ImageObject","inLanguage":"pl-PL","@id":"https:\/\/quatronum.pl\/qsklep\/#\/schema\/logo\/image\/","url":"https:\/\/quatronum.pl\/qsklep\/wp-content\/uploads\/2022\/01\/cropped-cropped-logo_male-2.png","contentUrl":"https:\/\/quatronum.pl\/qsklep\/wp-content\/uploads\/2022\/01\/cropped-cropped-logo_male-2.png","width":680,"height":250,"caption":"Sklep Quatronum"},"image":{"@id":"https:\/\/quatronum.pl\/qsklep\/#\/schema\/logo\/image\/"}}]}},"jetpack_sharing_enabled":true,"_links":{"self":[{"href":"https:\/\/quatronum.pl\/qsklep\/index.php\/wp-json\/wp\/v2\/product\/387","targetHints":{"allow":["GET"]}}],"collection":[{"href":"https:\/\/quatronum.pl\/qsklep\/index.php\/wp-json\/wp\/v2\/product"}],"about":[{"href":"https:\/\/quatronum.pl\/qsklep\/index.php\/wp-json\/wp\/v2\/types\/product"}],"replies":[{"embeddable":true,"href":"https:\/\/quatronum.pl\/qsklep\/index.php\/wp-json\/wp\/v2\/comments?post=387"}],"wp:featuredmedia":[{"embeddable":true,"href":"https:\/\/quatronum.pl\/qsklep\/index.php\/wp-json\/wp\/v2\/media\/389"}],"wp:attachment":[{"href":"https:\/\/quatronum.pl\/qsklep\/index.php\/wp-json\/wp\/v2\/media?parent=387"}],"wp:term":[{"taxonomy":"product_brand","embeddable":true,"href":"https:\/\/quatronum.pl\/qsklep\/index.php\/wp-json\/wp\/v2\/product_brand?post=387"},{"taxonomy":"product_cat","embeddable":true,"href":"https:\/\/quatronum.pl\/qsklep\/index.php\/wp-json\/wp\/v2\/product_cat?post=387"},{"taxonomy":"product_tag","embeddable":true,"href":"https:\/\/quatronum.pl\/qsklep\/index.php\/wp-json\/wp\/v2\/product_tag?post=387"}],"curies":[{"name":"wp","href":"https:\/\/api.w.org\/{rel}","templated":true}]}}