{"id":368,"date":"2022-01-20T08:48:08","date_gmt":"2022-01-20T07:48:08","guid":{"rendered":"https:\/\/quatronum.pl\/qsklep\/?post_type=product&#038;p=368"},"modified":"2023-02-16T09:32:25","modified_gmt":"2023-02-16T08:32:25","slug":"butelka-filtrujaca-dafi","status":"publish","type":"product","link":"https:\/\/quatronum.pl\/qsklep\/index.php\/produkt\/butelka-filtrujaca-dafi\/","title":{"rendered":"Butelka Dafi z logo"},"content":{"rendered":"<p>Butelka filtruj\u0105ca z filtrem w\u0119glowym z logo naszej krainy.<\/p>\n<h4>OBROTOWY DATOWNIK &#8211;\u00a0\u00a0Przypomina o comiesi\u0119cznej wymianie filtra.<\/h4>\n<h4>WYMIENNY FILTR W\u0118GLOWY &#8211;\u00a0Usuwa zapach i smak chloru z wody kranowej.<\/h4>\n<h4>WIELOKROTNEGO U\u017bYTKU &#8211;\u00a0Idealna dla dbaj\u0105cych o \u015brodowisko.<\/h4>\n<p>SPORTOWY KOREK &#8211;\u00a0Zapewnia szczelno\u015b\u0107 podczas aktywno\u015bci.<\/p>\n<p>WYGODNY UCHWYT &#8211;\u00a0Umo\u017cliwia przypi\u0119cie butelki do paska lub plecaka.<\/p>\n<p>BEZPIECZNA DLA ZDROWIA &#8211;\u00a0Wyprodukowana w Polsce, bez u\u017cycia Bisfenolu A, systematycznie badana i certyfikowana.<\/p>\n","protected":false},"excerpt":{"rendered":"<p>Butelka filtruj\u0105ca z filtrem w\u0119glowym z logo naszej krainy. OBROTOWY DATOWNIK &#8211;\u00a0\u00a0Przypomina o comiesi\u0119cznej wymianie filtra. WYMIENNY FILTR W\u0118GLOWY &#8211;\u00a0Usuwa zapach i smak chloru z wody kranowej. WIELOKROTNEGO U\u017bYTKU &#8211;\u00a0Idealna dla dbaj\u0105cych o \u015brodowisko. SPORTOWY KOREK &#8211;\u00a0Zapewnia szczelno\u015b\u0107 podczas aktywno\u015bci. WYGODNY UCHWYT &#8211;\u00a0Umo\u017cliwia przypi\u0119cie butelki&hellip;<\/p>\n","protected":false},"featured_media":369,"comment_status":"open","ping_status":"closed","template":"","meta":[],"product_brand":[],"product_cat":[24],"product_tag":[42,43,32],"class_list":{"0":"post-368","1":"product","2":"type-product","3":"status-publish","4":"has-post-thumbnail","6":"product_cat-akcesoria","7":"product_tag-butelka","8":"product_tag-dafi","9":"product_tag-kubek","11":"first","12":"outofstock","13":"shipping-taxable","14":"purchasable","15":"product-type-simple"},"yoast_head":"<!-- This site is optimized with the Yoast SEO plugin v25.0 - https:\/\/yoast.com\/wordpress\/plugins\/seo\/ -->\n<title>Butelka Dafi z logo - Sklep Quatronum<\/title>\n<meta name=\"description\" content=\"Wyj\u0105tkowe produkty marki Quatronum posiadaj\u0105ce logo naszej marki. Zosta\u0144 obywatelem naszej krainy i zdob\u0105d\u017a przyjaci\u00f3\u0142.\" \/>\n<meta name=\"robots\" content=\"index, follow, max-snippet:-1, max-image-preview:large, max-video-preview:-1\" \/>\n<link rel=\"canonical\" href=\"https:\/\/quatronum.pl\/qsklep\/index.php\/produkt\/butelka-filtrujaca-dafi\/\" \/>\n<meta property=\"og:locale\" content=\"pl_PL\" \/>\n<meta property=\"og:type\" content=\"article\" \/>\n<meta property=\"og:title\" content=\"Butelka Dafi z logo - Sklep Quatronum\" \/>\n<meta property=\"og:description\" content=\"Wyj\u0105tkowe produkty marki Quatronum posiadaj\u0105ce logo naszej marki. Zosta\u0144 obywatelem naszej krainy i zdob\u0105d\u017a przyjaci\u00f3\u0142.\" \/>\n<meta property=\"og:url\" content=\"https:\/\/quatronum.pl\/qsklep\/index.php\/produkt\/butelka-filtrujaca-dafi\/\" \/>\n<meta property=\"og:site_name\" content=\"Sklep Quatronum\" \/>\n<meta property=\"article:modified_time\" content=\"2023-02-16T08:32:25+00:00\" \/>\n<meta property=\"og:image\" content=\"https:\/\/quatronum.pl\/qsklep\/wp-content\/uploads\/2022\/01\/118787471_2825192694404750_1087107621997773551_n.png\" \/>\n\t<meta property=\"og:image:width\" content=\"380\" \/>\n\t<meta property=\"og:image:height\" content=\"380\" \/>\n\t<meta property=\"og:image:type\" content=\"image\/png\" \/>\n<meta name=\"twitter:card\" content=\"summary_large_image\" \/>\n<meta name=\"twitter:label1\" content=\"Szacowany czas czytania\" \/>\n\t<meta name=\"twitter:data1\" content=\"1 minuta\" \/>\n<script type=\"application\/ld+json\" class=\"yoast-schema-graph\">{\"@context\":\"https:\/\/schema.org\",\"@graph\":[{\"@type\":\"WebPage\",\"@id\":\"https:\/\/quatronum.pl\/qsklep\/index.php\/produkt\/butelka-filtrujaca-dafi\/\",\"url\":\"https:\/\/quatronum.pl\/qsklep\/index.php\/produkt\/butelka-filtrujaca-dafi\/\",\"name\":\"Butelka Dafi z logo - Sklep Quatronum\",\"isPartOf\":{\"@id\":\"https:\/\/quatronum.pl\/qsklep\/#website\"},\"primaryImageOfPage\":{\"@id\":\"https:\/\/quatronum.pl\/qsklep\/index.php\/produkt\/butelka-filtrujaca-dafi\/#primaryimage\"},\"image\":{\"@id\":\"https:\/\/quatronum.pl\/qsklep\/index.php\/produkt\/butelka-filtrujaca-dafi\/#primaryimage\"},\"thumbnailUrl\":\"https:\/\/quatronum.pl\/qsklep\/wp-content\/uploads\/2022\/01\/118787471_2825192694404750_1087107621997773551_n.png\",\"datePublished\":\"2022-01-20T07:48:08+00:00\",\"dateModified\":\"2023-02-16T08:32:25+00:00\",\"description\":\"Wyj\u0105tkowe produkty marki Quatronum posiadaj\u0105ce logo naszej marki. Zosta\u0144 obywatelem naszej krainy i zdob\u0105d\u017a przyjaci\u00f3\u0142.\",\"breadcrumb\":{\"@id\":\"https:\/\/quatronum.pl\/qsklep\/index.php\/produkt\/butelka-filtrujaca-dafi\/#breadcrumb\"},\"inLanguage\":\"pl-PL\",\"potentialAction\":[{\"@type\":\"ReadAction\",\"target\":[\"https:\/\/quatronum.pl\/qsklep\/index.php\/produkt\/butelka-filtrujaca-dafi\/\"]}]},{\"@type\":\"ImageObject\",\"inLanguage\":\"pl-PL\",\"@id\":\"https:\/\/quatronum.pl\/qsklep\/index.php\/produkt\/butelka-filtrujaca-dafi\/#primaryimage\",\"url\":\"https:\/\/quatronum.pl\/qsklep\/wp-content\/uploads\/2022\/01\/118787471_2825192694404750_1087107621997773551_n.png\",\"contentUrl\":\"https:\/\/quatronum.pl\/qsklep\/wp-content\/uploads\/2022\/01\/118787471_2825192694404750_1087107621997773551_n.png\",\"width\":380,\"height\":380},{\"@type\":\"BreadcrumbList\",\"@id\":\"https:\/\/quatronum.pl\/qsklep\/index.php\/produkt\/butelka-filtrujaca-dafi\/#breadcrumb\",\"itemListElement\":[{\"@type\":\"ListItem\",\"position\":1,\"name\":\"Strona g\u0142\u00f3wna\",\"item\":\"https:\/\/quatronum.pl\/qsklep\/\"},{\"@type\":\"ListItem\",\"position\":2,\"name\":\"Sklep\",\"item\":\"https:\/\/quatronum.pl\/qsklep\/index.php\/sklep\/\"},{\"@type\":\"ListItem\",\"position\":3,\"name\":\"Butelka Dafi z logo\"}]},{\"@type\":\"WebSite\",\"@id\":\"https:\/\/quatronum.pl\/qsklep\/#website\",\"url\":\"https:\/\/quatronum.pl\/qsklep\/\",\"name\":\"Sklep Quatronum\",\"description\":\"Quatronum Sklep\",\"publisher\":{\"@id\":\"https:\/\/quatronum.pl\/qsklep\/#organization\"},\"potentialAction\":[{\"@type\":\"SearchAction\",\"target\":{\"@type\":\"EntryPoint\",\"urlTemplate\":\"https:\/\/quatronum.pl\/qsklep\/?s={search_term_string}\"},\"query-input\":{\"@type\":\"PropertyValueSpecification\",\"valueRequired\":true,\"valueName\":\"search_term_string\"}}],\"inLanguage\":\"pl-PL\"},{\"@type\":\"Organization\",\"@id\":\"https:\/\/quatronum.pl\/qsklep\/#organization\",\"name\":\"Sklep Quatronum\",\"url\":\"https:\/\/quatronum.pl\/qsklep\/\",\"logo\":{\"@type\":\"ImageObject\",\"inLanguage\":\"pl-PL\",\"@id\":\"https:\/\/quatronum.pl\/qsklep\/#\/schema\/logo\/image\/\",\"url\":\"https:\/\/quatronum.pl\/qsklep\/wp-content\/uploads\/2022\/01\/cropped-cropped-logo_male-2.png\",\"contentUrl\":\"https:\/\/quatronum.pl\/qsklep\/wp-content\/uploads\/2022\/01\/cropped-cropped-logo_male-2.png\",\"width\":680,\"height\":250,\"caption\":\"Sklep Quatronum\"},\"image\":{\"@id\":\"https:\/\/quatronum.pl\/qsklep\/#\/schema\/logo\/image\/\"}}]}<\/script>\n<!-- \/ Yoast SEO plugin. -->","yoast_head_json":{"title":"Butelka Dafi z logo - Sklep Quatronum","description":"Wyj\u0105tkowe produkty marki Quatronum posiadaj\u0105ce logo naszej marki. Zosta\u0144 obywatelem naszej krainy i zdob\u0105d\u017a przyjaci\u00f3\u0142.","robots":{"index":"index","follow":"follow","max-snippet":"max-snippet:-1","max-image-preview":"max-image-preview:large","max-video-preview":"max-video-preview:-1"},"canonical":"https:\/\/quatronum.pl\/qsklep\/index.php\/produkt\/butelka-filtrujaca-dafi\/","og_locale":"pl_PL","og_type":"article","og_title":"Butelka Dafi z logo - Sklep Quatronum","og_description":"Wyj\u0105tkowe produkty marki Quatronum posiadaj\u0105ce logo naszej marki. Zosta\u0144 obywatelem naszej krainy i zdob\u0105d\u017a przyjaci\u00f3\u0142.","og_url":"https:\/\/quatronum.pl\/qsklep\/index.php\/produkt\/butelka-filtrujaca-dafi\/","og_site_name":"Sklep Quatronum","article_modified_time":"2023-02-16T08:32:25+00:00","og_image":[{"width":380,"height":380,"url":"https:\/\/quatronum.pl\/qsklep\/wp-content\/uploads\/2022\/01\/118787471_2825192694404750_1087107621997773551_n.png","type":"image\/png"}],"twitter_card":"summary_large_image","twitter_misc":{"Szacowany czas czytania":"1 minuta"},"schema":{"@context":"https:\/\/schema.org","@graph":[{"@type":"WebPage","@id":"https:\/\/quatronum.pl\/qsklep\/index.php\/produkt\/butelka-filtrujaca-dafi\/","url":"https:\/\/quatronum.pl\/qsklep\/index.php\/produkt\/butelka-filtrujaca-dafi\/","name":"Butelka Dafi z logo - Sklep Quatronum","isPartOf":{"@id":"https:\/\/quatronum.pl\/qsklep\/#website"},"primaryImageOfPage":{"@id":"https:\/\/quatronum.pl\/qsklep\/index.php\/produkt\/butelka-filtrujaca-dafi\/#primaryimage"},"image":{"@id":"https:\/\/quatronum.pl\/qsklep\/index.php\/produkt\/butelka-filtrujaca-dafi\/#primaryimage"},"thumbnailUrl":"https:\/\/quatronum.pl\/qsklep\/wp-content\/uploads\/2022\/01\/118787471_2825192694404750_1087107621997773551_n.png","datePublished":"2022-01-20T07:48:08+00:00","dateModified":"2023-02-16T08:32:25+00:00","description":"Wyj\u0105tkowe produkty marki Quatronum posiadaj\u0105ce logo naszej marki. Zosta\u0144 obywatelem naszej krainy i zdob\u0105d\u017a przyjaci\u00f3\u0142.","breadcrumb":{"@id":"https:\/\/quatronum.pl\/qsklep\/index.php\/produkt\/butelka-filtrujaca-dafi\/#breadcrumb"},"inLanguage":"pl-PL","potentialAction":[{"@type":"ReadAction","target":["https:\/\/quatronum.pl\/qsklep\/index.php\/produkt\/butelka-filtrujaca-dafi\/"]}]},{"@type":"ImageObject","inLanguage":"pl-PL","@id":"https:\/\/quatronum.pl\/qsklep\/index.php\/produkt\/butelka-filtrujaca-dafi\/#primaryimage","url":"https:\/\/quatronum.pl\/qsklep\/wp-content\/uploads\/2022\/01\/118787471_2825192694404750_1087107621997773551_n.png","contentUrl":"https:\/\/quatronum.pl\/qsklep\/wp-content\/uploads\/2022\/01\/118787471_2825192694404750_1087107621997773551_n.png","width":380,"height":380},{"@type":"BreadcrumbList","@id":"https:\/\/quatronum.pl\/qsklep\/index.php\/produkt\/butelka-filtrujaca-dafi\/#breadcrumb","itemListElement":[{"@type":"ListItem","position":1,"name":"Strona g\u0142\u00f3wna","item":"https:\/\/quatronum.pl\/qsklep\/"},{"@type":"ListItem","position":2,"name":"Sklep","item":"https:\/\/quatronum.pl\/qsklep\/index.php\/sklep\/"},{"@type":"ListItem","position":3,"name":"Butelka Dafi z logo"}]},{"@type":"WebSite","@id":"https:\/\/quatronum.pl\/qsklep\/#website","url":"https:\/\/quatronum.pl\/qsklep\/","name":"Sklep Quatronum","description":"Quatronum Sklep","publisher":{"@id":"https:\/\/quatronum.pl\/qsklep\/#organization"},"potentialAction":[{"@type":"SearchAction","target":{"@type":"EntryPoint","urlTemplate":"https:\/\/quatronum.pl\/qsklep\/?s={search_term_string}"},"query-input":{"@type":"PropertyValueSpecification","valueRequired":true,"valueName":"search_term_string"}}],"inLanguage":"pl-PL"},{"@type":"Organization","@id":"https:\/\/quatronum.pl\/qsklep\/#organization","name":"Sklep Quatronum","url":"https:\/\/quatronum.pl\/qsklep\/","logo":{"@type":"ImageObject","inLanguage":"pl-PL","@id":"https:\/\/quatronum.pl\/qsklep\/#\/schema\/logo\/image\/","url":"https:\/\/quatronum.pl\/qsklep\/wp-content\/uploads\/2022\/01\/cropped-cropped-logo_male-2.png","contentUrl":"https:\/\/quatronum.pl\/qsklep\/wp-content\/uploads\/2022\/01\/cropped-cropped-logo_male-2.png","width":680,"height":250,"caption":"Sklep Quatronum"},"image":{"@id":"https:\/\/quatronum.pl\/qsklep\/#\/schema\/logo\/image\/"}}]}},"jetpack_sharing_enabled":true,"_links":{"self":[{"href":"https:\/\/quatronum.pl\/qsklep\/index.php\/wp-json\/wp\/v2\/product\/368","targetHints":{"allow":["GET"]}}],"collection":[{"href":"https:\/\/quatronum.pl\/qsklep\/index.php\/wp-json\/wp\/v2\/product"}],"about":[{"href":"https:\/\/quatronum.pl\/qsklep\/index.php\/wp-json\/wp\/v2\/types\/product"}],"replies":[{"embeddable":true,"href":"https:\/\/quatronum.pl\/qsklep\/index.php\/wp-json\/wp\/v2\/comments?post=368"}],"wp:featuredmedia":[{"embeddable":true,"href":"https:\/\/quatronum.pl\/qsklep\/index.php\/wp-json\/wp\/v2\/media\/369"}],"wp:attachment":[{"href":"https:\/\/quatronum.pl\/qsklep\/index.php\/wp-json\/wp\/v2\/media?parent=368"}],"wp:term":[{"taxonomy":"product_brand","embeddable":true,"href":"https:\/\/quatronum.pl\/qsklep\/index.php\/wp-json\/wp\/v2\/product_brand?post=368"},{"taxonomy":"product_cat","embeddable":true,"href":"https:\/\/quatronum.pl\/qsklep\/index.php\/wp-json\/wp\/v2\/product_cat?post=368"},{"taxonomy":"product_tag","embeddable":true,"href":"https:\/\/quatronum.pl\/qsklep\/index.php\/wp-json\/wp\/v2\/product_tag?post=368"}],"curies":[{"name":"wp","href":"https:\/\/api.w.org\/{rel}","templated":true}]}}