{"id":224,"date":"2021-12-31T11:21:48","date_gmt":"2021-12-31T10:21:48","guid":{"rendered":"https:\/\/quatronum.pl\/qsklep\/?post_type=product&#038;p=224"},"modified":"2023-11-22T08:30:45","modified_gmt":"2023-11-22T07:30:45","slug":"zestaw-quatronum-pakiet-zimowy","status":"publish","type":"product","link":"https:\/\/quatronum.pl\/qsklep\/index.php\/produkt\/zestaw-quatronum-pakiet-zimowy\/","title":{"rendered":"Zestaw Quatronum &#8211; pakiet zimowy"},"content":{"rendered":"<p><strong>Pakiet Zimowy zawiera :<\/strong><\/p>\n<p>Magiczny szalik z logo domu 1 szt.<\/p>\n<p>Magiczne skarpety z logo domu 1 para<\/p>\n<p>Magiczne skarpety z logo Qautronum 1 para<\/p>\n<p>Ciep\u0142a czapka z logo Krainy Quatronum 1 szt<\/p>\n<p>Ca\u0142o\u015b\u0107 zapakowana w firmowa torb\u0119 papierow\u0105 z Logo Quatronum<\/p>\n<p><strong>Do ka\u017cdego zestawu do\u0142\u0105czymy upominek z Krainy Quatronum<\/strong><\/p>\n","protected":false},"excerpt":{"rendered":"<p>Pakiet Zimowy zawiera : Magiczny szalik z logo domu 1 szt. Magiczne skarpety z logo domu 1 para Magiczne skarpety z logo Qautronum 1 para Ciep\u0142a czapka z logo Krainy Quatronum 1 szt Ca\u0142o\u015b\u0107 zapakowana w firmowa torb\u0119 papierow\u0105 z Logo Quatronum Do ka\u017cdego zestawu&hellip;<\/p>\n","protected":false},"featured_media":437,"comment_status":"open","ping_status":"closed","template":"","meta":[],"product_brand":[],"product_cat":[33],"product_tag":[28,27,29,34],"class_list":{"0":"post-224","1":"product","2":"type-product","3":"status-publish","4":"has-post-thumbnail","6":"product_cat-zestawy","7":"product_tag-czapka","8":"product_tag-skarpetki","9":"product_tag-unisex","10":"product_tag-zestaw","12":"first","13":"outofstock","14":"sale","15":"shipping-taxable","16":"purchasable","17":"product-type-variable"},"yoast_head":"<!-- This site is optimized with the Yoast SEO plugin v25.0 - https:\/\/yoast.com\/wordpress\/plugins\/seo\/ -->\n<title>Zestaw Quatronum - pakiet zimowy - Sklep Quatronum<\/title>\n<meta name=\"description\" content=\"Wyj\u0105tkowe produkty marki Quatronum posiadaj\u0105ce logo naszej marki. Zosta\u0144 obywatelem naszej krainy i zdob\u0105d\u017a przyjaci\u00f3\u0142.\" \/>\n<meta name=\"robots\" content=\"index, follow, max-snippet:-1, max-image-preview:large, max-video-preview:-1\" \/>\n<link rel=\"canonical\" href=\"https:\/\/quatronum.pl\/qsklep\/index.php\/produkt\/zestaw-quatronum-pakiet-zimowy\/\" \/>\n<meta property=\"og:locale\" content=\"pl_PL\" \/>\n<meta property=\"og:type\" content=\"article\" \/>\n<meta property=\"og:title\" content=\"Zestaw Quatronum - pakiet zimowy - Sklep Quatronum\" \/>\n<meta property=\"og:description\" content=\"Wyj\u0105tkowe produkty marki Quatronum posiadaj\u0105ce logo naszej marki. Zosta\u0144 obywatelem naszej krainy i zdob\u0105d\u017a przyjaci\u00f3\u0142.\" \/>\n<meta property=\"og:url\" content=\"https:\/\/quatronum.pl\/qsklep\/index.php\/produkt\/zestaw-quatronum-pakiet-zimowy\/\" \/>\n<meta property=\"og:site_name\" content=\"Sklep Quatronum\" \/>\n<meta property=\"article:modified_time\" content=\"2023-11-22T07:30:45+00:00\" \/>\n<meta property=\"og:image\" content=\"https:\/\/quatronum.pl\/qsklep\/wp-content\/uploads\/2021\/12\/zestaw_Quatronum.jpg\" \/>\n\t<meta property=\"og:image:width\" content=\"468\" \/>\n\t<meta property=\"og:image:height\" content=\"555\" \/>\n\t<meta property=\"og:image:type\" content=\"image\/jpeg\" \/>\n<meta name=\"twitter:card\" content=\"summary_large_image\" \/>\n<script type=\"application\/ld+json\" class=\"yoast-schema-graph\">{\"@context\":\"https:\/\/schema.org\",\"@graph\":[{\"@type\":\"WebPage\",\"@id\":\"https:\/\/quatronum.pl\/qsklep\/index.php\/produkt\/zestaw-quatronum-pakiet-zimowy\/\",\"url\":\"https:\/\/quatronum.pl\/qsklep\/index.php\/produkt\/zestaw-quatronum-pakiet-zimowy\/\",\"name\":\"Zestaw Quatronum - pakiet zimowy - Sklep Quatronum\",\"isPartOf\":{\"@id\":\"https:\/\/quatronum.pl\/qsklep\/#website\"},\"primaryImageOfPage\":{\"@id\":\"https:\/\/quatronum.pl\/qsklep\/index.php\/produkt\/zestaw-quatronum-pakiet-zimowy\/#primaryimage\"},\"image\":{\"@id\":\"https:\/\/quatronum.pl\/qsklep\/index.php\/produkt\/zestaw-quatronum-pakiet-zimowy\/#primaryimage\"},\"thumbnailUrl\":\"https:\/\/quatronum.pl\/qsklep\/wp-content\/uploads\/2021\/12\/zestaw_Quatronum.jpg\",\"datePublished\":\"2021-12-31T10:21:48+00:00\",\"dateModified\":\"2023-11-22T07:30:45+00:00\",\"description\":\"Wyj\u0105tkowe produkty marki Quatronum posiadaj\u0105ce logo naszej marki. Zosta\u0144 obywatelem naszej krainy i zdob\u0105d\u017a przyjaci\u00f3\u0142.\",\"breadcrumb\":{\"@id\":\"https:\/\/quatronum.pl\/qsklep\/index.php\/produkt\/zestaw-quatronum-pakiet-zimowy\/#breadcrumb\"},\"inLanguage\":\"pl-PL\",\"potentialAction\":[{\"@type\":\"ReadAction\",\"target\":[\"https:\/\/quatronum.pl\/qsklep\/index.php\/produkt\/zestaw-quatronum-pakiet-zimowy\/\"]}]},{\"@type\":\"ImageObject\",\"inLanguage\":\"pl-PL\",\"@id\":\"https:\/\/quatronum.pl\/qsklep\/index.php\/produkt\/zestaw-quatronum-pakiet-zimowy\/#primaryimage\",\"url\":\"https:\/\/quatronum.pl\/qsklep\/wp-content\/uploads\/2021\/12\/zestaw_Quatronum.jpg\",\"contentUrl\":\"https:\/\/quatronum.pl\/qsklep\/wp-content\/uploads\/2021\/12\/zestaw_Quatronum.jpg\",\"width\":468,\"height\":555},{\"@type\":\"BreadcrumbList\",\"@id\":\"https:\/\/quatronum.pl\/qsklep\/index.php\/produkt\/zestaw-quatronum-pakiet-zimowy\/#breadcrumb\",\"itemListElement\":[{\"@type\":\"ListItem\",\"position\":1,\"name\":\"Strona g\u0142\u00f3wna\",\"item\":\"https:\/\/quatronum.pl\/qsklep\/\"},{\"@type\":\"ListItem\",\"position\":2,\"name\":\"Sklep\",\"item\":\"https:\/\/quatronum.pl\/qsklep\/index.php\/sklep\/\"},{\"@type\":\"ListItem\",\"position\":3,\"name\":\"Zestaw Quatronum &#8211; pakiet zimowy\"}]},{\"@type\":\"WebSite\",\"@id\":\"https:\/\/quatronum.pl\/qsklep\/#website\",\"url\":\"https:\/\/quatronum.pl\/qsklep\/\",\"name\":\"Sklep Quatronum\",\"description\":\"Quatronum Sklep\",\"publisher\":{\"@id\":\"https:\/\/quatronum.pl\/qsklep\/#organization\"},\"potentialAction\":[{\"@type\":\"SearchAction\",\"target\":{\"@type\":\"EntryPoint\",\"urlTemplate\":\"https:\/\/quatronum.pl\/qsklep\/?s={search_term_string}\"},\"query-input\":{\"@type\":\"PropertyValueSpecification\",\"valueRequired\":true,\"valueName\":\"search_term_string\"}}],\"inLanguage\":\"pl-PL\"},{\"@type\":\"Organization\",\"@id\":\"https:\/\/quatronum.pl\/qsklep\/#organization\",\"name\":\"Sklep Quatronum\",\"url\":\"https:\/\/quatronum.pl\/qsklep\/\",\"logo\":{\"@type\":\"ImageObject\",\"inLanguage\":\"pl-PL\",\"@id\":\"https:\/\/quatronum.pl\/qsklep\/#\/schema\/logo\/image\/\",\"url\":\"https:\/\/quatronum.pl\/qsklep\/wp-content\/uploads\/2022\/01\/cropped-cropped-logo_male-2.png\",\"contentUrl\":\"https:\/\/quatronum.pl\/qsklep\/wp-content\/uploads\/2022\/01\/cropped-cropped-logo_male-2.png\",\"width\":680,\"height\":250,\"caption\":\"Sklep Quatronum\"},\"image\":{\"@id\":\"https:\/\/quatronum.pl\/qsklep\/#\/schema\/logo\/image\/\"}}]}<\/script>\n<!-- \/ Yoast SEO plugin. -->","yoast_head_json":{"title":"Zestaw Quatronum - pakiet zimowy - Sklep Quatronum","description":"Wyj\u0105tkowe produkty marki Quatronum posiadaj\u0105ce logo naszej marki. Zosta\u0144 obywatelem naszej krainy i zdob\u0105d\u017a przyjaci\u00f3\u0142.","robots":{"index":"index","follow":"follow","max-snippet":"max-snippet:-1","max-image-preview":"max-image-preview:large","max-video-preview":"max-video-preview:-1"},"canonical":"https:\/\/quatronum.pl\/qsklep\/index.php\/produkt\/zestaw-quatronum-pakiet-zimowy\/","og_locale":"pl_PL","og_type":"article","og_title":"Zestaw Quatronum - pakiet zimowy - Sklep Quatronum","og_description":"Wyj\u0105tkowe produkty marki Quatronum posiadaj\u0105ce logo naszej marki. Zosta\u0144 obywatelem naszej krainy i zdob\u0105d\u017a przyjaci\u00f3\u0142.","og_url":"https:\/\/quatronum.pl\/qsklep\/index.php\/produkt\/zestaw-quatronum-pakiet-zimowy\/","og_site_name":"Sklep Quatronum","article_modified_time":"2023-11-22T07:30:45+00:00","og_image":[{"width":468,"height":555,"url":"https:\/\/quatronum.pl\/qsklep\/wp-content\/uploads\/2021\/12\/zestaw_Quatronum.jpg","type":"image\/jpeg"}],"twitter_card":"summary_large_image","schema":{"@context":"https:\/\/schema.org","@graph":[{"@type":"WebPage","@id":"https:\/\/quatronum.pl\/qsklep\/index.php\/produkt\/zestaw-quatronum-pakiet-zimowy\/","url":"https:\/\/quatronum.pl\/qsklep\/index.php\/produkt\/zestaw-quatronum-pakiet-zimowy\/","name":"Zestaw Quatronum - pakiet zimowy - Sklep Quatronum","isPartOf":{"@id":"https:\/\/quatronum.pl\/qsklep\/#website"},"primaryImageOfPage":{"@id":"https:\/\/quatronum.pl\/qsklep\/index.php\/produkt\/zestaw-quatronum-pakiet-zimowy\/#primaryimage"},"image":{"@id":"https:\/\/quatronum.pl\/qsklep\/index.php\/produkt\/zestaw-quatronum-pakiet-zimowy\/#primaryimage"},"thumbnailUrl":"https:\/\/quatronum.pl\/qsklep\/wp-content\/uploads\/2021\/12\/zestaw_Quatronum.jpg","datePublished":"2021-12-31T10:21:48+00:00","dateModified":"2023-11-22T07:30:45+00:00","description":"Wyj\u0105tkowe produkty marki Quatronum posiadaj\u0105ce logo naszej marki. Zosta\u0144 obywatelem naszej krainy i zdob\u0105d\u017a przyjaci\u00f3\u0142.","breadcrumb":{"@id":"https:\/\/quatronum.pl\/qsklep\/index.php\/produkt\/zestaw-quatronum-pakiet-zimowy\/#breadcrumb"},"inLanguage":"pl-PL","potentialAction":[{"@type":"ReadAction","target":["https:\/\/quatronum.pl\/qsklep\/index.php\/produkt\/zestaw-quatronum-pakiet-zimowy\/"]}]},{"@type":"ImageObject","inLanguage":"pl-PL","@id":"https:\/\/quatronum.pl\/qsklep\/index.php\/produkt\/zestaw-quatronum-pakiet-zimowy\/#primaryimage","url":"https:\/\/quatronum.pl\/qsklep\/wp-content\/uploads\/2021\/12\/zestaw_Quatronum.jpg","contentUrl":"https:\/\/quatronum.pl\/qsklep\/wp-content\/uploads\/2021\/12\/zestaw_Quatronum.jpg","width":468,"height":555},{"@type":"BreadcrumbList","@id":"https:\/\/quatronum.pl\/qsklep\/index.php\/produkt\/zestaw-quatronum-pakiet-zimowy\/#breadcrumb","itemListElement":[{"@type":"ListItem","position":1,"name":"Strona g\u0142\u00f3wna","item":"https:\/\/quatronum.pl\/qsklep\/"},{"@type":"ListItem","position":2,"name":"Sklep","item":"https:\/\/quatronum.pl\/qsklep\/index.php\/sklep\/"},{"@type":"ListItem","position":3,"name":"Zestaw Quatronum &#8211; pakiet zimowy"}]},{"@type":"WebSite","@id":"https:\/\/quatronum.pl\/qsklep\/#website","url":"https:\/\/quatronum.pl\/qsklep\/","name":"Sklep Quatronum","description":"Quatronum Sklep","publisher":{"@id":"https:\/\/quatronum.pl\/qsklep\/#organization"},"potentialAction":[{"@type":"SearchAction","target":{"@type":"EntryPoint","urlTemplate":"https:\/\/quatronum.pl\/qsklep\/?s={search_term_string}"},"query-input":{"@type":"PropertyValueSpecification","valueRequired":true,"valueName":"search_term_string"}}],"inLanguage":"pl-PL"},{"@type":"Organization","@id":"https:\/\/quatronum.pl\/qsklep\/#organization","name":"Sklep Quatronum","url":"https:\/\/quatronum.pl\/qsklep\/","logo":{"@type":"ImageObject","inLanguage":"pl-PL","@id":"https:\/\/quatronum.pl\/qsklep\/#\/schema\/logo\/image\/","url":"https:\/\/quatronum.pl\/qsklep\/wp-content\/uploads\/2022\/01\/cropped-cropped-logo_male-2.png","contentUrl":"https:\/\/quatronum.pl\/qsklep\/wp-content\/uploads\/2022\/01\/cropped-cropped-logo_male-2.png","width":680,"height":250,"caption":"Sklep Quatronum"},"image":{"@id":"https:\/\/quatronum.pl\/qsklep\/#\/schema\/logo\/image\/"}}]}},"jetpack_sharing_enabled":true,"_links":{"self":[{"href":"https:\/\/quatronum.pl\/qsklep\/index.php\/wp-json\/wp\/v2\/product\/224","targetHints":{"allow":["GET"]}}],"collection":[{"href":"https:\/\/quatronum.pl\/qsklep\/index.php\/wp-json\/wp\/v2\/product"}],"about":[{"href":"https:\/\/quatronum.pl\/qsklep\/index.php\/wp-json\/wp\/v2\/types\/product"}],"replies":[{"embeddable":true,"href":"https:\/\/quatronum.pl\/qsklep\/index.php\/wp-json\/wp\/v2\/comments?post=224"}],"wp:featuredmedia":[{"embeddable":true,"href":"https:\/\/quatronum.pl\/qsklep\/index.php\/wp-json\/wp\/v2\/media\/437"}],"wp:attachment":[{"href":"https:\/\/quatronum.pl\/qsklep\/index.php\/wp-json\/wp\/v2\/media?parent=224"}],"wp:term":[{"taxonomy":"product_brand","embeddable":true,"href":"https:\/\/quatronum.pl\/qsklep\/index.php\/wp-json\/wp\/v2\/product_brand?post=224"},{"taxonomy":"product_cat","embeddable":true,"href":"https:\/\/quatronum.pl\/qsklep\/index.php\/wp-json\/wp\/v2\/product_cat?post=224"},{"taxonomy":"product_tag","embeddable":true,"href":"https:\/\/quatronum.pl\/qsklep\/index.php\/wp-json\/wp\/v2\/product_tag?post=224"}],"curies":[{"name":"wp","href":"https:\/\/api.w.org\/{rel}","templated":true}]}}