{"id":177,"date":"2021-12-30T17:46:41","date_gmt":"2021-12-30T16:46:41","guid":{"rendered":"https:\/\/quatronum.pl\/qsklep\/?post_type=product&#038;p=177"},"modified":"2024-07-16T15:13:54","modified_gmt":"2024-07-16T13:13:54","slug":"czapka-quatronum","status":"publish","type":"product","link":"https:\/\/quatronum.pl\/qsklep\/index.php\/produkt\/czapka-quatronum\/","title":{"rendered":"Czapka Quatronum"},"content":{"rendered":"<p>Wyj\u0105tkowo d\u0142uga, uniseksowa czapka w stylu codziennym typu &#8222;krasnal&#8221;<br \/>\nPosiada naszyte logo <strong>&#8222;Kraina Quatronum&#8221;<\/strong><br \/>\nWykonana z mi\u0142ego w dotyku materia\u0142u. Rozci\u0105gliwa, bardzo twarzowa.<br \/>\nProsty kr\u00f3j czapki b\u0119dzie pasowa\u0107 do najr\u00f3\u017cniejszych stylizacji, zar\u00f3wno damskich, jak i m\u0119skich.<br \/>\nWyprodukowano w Polsce.<\/p>\n<p><strong>SK\u0141AD I KONSERWACJA<\/strong><br \/>\n\u2022 Materia\u0142 : 46% WISKOZA, 41% POLIAMID, 13% BAWE\u0141NA<br \/>\n\u2022 PRA\u0106 R\u0118CZNIE W TEMP. DO 40\u00b0 C<br \/>\n\u2022 NIE BIELI\u0106<br \/>\n\u2022 NIE SUSZY\u0106 W SUSZARCE B\u0118BNOWEJ<br \/>\n\u2022 NIE PRASOWA\u0106<br \/>\n\u2022 NIE CZY\u015aCI\u0106 CHEMICZNIE<\/p>\n<p>* zdj\u0119cia mog\u0105 r\u00f3\u017cni\u0107 si\u0119 od orygina\u0142u odcieniem koloru i szczeg\u00f3\u0142ami.<\/p>\n","protected":false},"excerpt":{"rendered":"<p>Wyj\u0105tkowo d\u0142uga, uniseksowa czapka w stylu codziennym typu &#8222;krasnal&#8221; Posiada naszyte logo &#8222;Kraina Quatronum&#8221; Wykonana z mi\u0142ego w dotyku materia\u0142u. Rozci\u0105gliwa, bardzo twarzowa. Prosty kr\u00f3j czapki b\u0119dzie pasowa\u0107 do najr\u00f3\u017cniejszych stylizacji, zar\u00f3wno damskich, jak i m\u0119skich. Wyprodukowano w Polsce. SK\u0141AD I KONSERWACJA \u2022 Materia\u0142 :&hellip;<\/p>\n","protected":false},"featured_media":183,"comment_status":"open","ping_status":"closed","template":"","meta":[],"product_brand":[],"product_cat":[35],"product_tag":[28,29],"class_list":{"0":"post-177","1":"product","2":"type-product","3":"status-publish","4":"has-post-thumbnail","6":"product_cat-odziez","7":"product_tag-czapka","8":"product_tag-unisex","10":"first","11":"instock","12":"sale","13":"shipping-taxable","14":"purchasable","15":"product-type-variable"},"yoast_head":"<!-- This site is optimized with the Yoast SEO plugin v25.0 - https:\/\/yoast.com\/wordpress\/plugins\/seo\/ -->\n<title>Czapka Quatronum - Sklep Quatronum<\/title>\n<meta name=\"description\" content=\"Wyj\u0105tkowo d\u0142uga, uniseksowa czapka w stylu codziennym typu &quot;krasnal&quot; - Posiada naszyte logo &quot;Kraina Quatronum&quot;\" \/>\n<meta name=\"robots\" content=\"index, follow, max-snippet:-1, max-image-preview:large, max-video-preview:-1\" \/>\n<link rel=\"canonical\" href=\"https:\/\/quatronum.pl\/qsklep\/index.php\/produkt\/czapka-quatronum\/\" \/>\n<meta property=\"og:locale\" content=\"pl_PL\" \/>\n<meta property=\"og:type\" content=\"article\" \/>\n<meta property=\"og:title\" content=\"Czapka Quatronum - Sklep Quatronum\" \/>\n<meta property=\"og:description\" content=\"Wyj\u0105tkowo d\u0142uga, uniseksowa czapka w stylu codziennym typu &quot;krasnal&quot; - Posiada naszyte logo &quot;Kraina Quatronum&quot;\" \/>\n<meta property=\"og:url\" content=\"https:\/\/quatronum.pl\/qsklep\/index.php\/produkt\/czapka-quatronum\/\" \/>\n<meta property=\"og:site_name\" content=\"Sklep Quatronum\" \/>\n<meta property=\"article:modified_time\" content=\"2024-07-16T13:13:54+00:00\" \/>\n<meta property=\"og:image\" content=\"https:\/\/quatronum.pl\/qsklep\/wp-content\/uploads\/2021\/12\/czapka-Q2.jpg\" \/>\n\t<meta property=\"og:image:width\" content=\"500\" \/>\n\t<meta property=\"og:image:height\" content=\"500\" \/>\n\t<meta property=\"og:image:type\" content=\"image\/jpeg\" \/>\n<meta name=\"twitter:card\" content=\"summary_large_image\" \/>\n<meta name=\"twitter:label1\" content=\"Szacowany czas czytania\" \/>\n\t<meta name=\"twitter:data1\" content=\"1 minuta\" \/>\n<script type=\"application\/ld+json\" class=\"yoast-schema-graph\">{\"@context\":\"https:\/\/schema.org\",\"@graph\":[{\"@type\":\"WebPage\",\"@id\":\"https:\/\/quatronum.pl\/qsklep\/index.php\/produkt\/czapka-quatronum\/\",\"url\":\"https:\/\/quatronum.pl\/qsklep\/index.php\/produkt\/czapka-quatronum\/\",\"name\":\"Czapka Quatronum - Sklep Quatronum\",\"isPartOf\":{\"@id\":\"https:\/\/quatronum.pl\/qsklep\/#website\"},\"primaryImageOfPage\":{\"@id\":\"https:\/\/quatronum.pl\/qsklep\/index.php\/produkt\/czapka-quatronum\/#primaryimage\"},\"image\":{\"@id\":\"https:\/\/quatronum.pl\/qsklep\/index.php\/produkt\/czapka-quatronum\/#primaryimage\"},\"thumbnailUrl\":\"https:\/\/quatronum.pl\/qsklep\/wp-content\/uploads\/2021\/12\/czapka-Q2.jpg\",\"datePublished\":\"2021-12-30T16:46:41+00:00\",\"dateModified\":\"2024-07-16T13:13:54+00:00\",\"description\":\"Wyj\u0105tkowo d\u0142uga, uniseksowa czapka w stylu codziennym typu \\\"krasnal\\\" - Posiada naszyte logo \\\"Kraina Quatronum\\\"\",\"breadcrumb\":{\"@id\":\"https:\/\/quatronum.pl\/qsklep\/index.php\/produkt\/czapka-quatronum\/#breadcrumb\"},\"inLanguage\":\"pl-PL\",\"potentialAction\":[{\"@type\":\"ReadAction\",\"target\":[\"https:\/\/quatronum.pl\/qsklep\/index.php\/produkt\/czapka-quatronum\/\"]}]},{\"@type\":\"ImageObject\",\"inLanguage\":\"pl-PL\",\"@id\":\"https:\/\/quatronum.pl\/qsklep\/index.php\/produkt\/czapka-quatronum\/#primaryimage\",\"url\":\"https:\/\/quatronum.pl\/qsklep\/wp-content\/uploads\/2021\/12\/czapka-Q2.jpg\",\"contentUrl\":\"https:\/\/quatronum.pl\/qsklep\/wp-content\/uploads\/2021\/12\/czapka-Q2.jpg\",\"width\":500,\"height\":500},{\"@type\":\"BreadcrumbList\",\"@id\":\"https:\/\/quatronum.pl\/qsklep\/index.php\/produkt\/czapka-quatronum\/#breadcrumb\",\"itemListElement\":[{\"@type\":\"ListItem\",\"position\":1,\"name\":\"Strona g\u0142\u00f3wna\",\"item\":\"https:\/\/quatronum.pl\/qsklep\/\"},{\"@type\":\"ListItem\",\"position\":2,\"name\":\"Sklep\",\"item\":\"https:\/\/quatronum.pl\/qsklep\/index.php\/sklep\/\"},{\"@type\":\"ListItem\",\"position\":3,\"name\":\"Czapka Quatronum\"}]},{\"@type\":\"WebSite\",\"@id\":\"https:\/\/quatronum.pl\/qsklep\/#website\",\"url\":\"https:\/\/quatronum.pl\/qsklep\/\",\"name\":\"Sklep Quatronum\",\"description\":\"Quatronum Sklep\",\"publisher\":{\"@id\":\"https:\/\/quatronum.pl\/qsklep\/#organization\"},\"potentialAction\":[{\"@type\":\"SearchAction\",\"target\":{\"@type\":\"EntryPoint\",\"urlTemplate\":\"https:\/\/quatronum.pl\/qsklep\/?s={search_term_string}\"},\"query-input\":{\"@type\":\"PropertyValueSpecification\",\"valueRequired\":true,\"valueName\":\"search_term_string\"}}],\"inLanguage\":\"pl-PL\"},{\"@type\":\"Organization\",\"@id\":\"https:\/\/quatronum.pl\/qsklep\/#organization\",\"name\":\"Sklep Quatronum\",\"url\":\"https:\/\/quatronum.pl\/qsklep\/\",\"logo\":{\"@type\":\"ImageObject\",\"inLanguage\":\"pl-PL\",\"@id\":\"https:\/\/quatronum.pl\/qsklep\/#\/schema\/logo\/image\/\",\"url\":\"https:\/\/quatronum.pl\/qsklep\/wp-content\/uploads\/2022\/01\/cropped-cropped-logo_male-2.png\",\"contentUrl\":\"https:\/\/quatronum.pl\/qsklep\/wp-content\/uploads\/2022\/01\/cropped-cropped-logo_male-2.png\",\"width\":680,\"height\":250,\"caption\":\"Sklep Quatronum\"},\"image\":{\"@id\":\"https:\/\/quatronum.pl\/qsklep\/#\/schema\/logo\/image\/\"}}]}<\/script>\n<!-- \/ Yoast SEO plugin. -->","yoast_head_json":{"title":"Czapka Quatronum - Sklep Quatronum","description":"Wyj\u0105tkowo d\u0142uga, uniseksowa czapka w stylu codziennym typu \"krasnal\" - Posiada naszyte logo \"Kraina Quatronum\"","robots":{"index":"index","follow":"follow","max-snippet":"max-snippet:-1","max-image-preview":"max-image-preview:large","max-video-preview":"max-video-preview:-1"},"canonical":"https:\/\/quatronum.pl\/qsklep\/index.php\/produkt\/czapka-quatronum\/","og_locale":"pl_PL","og_type":"article","og_title":"Czapka Quatronum - Sklep Quatronum","og_description":"Wyj\u0105tkowo d\u0142uga, uniseksowa czapka w stylu codziennym typu \"krasnal\" - Posiada naszyte logo \"Kraina Quatronum\"","og_url":"https:\/\/quatronum.pl\/qsklep\/index.php\/produkt\/czapka-quatronum\/","og_site_name":"Sklep Quatronum","article_modified_time":"2024-07-16T13:13:54+00:00","og_image":[{"width":500,"height":500,"url":"https:\/\/quatronum.pl\/qsklep\/wp-content\/uploads\/2021\/12\/czapka-Q2.jpg","type":"image\/jpeg"}],"twitter_card":"summary_large_image","twitter_misc":{"Szacowany czas czytania":"1 minuta"},"schema":{"@context":"https:\/\/schema.org","@graph":[{"@type":"WebPage","@id":"https:\/\/quatronum.pl\/qsklep\/index.php\/produkt\/czapka-quatronum\/","url":"https:\/\/quatronum.pl\/qsklep\/index.php\/produkt\/czapka-quatronum\/","name":"Czapka Quatronum - Sklep Quatronum","isPartOf":{"@id":"https:\/\/quatronum.pl\/qsklep\/#website"},"primaryImageOfPage":{"@id":"https:\/\/quatronum.pl\/qsklep\/index.php\/produkt\/czapka-quatronum\/#primaryimage"},"image":{"@id":"https:\/\/quatronum.pl\/qsklep\/index.php\/produkt\/czapka-quatronum\/#primaryimage"},"thumbnailUrl":"https:\/\/quatronum.pl\/qsklep\/wp-content\/uploads\/2021\/12\/czapka-Q2.jpg","datePublished":"2021-12-30T16:46:41+00:00","dateModified":"2024-07-16T13:13:54+00:00","description":"Wyj\u0105tkowo d\u0142uga, uniseksowa czapka w stylu codziennym typu \"krasnal\" - Posiada naszyte logo \"Kraina Quatronum\"","breadcrumb":{"@id":"https:\/\/quatronum.pl\/qsklep\/index.php\/produkt\/czapka-quatronum\/#breadcrumb"},"inLanguage":"pl-PL","potentialAction":[{"@type":"ReadAction","target":["https:\/\/quatronum.pl\/qsklep\/index.php\/produkt\/czapka-quatronum\/"]}]},{"@type":"ImageObject","inLanguage":"pl-PL","@id":"https:\/\/quatronum.pl\/qsklep\/index.php\/produkt\/czapka-quatronum\/#primaryimage","url":"https:\/\/quatronum.pl\/qsklep\/wp-content\/uploads\/2021\/12\/czapka-Q2.jpg","contentUrl":"https:\/\/quatronum.pl\/qsklep\/wp-content\/uploads\/2021\/12\/czapka-Q2.jpg","width":500,"height":500},{"@type":"BreadcrumbList","@id":"https:\/\/quatronum.pl\/qsklep\/index.php\/produkt\/czapka-quatronum\/#breadcrumb","itemListElement":[{"@type":"ListItem","position":1,"name":"Strona g\u0142\u00f3wna","item":"https:\/\/quatronum.pl\/qsklep\/"},{"@type":"ListItem","position":2,"name":"Sklep","item":"https:\/\/quatronum.pl\/qsklep\/index.php\/sklep\/"},{"@type":"ListItem","position":3,"name":"Czapka Quatronum"}]},{"@type":"WebSite","@id":"https:\/\/quatronum.pl\/qsklep\/#website","url":"https:\/\/quatronum.pl\/qsklep\/","name":"Sklep Quatronum","description":"Quatronum Sklep","publisher":{"@id":"https:\/\/quatronum.pl\/qsklep\/#organization"},"potentialAction":[{"@type":"SearchAction","target":{"@type":"EntryPoint","urlTemplate":"https:\/\/quatronum.pl\/qsklep\/?s={search_term_string}"},"query-input":{"@type":"PropertyValueSpecification","valueRequired":true,"valueName":"search_term_string"}}],"inLanguage":"pl-PL"},{"@type":"Organization","@id":"https:\/\/quatronum.pl\/qsklep\/#organization","name":"Sklep Quatronum","url":"https:\/\/quatronum.pl\/qsklep\/","logo":{"@type":"ImageObject","inLanguage":"pl-PL","@id":"https:\/\/quatronum.pl\/qsklep\/#\/schema\/logo\/image\/","url":"https:\/\/quatronum.pl\/qsklep\/wp-content\/uploads\/2022\/01\/cropped-cropped-logo_male-2.png","contentUrl":"https:\/\/quatronum.pl\/qsklep\/wp-content\/uploads\/2022\/01\/cropped-cropped-logo_male-2.png","width":680,"height":250,"caption":"Sklep Quatronum"},"image":{"@id":"https:\/\/quatronum.pl\/qsklep\/#\/schema\/logo\/image\/"}}]}},"jetpack_sharing_enabled":true,"_links":{"self":[{"href":"https:\/\/quatronum.pl\/qsklep\/index.php\/wp-json\/wp\/v2\/product\/177","targetHints":{"allow":["GET"]}}],"collection":[{"href":"https:\/\/quatronum.pl\/qsklep\/index.php\/wp-json\/wp\/v2\/product"}],"about":[{"href":"https:\/\/quatronum.pl\/qsklep\/index.php\/wp-json\/wp\/v2\/types\/product"}],"replies":[{"embeddable":true,"href":"https:\/\/quatronum.pl\/qsklep\/index.php\/wp-json\/wp\/v2\/comments?post=177"}],"wp:featuredmedia":[{"embeddable":true,"href":"https:\/\/quatronum.pl\/qsklep\/index.php\/wp-json\/wp\/v2\/media\/183"}],"wp:attachment":[{"href":"https:\/\/quatronum.pl\/qsklep\/index.php\/wp-json\/wp\/v2\/media?parent=177"}],"wp:term":[{"taxonomy":"product_brand","embeddable":true,"href":"https:\/\/quatronum.pl\/qsklep\/index.php\/wp-json\/wp\/v2\/product_brand?post=177"},{"taxonomy":"product_cat","embeddable":true,"href":"https:\/\/quatronum.pl\/qsklep\/index.php\/wp-json\/wp\/v2\/product_cat?post=177"},{"taxonomy":"product_tag","embeddable":true,"href":"https:\/\/quatronum.pl\/qsklep\/index.php\/wp-json\/wp\/v2\/product_tag?post=177"}],"curies":[{"name":"wp","href":"https:\/\/api.w.org\/{rel}","templated":true}]}}