{"id":1084,"date":"2025-02-12T08:13:55","date_gmt":"2025-02-12T07:13:55","guid":{"rendered":"https:\/\/quatronum.pl\/qsklep\/?post_type=product&#038;p=1084"},"modified":"2026-03-02T10:05:15","modified_gmt":"2026-03-02T09:05:15","slug":"bal-fantasy","status":"publish","type":"product","link":"https:\/\/quatronum.pl\/qsklep\/index.php\/produkt\/bal-fantasy\/","title":{"rendered":"Bal Fantasy Solturia w Zamku Kr\u00f3lewskim w Rydzynie"},"content":{"rendered":"<h3 data-start=\"0\" data-end=\"40\"><strong data-start=\"4\" data-end=\"38\">BILETY NA BAL FANTASY SOLTURIA<\/strong><\/h3>\n<p data-start=\"42\" data-end=\"329\"><strong data-start=\"108\" data-end=\"132\">Bal Fantasy Solturia<\/strong> &#8211; Kr\u00f3lestwo Czterech \u017bywio\u0142\u00f3w to wyj\u0105tkowe wydarzenie w klimacie dawnych dwor\u00f3w, magicznych \u015bwiat\u00f3w, pe\u0142ne ta\u0144ca, muzyki i niezapomnianych ba\u015bniowych atrakcji. Wybierz jeden z dost\u0119pnych bilet\u00f3w i prze\u017cyj niezapomnian\u0105 noc w <strong data-start=\"296\" data-end=\"326\">Zamku Kr\u00f3lewskim w Rydzynie<\/strong>.<\/p>\n<hr data-start=\"331\" data-end=\"334\" \/>\n<h3 data-start=\"336\" data-end=\"375\"><strong data-start=\"343\" data-end=\"360\">BILET DWORSKI<\/strong> \u2013 650 z\u0142\/os.<\/h3>\n<p>W cenie biletu:<\/p>\n<p>Warsztaty z instruktorami ta\u0144ca<br data-start=\"522\" data-end=\"525\" \/>Udzia\u0142 w fabularnym scenariuszu balowym<br data-start=\"566\" data-end=\"569\" \/>Kolacja w formie bufetu<br data-start=\"588\" data-end=\"591\" \/><strong data-start=\"593\" data-end=\"605\">Open bar<\/strong> (wino, piwo, napoje bezalkoholowe) w godz. 20:00\u201324:00<\/p>\n<p>Widowiskowy <strong data-start=\"711\" data-end=\"723\">pokaz &#8211; niespodzianka <\/strong><br data-start=\"761\" data-end=\"764\" \/>Zabawa z DJ-em do godziny 2:00<br data-start=\"796\" data-end=\"799\" \/>Profesjonalna <strong data-start=\"815\" data-end=\"830\">fotorelacja<\/strong><\/p>\n<hr data-start=\"834\" data-end=\"837\" \/>\n<h3 data-start=\"839\" data-end=\"881\"><strong data-start=\"846\" data-end=\"865\">BILET KR\u00d3LEWSKI<\/strong> \u2013 1099 z\u0142\/os.<\/h3>\n<p data-start=\"882\" data-end=\"998\"><strong data-start=\"882\" data-end=\"996\">Ekskluzywna opcja dla tych, kt\u00f3rzy pragn\u0105 poczu\u0107 si\u0119 jak kr\u00f3lewscy go\u015bcie i skorzysta\u0107 z wyj\u0105tkowych atrakcji!<\/strong><\/p>\n<p data-start=\"1000\" data-end=\"1407\">W cenie biletu:<\/p>\n<p data-start=\"1000\" data-end=\"1407\"><strong data-start=\"1020\" data-end=\"1060\">Wszystkie korzy\u015bci biletu Dworskiego<\/strong>, a dodatkowo:<br data-start=\"1074\" data-end=\"1077\" \/>Elegancki <strong data-start=\"1089\" data-end=\"1110\">pakiet prezentowy<\/strong><br data-start=\"1110\" data-end=\"1113\" \/>Indywidualne warsztaty taneczne<br data-start=\"1146\" data-end=\"1149\" \/><strong data-start=\"1151\" data-end=\"1170\">Salon Kr\u00f3lewski<\/strong> na wy\u0142\u0105czno\u015b\u0107<br data-start=\"1184\" data-end=\"1187\" \/><strong data-start=\"1189\" data-end=\"1212\">Poszerzony open bar<\/strong> z ekskluzywnymi trunkami<br data-start=\"1237\" data-end=\"1240\" \/>Wcze\u015bniejsze wej\u015bcie na bal \u2013 <strong data-start=\"1272\" data-end=\"1302\">przed oficjalnym otwarciem<\/strong><br data-start=\"1302\" data-end=\"1305\" \/>Udzia\u0142 w wyj\u0105tkowej <strong data-start=\"1327\" data-end=\"1346\">grze fabularnej<\/strong><br data-start=\"1346\" data-end=\"1349\" \/>Indywidualna <strong data-start=\"1364\" data-end=\"1383\">sesja zdj\u0119ciowa<\/strong> w zamkowych wn\u0119trzach<\/p>\n<hr data-start=\"1409\" data-end=\"1412\" \/>\n<h3 data-start=\"1414\" data-end=\"1463\"><strong data-start=\"1421\" data-end=\"1461\">NOCLEG W ZAMKU KR\u00d3LEWSKIM W RYDZYNIE<\/strong><\/h3>\n<p data-start=\"1464\" data-end=\"1567\"><strong data-start=\"1464\" data-end=\"1565\">Zosta\u0144 w magicznym \u015bwiecie Balu Fantasy Solturia na d\u0142u\u017cej i odpocznij w historycznych komnatach.<\/strong><\/p>\n<p data-start=\"1569\" data-end=\"1721\">Dost\u0119pne opcje zakwaterowania:<br data-start=\"1599\" data-end=\"1602\" \/><strong data-start=\"1605\" data-end=\"1627\">Pok\u00f3j jednoosobowy<\/strong> \u2013 <strong data-start=\"1630\" data-end=\"1640\">270 z\u0142<\/strong><br data-start=\"1640\" data-end=\"1643\" \/><strong data-start=\"1646\" data-end=\"1666\">Pok\u00f3j dwuosobowy<\/strong> \u2013 <strong data-start=\"1669\" data-end=\"1679\">370 z\u0142<\/strong><br data-start=\"1679\" data-end=\"1682\" \/><strong data-start=\"1685\" data-end=\"1706\">Pok\u00f3j trzyosobowy<\/strong> \u2013 <strong data-start=\"1709\" data-end=\"1719\">570 z\u0142<\/strong><\/p>\n<p data-start=\"1723\" data-end=\"1810\"><strong data-start=\"1726\" data-end=\"1744\">Doba hotelowa:<\/strong> od godz. <strong data-start=\"1754\" data-end=\"1763\">15:00<\/strong> (11.04.2026) do godz. <strong data-start=\"1786\" data-end=\"1795\">11:00<\/strong> (12.04.2026)<\/p>\n<p data-start=\"1812\" data-end=\"1912\">Dodatkowo mo\u017cesz wykupi\u0107 <strong data-start=\"1837\" data-end=\"1876\">ubezpieczenie od koszt\u00f3w rezygnacji<\/strong> (3,4% warto\u015bci biletu i noclegu) przez kontakt na adres qubus@qubusgroup.com.pl<\/p>\n<p data-start=\"1812\" data-end=\"1912\"><a href=\"https:\/\/quatronum.pl\/qsklep\/wp-content\/uploads\/2025\/12\/Regulamin-Balu-Fantasy-Solturia-\u2013-Krolestwo-Czterech-Zywiolow-I.-Zalozenia-ogolne-1.-Organizatorem-Balu-Fantasy-Solturia-jest-Qevents.-Wlascicielem-marki-jest-QUBUS-Group-Sp.-z-o.o.-z-siedziba-w-K.pdf\"><strong>REGULAMIN IMPREZY<\/strong><\/a><\/p>\n","protected":false},"excerpt":{"rendered":"<h3 data-start=\"0\" data-end=\"40\"><strong data-start=\"4\" data-end=\"38\">BILETY NA BAL FANTASY SOLTURIA<\/strong><\/h3>\n<p data-start=\"42\" data-end=\"329\"><strong data-start=\"108\" data-end=\"132\">Bal Fantasy Solturia- Kr\u00f3lestwo Czterech \u017bywio\u0142\u00f3w <\/strong>to wyj\u0105tkowe wydarzenie w klimacie dawnych dwor\u00f3w, magicznych \u015bwiat\u00f3w, pe\u0142ne ta\u0144ca, muzyki i niezapomnianych atrakcji. Wybierz jeden z dost\u0119pnych bilet\u00f3w i prze\u017cyj niezapomnian\u0105 noc w <strong data-start=\"296\" data-end=\"326\">Zamku Kr\u00f3lewskim w Rydzynie<\/strong>.<\/p>\n","protected":false},"featured_media":1257,"comment_status":"open","ping_status":"closed","template":"","meta":[],"product_brand":[],"product_cat":[82],"product_tag":[104,107,106,105],"class_list":{"0":"post-1084","1":"product","2":"type-product","3":"status-publish","4":"has-post-thumbnail","6":"product_cat-impreza","7":"product_tag-bal-fantasy","8":"product_tag-cosplay","9":"product_tag-impreza-fabularyzowana","10":"product_tag-zamek","12":"first","13":"instock","14":"shipping-taxable","15":"purchasable","16":"product-type-variable"},"yoast_head":"<!-- This site is optimized with the Yoast SEO plugin v25.0 - https:\/\/yoast.com\/wordpress\/plugins\/seo\/ -->\n<title>Bal Fantasy Solturia w Zamku Kr\u00f3lewskim w Rydzynie - Sklep Quatronum<\/title>\n<meta name=\"description\" content=\"Bal Fantasy Solturia to wyj\u0105tkowe wydarzenie w klimacie dawnych dwor\u00f3w, magicznych \u015bwiat\u00f3w, pe\u0142ne ta\u0144ca, muzyki i niezapomnianych atrakcji. Wybierz jeden z dost\u0119pnych bilet\u00f3w i prze\u017cyj niezapomnian\u0105 noc w Zamku Kr\u00f3lewskim w Rydzynie.\" \/>\n<meta name=\"robots\" content=\"index, follow, max-snippet:-1, max-image-preview:large, max-video-preview:-1\" \/>\n<link rel=\"canonical\" href=\"https:\/\/quatronum.pl\/qsklep\/index.php\/produkt\/bal-fantasy\/\" \/>\n<meta property=\"og:locale\" content=\"pl_PL\" \/>\n<meta property=\"og:type\" content=\"article\" \/>\n<meta property=\"og:title\" content=\"Bal Fantasy Solturia w Zamku Kr\u00f3lewskim w Rydzynie - Sklep Quatronum\" \/>\n<meta property=\"og:description\" content=\"Bal Fantasy Solturia to wyj\u0105tkowe wydarzenie w klimacie dawnych dwor\u00f3w, magicznych \u015bwiat\u00f3w, pe\u0142ne ta\u0144ca, muzyki i niezapomnianych atrakcji. Wybierz jeden z dost\u0119pnych bilet\u00f3w i prze\u017cyj niezapomnian\u0105 noc w Zamku Kr\u00f3lewskim w Rydzynie.\" \/>\n<meta property=\"og:url\" content=\"https:\/\/quatronum.pl\/qsklep\/index.php\/produkt\/bal-fantasy\/\" \/>\n<meta property=\"og:site_name\" content=\"Sklep Quatronum\" \/>\n<meta property=\"article:modified_time\" content=\"2026-03-02T09:05:15+00:00\" \/>\n<meta property=\"og:image\" content=\"https:\/\/quatronum.pl\/qsklep\/wp-content\/uploads\/2025\/02\/bal.png\" \/>\n\t<meta property=\"og:image:width\" content=\"1080\" \/>\n\t<meta property=\"og:image:height\" content=\"1080\" \/>\n\t<meta property=\"og:image:type\" content=\"image\/png\" \/>\n<meta name=\"twitter:card\" content=\"summary_large_image\" \/>\n<meta name=\"twitter:label1\" content=\"Szacowany czas czytania\" \/>\n\t<meta name=\"twitter:data1\" content=\"2 minuty\" \/>\n<script type=\"application\/ld+json\" class=\"yoast-schema-graph\">{\"@context\":\"https:\/\/schema.org\",\"@graph\":[{\"@type\":\"WebPage\",\"@id\":\"https:\/\/quatronum.pl\/qsklep\/index.php\/produkt\/bal-fantasy\/\",\"url\":\"https:\/\/quatronum.pl\/qsklep\/index.php\/produkt\/bal-fantasy\/\",\"name\":\"Bal Fantasy Solturia w Zamku Kr\u00f3lewskim w Rydzynie - Sklep Quatronum\",\"isPartOf\":{\"@id\":\"https:\/\/quatronum.pl\/qsklep\/#website\"},\"primaryImageOfPage\":{\"@id\":\"https:\/\/quatronum.pl\/qsklep\/index.php\/produkt\/bal-fantasy\/#primaryimage\"},\"image\":{\"@id\":\"https:\/\/quatronum.pl\/qsklep\/index.php\/produkt\/bal-fantasy\/#primaryimage\"},\"thumbnailUrl\":\"https:\/\/quatronum.pl\/qsklep\/wp-content\/uploads\/2025\/02\/bal.png\",\"datePublished\":\"2025-02-12T07:13:55+00:00\",\"dateModified\":\"2026-03-02T09:05:15+00:00\",\"description\":\"Bal Fantasy Solturia to wyj\u0105tkowe wydarzenie w klimacie dawnych dwor\u00f3w, magicznych \u015bwiat\u00f3w, pe\u0142ne ta\u0144ca, muzyki i niezapomnianych atrakcji. Wybierz jeden z dost\u0119pnych bilet\u00f3w i prze\u017cyj niezapomnian\u0105 noc w Zamku Kr\u00f3lewskim w Rydzynie.\",\"breadcrumb\":{\"@id\":\"https:\/\/quatronum.pl\/qsklep\/index.php\/produkt\/bal-fantasy\/#breadcrumb\"},\"inLanguage\":\"pl-PL\",\"potentialAction\":[{\"@type\":\"ReadAction\",\"target\":[\"https:\/\/quatronum.pl\/qsklep\/index.php\/produkt\/bal-fantasy\/\"]}]},{\"@type\":\"ImageObject\",\"inLanguage\":\"pl-PL\",\"@id\":\"https:\/\/quatronum.pl\/qsklep\/index.php\/produkt\/bal-fantasy\/#primaryimage\",\"url\":\"https:\/\/quatronum.pl\/qsklep\/wp-content\/uploads\/2025\/02\/bal.png\",\"contentUrl\":\"https:\/\/quatronum.pl\/qsklep\/wp-content\/uploads\/2025\/02\/bal.png\",\"width\":1080,\"height\":1080},{\"@type\":\"BreadcrumbList\",\"@id\":\"https:\/\/quatronum.pl\/qsklep\/index.php\/produkt\/bal-fantasy\/#breadcrumb\",\"itemListElement\":[{\"@type\":\"ListItem\",\"position\":1,\"name\":\"Strona g\u0142\u00f3wna\",\"item\":\"https:\/\/quatronum.pl\/qsklep\/\"},{\"@type\":\"ListItem\",\"position\":2,\"name\":\"Sklep\",\"item\":\"https:\/\/quatronum.pl\/qsklep\/index.php\/sklep\/\"},{\"@type\":\"ListItem\",\"position\":3,\"name\":\"Bal Fantasy Solturia w Zamku Kr\u00f3lewskim w Rydzynie\"}]},{\"@type\":\"WebSite\",\"@id\":\"https:\/\/quatronum.pl\/qsklep\/#website\",\"url\":\"https:\/\/quatronum.pl\/qsklep\/\",\"name\":\"Sklep Quatronum\",\"description\":\"Quatronum Sklep\",\"publisher\":{\"@id\":\"https:\/\/quatronum.pl\/qsklep\/#organization\"},\"potentialAction\":[{\"@type\":\"SearchAction\",\"target\":{\"@type\":\"EntryPoint\",\"urlTemplate\":\"https:\/\/quatronum.pl\/qsklep\/?s={search_term_string}\"},\"query-input\":{\"@type\":\"PropertyValueSpecification\",\"valueRequired\":true,\"valueName\":\"search_term_string\"}}],\"inLanguage\":\"pl-PL\"},{\"@type\":\"Organization\",\"@id\":\"https:\/\/quatronum.pl\/qsklep\/#organization\",\"name\":\"Sklep Quatronum\",\"url\":\"https:\/\/quatronum.pl\/qsklep\/\",\"logo\":{\"@type\":\"ImageObject\",\"inLanguage\":\"pl-PL\",\"@id\":\"https:\/\/quatronum.pl\/qsklep\/#\/schema\/logo\/image\/\",\"url\":\"https:\/\/quatronum.pl\/qsklep\/wp-content\/uploads\/2022\/01\/cropped-cropped-logo_male-2.png\",\"contentUrl\":\"https:\/\/quatronum.pl\/qsklep\/wp-content\/uploads\/2022\/01\/cropped-cropped-logo_male-2.png\",\"width\":680,\"height\":250,\"caption\":\"Sklep Quatronum\"},\"image\":{\"@id\":\"https:\/\/quatronum.pl\/qsklep\/#\/schema\/logo\/image\/\"}}]}<\/script>\n<!-- \/ Yoast SEO plugin. -->","yoast_head_json":{"title":"Bal Fantasy Solturia w Zamku Kr\u00f3lewskim w Rydzynie - Sklep Quatronum","description":"Bal Fantasy Solturia to wyj\u0105tkowe wydarzenie w klimacie dawnych dwor\u00f3w, magicznych \u015bwiat\u00f3w, pe\u0142ne ta\u0144ca, muzyki i niezapomnianych atrakcji. Wybierz jeden z dost\u0119pnych bilet\u00f3w i prze\u017cyj niezapomnian\u0105 noc w Zamku Kr\u00f3lewskim w Rydzynie.","robots":{"index":"index","follow":"follow","max-snippet":"max-snippet:-1","max-image-preview":"max-image-preview:large","max-video-preview":"max-video-preview:-1"},"canonical":"https:\/\/quatronum.pl\/qsklep\/index.php\/produkt\/bal-fantasy\/","og_locale":"pl_PL","og_type":"article","og_title":"Bal Fantasy Solturia w Zamku Kr\u00f3lewskim w Rydzynie - Sklep Quatronum","og_description":"Bal Fantasy Solturia to wyj\u0105tkowe wydarzenie w klimacie dawnych dwor\u00f3w, magicznych \u015bwiat\u00f3w, pe\u0142ne ta\u0144ca, muzyki i niezapomnianych atrakcji. Wybierz jeden z dost\u0119pnych bilet\u00f3w i prze\u017cyj niezapomnian\u0105 noc w Zamku Kr\u00f3lewskim w Rydzynie.","og_url":"https:\/\/quatronum.pl\/qsklep\/index.php\/produkt\/bal-fantasy\/","og_site_name":"Sklep Quatronum","article_modified_time":"2026-03-02T09:05:15+00:00","og_image":[{"width":1080,"height":1080,"url":"https:\/\/quatronum.pl\/qsklep\/wp-content\/uploads\/2025\/02\/bal.png","type":"image\/png"}],"twitter_card":"summary_large_image","twitter_misc":{"Szacowany czas czytania":"2 minuty"},"schema":{"@context":"https:\/\/schema.org","@graph":[{"@type":"WebPage","@id":"https:\/\/quatronum.pl\/qsklep\/index.php\/produkt\/bal-fantasy\/","url":"https:\/\/quatronum.pl\/qsklep\/index.php\/produkt\/bal-fantasy\/","name":"Bal Fantasy Solturia w Zamku Kr\u00f3lewskim w Rydzynie - Sklep Quatronum","isPartOf":{"@id":"https:\/\/quatronum.pl\/qsklep\/#website"},"primaryImageOfPage":{"@id":"https:\/\/quatronum.pl\/qsklep\/index.php\/produkt\/bal-fantasy\/#primaryimage"},"image":{"@id":"https:\/\/quatronum.pl\/qsklep\/index.php\/produkt\/bal-fantasy\/#primaryimage"},"thumbnailUrl":"https:\/\/quatronum.pl\/qsklep\/wp-content\/uploads\/2025\/02\/bal.png","datePublished":"2025-02-12T07:13:55+00:00","dateModified":"2026-03-02T09:05:15+00:00","description":"Bal Fantasy Solturia to wyj\u0105tkowe wydarzenie w klimacie dawnych dwor\u00f3w, magicznych \u015bwiat\u00f3w, pe\u0142ne ta\u0144ca, muzyki i niezapomnianych atrakcji. Wybierz jeden z dost\u0119pnych bilet\u00f3w i prze\u017cyj niezapomnian\u0105 noc w Zamku Kr\u00f3lewskim w Rydzynie.","breadcrumb":{"@id":"https:\/\/quatronum.pl\/qsklep\/index.php\/produkt\/bal-fantasy\/#breadcrumb"},"inLanguage":"pl-PL","potentialAction":[{"@type":"ReadAction","target":["https:\/\/quatronum.pl\/qsklep\/index.php\/produkt\/bal-fantasy\/"]}]},{"@type":"ImageObject","inLanguage":"pl-PL","@id":"https:\/\/quatronum.pl\/qsklep\/index.php\/produkt\/bal-fantasy\/#primaryimage","url":"https:\/\/quatronum.pl\/qsklep\/wp-content\/uploads\/2025\/02\/bal.png","contentUrl":"https:\/\/quatronum.pl\/qsklep\/wp-content\/uploads\/2025\/02\/bal.png","width":1080,"height":1080},{"@type":"BreadcrumbList","@id":"https:\/\/quatronum.pl\/qsklep\/index.php\/produkt\/bal-fantasy\/#breadcrumb","itemListElement":[{"@type":"ListItem","position":1,"name":"Strona g\u0142\u00f3wna","item":"https:\/\/quatronum.pl\/qsklep\/"},{"@type":"ListItem","position":2,"name":"Sklep","item":"https:\/\/quatronum.pl\/qsklep\/index.php\/sklep\/"},{"@type":"ListItem","position":3,"name":"Bal Fantasy Solturia w Zamku Kr\u00f3lewskim w Rydzynie"}]},{"@type":"WebSite","@id":"https:\/\/quatronum.pl\/qsklep\/#website","url":"https:\/\/quatronum.pl\/qsklep\/","name":"Sklep Quatronum","description":"Quatronum Sklep","publisher":{"@id":"https:\/\/quatronum.pl\/qsklep\/#organization"},"potentialAction":[{"@type":"SearchAction","target":{"@type":"EntryPoint","urlTemplate":"https:\/\/quatronum.pl\/qsklep\/?s={search_term_string}"},"query-input":{"@type":"PropertyValueSpecification","valueRequired":true,"valueName":"search_term_string"}}],"inLanguage":"pl-PL"},{"@type":"Organization","@id":"https:\/\/quatronum.pl\/qsklep\/#organization","name":"Sklep Quatronum","url":"https:\/\/quatronum.pl\/qsklep\/","logo":{"@type":"ImageObject","inLanguage":"pl-PL","@id":"https:\/\/quatronum.pl\/qsklep\/#\/schema\/logo\/image\/","url":"https:\/\/quatronum.pl\/qsklep\/wp-content\/uploads\/2022\/01\/cropped-cropped-logo_male-2.png","contentUrl":"https:\/\/quatronum.pl\/qsklep\/wp-content\/uploads\/2022\/01\/cropped-cropped-logo_male-2.png","width":680,"height":250,"caption":"Sklep Quatronum"},"image":{"@id":"https:\/\/quatronum.pl\/qsklep\/#\/schema\/logo\/image\/"}}]}},"jetpack_sharing_enabled":true,"_links":{"self":[{"href":"https:\/\/quatronum.pl\/qsklep\/index.php\/wp-json\/wp\/v2\/product\/1084","targetHints":{"allow":["GET"]}}],"collection":[{"href":"https:\/\/quatronum.pl\/qsklep\/index.php\/wp-json\/wp\/v2\/product"}],"about":[{"href":"https:\/\/quatronum.pl\/qsklep\/index.php\/wp-json\/wp\/v2\/types\/product"}],"replies":[{"embeddable":true,"href":"https:\/\/quatronum.pl\/qsklep\/index.php\/wp-json\/wp\/v2\/comments?post=1084"}],"wp:featuredmedia":[{"embeddable":true,"href":"https:\/\/quatronum.pl\/qsklep\/index.php\/wp-json\/wp\/v2\/media\/1257"}],"wp:attachment":[{"href":"https:\/\/quatronum.pl\/qsklep\/index.php\/wp-json\/wp\/v2\/media?parent=1084"}],"wp:term":[{"taxonomy":"product_brand","embeddable":true,"href":"https:\/\/quatronum.pl\/qsklep\/index.php\/wp-json\/wp\/v2\/product_brand?post=1084"},{"taxonomy":"product_cat","embeddable":true,"href":"https:\/\/quatronum.pl\/qsklep\/index.php\/wp-json\/wp\/v2\/product_cat?post=1084"},{"taxonomy":"product_tag","embeddable":true,"href":"https:\/\/quatronum.pl\/qsklep\/index.php\/wp-json\/wp\/v2\/product_tag?post=1084"}],"curies":[{"name":"wp","href":"https:\/\/api.w.org\/{rel}","templated":true}]}}