{"id":552,"date":"2023-07-21T08:49:27","date_gmt":"2023-07-21T06:49:27","guid":{"rendered":"https:\/\/quatronum.pl\/pp\/?page_id=552"},"modified":"2025-06-17T10:18:36","modified_gmt":"2025-06-17T08:18:36","slug":"newsy","status":"publish","type":"page","link":"https:\/\/quatronum.pl\/pp\/newsy\/","title":{"rendered":"Newsy"},"content":{"rendered":"\t\t<div data-elementor-type=\"wp-page\" data-elementor-id=\"552\" class=\"elementor elementor-552\" data-elementor-post-type=\"page\">\n\t\t\t\t\t\t<section class=\"elementor-section elementor-top-section elementor-element elementor-element-e7d6958 elementor-section-boxed elementor-section-height-default elementor-section-height-default\" data-id=\"e7d6958\" data-element_type=\"section\">\n\t\t\t\t\t\t<div class=\"elementor-container elementor-column-gap-default\">\n\t\t\t\t\t<div class=\"elementor-column elementor-col-100 elementor-top-column elementor-element elementor-element-e2ecbbf\" data-id=\"e2ecbbf\" data-element_type=\"column\">\n\t\t\t<div class=\"elementor-widget-wrap elementor-element-populated\">\n\t\t\t\t\t\t<div class=\"elementor-element elementor-element-e1a9047 elementor-grid-4 elementor-grid-tablet-2 elementor-grid-mobile-1 elementor-posts--thumbnail-top elementor-card-shadow-yes elementor-posts__hover-gradient elementor-widget elementor-widget-posts\" data-id=\"e1a9047\" data-element_type=\"widget\" data-settings=\"{&quot;pagination_type&quot;:&quot;numbers_and_prev_next&quot;,&quot;cards_columns&quot;:&quot;4&quot;,&quot;cards_columns_tablet&quot;:&quot;2&quot;,&quot;cards_columns_mobile&quot;:&quot;1&quot;,&quot;cards_row_gap&quot;:{&quot;unit&quot;:&quot;px&quot;,&quot;size&quot;:35,&quot;sizes&quot;:[]},&quot;cards_row_gap_tablet&quot;:{&quot;unit&quot;:&quot;px&quot;,&quot;size&quot;:&quot;&quot;,&quot;sizes&quot;:[]},&quot;cards_row_gap_mobile&quot;:{&quot;unit&quot;:&quot;px&quot;,&quot;size&quot;:&quot;&quot;,&quot;sizes&quot;:[]}}\" data-widget_type=\"posts.cards\">\n\t\t\t\t<div class=\"elementor-widget-container\">\n\t\t\t\t\t\t\t<div class=\"elementor-posts-container elementor-posts elementor-posts--skin-cards elementor-grid\">\n\t\t\t\t<article class=\"elementor-post elementor-grid-item post-84499 post type-post status-publish format-standard has-post-thumbnail hentry category-bez-kategorii\">\n\t\t\t<div class=\"elementor-post__card\">\n\t\t\t\t<a class=\"elementor-post__thumbnail__link\" href=\"https:\/\/quatronum.pl\/pp\/iii-konferencja-poczuj-zeby-zrozumiec\/\" tabindex=\"-1\" ><div class=\"elementor-post__thumbnail\"><img decoding=\"async\" width=\"300\" height=\"150\" src=\"https:\/\/quatronum.pl\/pp\/wp-content\/uploads\/2025\/06\/Aktualnosci-300x150.png\" class=\"attachment-medium size-medium wp-image-84381\" alt=\"\" srcset=\"https:\/\/quatronum.pl\/pp\/wp-content\/uploads\/2025\/06\/Aktualnosci-300x150.png 300w, https:\/\/quatronum.pl\/pp\/wp-content\/uploads\/2025\/06\/Aktualnosci.png 625w\" sizes=\"(max-width: 300px) 100vw, 300px\" \/><\/div><\/a>\n\t\t\t\t<div class=\"elementor-post__text\">\n\t\t\t\t<h3 class=\"elementor-post__title\">\n\t\t\t<a href=\"https:\/\/quatronum.pl\/pp\/iii-konferencja-poczuj-zeby-zrozumiec\/\" >\n\t\t\t\tIII Konferencja &#8222;Poczuj, \u017ceby zrozumie\u0107&#8221;\t\t\t<\/a>\n\t\t<\/h3>\n\t\t\t\t<div class=\"elementor-post__excerpt\">\n\t\t\t<p>III \u015al\u0105ska Konferencja \u201ePoczuj, \u017ceby zrozumie\u0107 \u2013 Transformacja pokole\u0144 \u2013 od poznawania do zrozumienia \u201dodb\u0119dzie si\u0119 20 X 2025 w godzinach 09:30 \u2013 14:00 i<\/p>\n\t\t<\/div>\n\t\t\n\t\t<a class=\"elementor-post__read-more\" href=\"https:\/\/quatronum.pl\/pp\/iii-konferencja-poczuj-zeby-zrozumiec\/\" aria-label=\"Read more about III Konferencja &#8222;Poczuj, \u017ceby zrozumie\u0107&#8221;\" tabindex=\"-1\" >\n\t\t\tWi\u0119cej \u00bb\t\t<\/a>\n\n\t\t\t\t<\/div>\n\t\t\t\t<div class=\"elementor-post__meta-data\">\n\t\t\t\t\t<span class=\"elementor-post-date\">\n\t\t\t2025-09-03\t\t<\/span>\n\t\t\t\t<\/div>\n\t\t\t\t\t<\/div>\n\t\t<\/article>\n\t\t\t\t<article class=\"elementor-post elementor-grid-item post-84376 post type-post status-publish format-standard has-post-thumbnail hentry category-bez-kategorii\">\n\t\t\t<div class=\"elementor-post__card\">\n\t\t\t\t<a class=\"elementor-post__thumbnail__link\" href=\"https:\/\/quatronum.pl\/pp\/podziekowanie\/\" tabindex=\"-1\" ><div class=\"elementor-post__thumbnail\"><img decoding=\"async\" width=\"300\" height=\"150\" src=\"https:\/\/quatronum.pl\/pp\/wp-content\/uploads\/2025\/06\/Aktualnosci-300x150.png\" class=\"attachment-medium size-medium wp-image-84381\" alt=\"\" srcset=\"https:\/\/quatronum.pl\/pp\/wp-content\/uploads\/2025\/06\/Aktualnosci-300x150.png 300w, https:\/\/quatronum.pl\/pp\/wp-content\/uploads\/2025\/06\/Aktualnosci.png 625w\" sizes=\"(max-width: 300px) 100vw, 300px\" \/><\/div><\/a>\n\t\t\t\t<div class=\"elementor-post__text\">\n\t\t\t\t<h3 class=\"elementor-post__title\">\n\t\t\t<a href=\"https:\/\/quatronum.pl\/pp\/podziekowanie\/\" >\n\t\t\t\tPodzi\u0119kowanie\t\t\t<\/a>\n\t\t<\/h3>\n\t\t\t\t<div class=\"elementor-post__excerpt\">\n\t\t\t<p>Partnerzy projektu : My Wayyy,\u00a0Wiener TU S.A.\u00a0,\u00a0Quatronum\u00a0,\u00a0Qubus Group sp. z o.o.\u00a0Kancelaria FTL D\u0142ugosz Stolarski,\u00a0Pizzeria u BATMANA oraz firma Ziaja.<\/p>\n\t\t<\/div>\n\t\t\n\t\t<a class=\"elementor-post__read-more\" href=\"https:\/\/quatronum.pl\/pp\/podziekowanie\/\" aria-label=\"Read more about Podzi\u0119kowanie\" tabindex=\"-1\" >\n\t\t\tWi\u0119cej \u00bb\t\t<\/a>\n\n\t\t\t\t<\/div>\n\t\t\t\t<div class=\"elementor-post__meta-data\">\n\t\t\t\t\t<span class=\"elementor-post-date\">\n\t\t\t2025-06-16\t\t<\/span>\n\t\t\t\t<\/div>\n\t\t\t\t\t<\/div>\n\t\t<\/article>\n\t\t\t\t<article class=\"elementor-post elementor-grid-item post-84446 post type-post status-publish format-standard has-post-thumbnail hentry category-bez-kategorii\">\n\t\t\t<div class=\"elementor-post__card\">\n\t\t\t\t<a class=\"elementor-post__thumbnail__link\" href=\"https:\/\/quatronum.pl\/pp\/uniwersytet-slaski-w-cieszynie\/\" tabindex=\"-1\" ><div class=\"elementor-post__thumbnail\"><img decoding=\"async\" width=\"300\" height=\"150\" src=\"https:\/\/quatronum.pl\/pp\/wp-content\/uploads\/2025\/06\/Aktualnosci-300x150.png\" class=\"attachment-medium size-medium wp-image-84381\" alt=\"\" srcset=\"https:\/\/quatronum.pl\/pp\/wp-content\/uploads\/2025\/06\/Aktualnosci-300x150.png 300w, https:\/\/quatronum.pl\/pp\/wp-content\/uploads\/2025\/06\/Aktualnosci.png 625w\" sizes=\"(max-width: 300px) 100vw, 300px\" \/><\/div><\/a>\n\t\t\t\t<div class=\"elementor-post__text\">\n\t\t\t\t<h3 class=\"elementor-post__title\">\n\t\t\t<a href=\"https:\/\/quatronum.pl\/pp\/uniwersytet-slaski-w-cieszynie\/\" >\n\t\t\t\tUniwersytet \u015alaski w Cieszynie\t\t\t<\/a>\n\t\t<\/h3>\n\t\t\t\t<div class=\"elementor-post__excerpt\">\n\t\t\t<p>Na zaproszenie dr Wies\u0142awa Walkowska przewodnicz\u0105cej \u015al\u0105skiej Rady Senior\u00f3w mieli\u015bmy zaszczyt i przyjemno\u015b\u0107 uczestniczy\u0107 w mi\u0119dzypokoleniowym spotkaniu na Wydziale Sztuki i Nauki o Edukacji Uniwersytet<\/p>\n\t\t<\/div>\n\t\t\n\t\t<a class=\"elementor-post__read-more\" href=\"https:\/\/quatronum.pl\/pp\/uniwersytet-slaski-w-cieszynie\/\" aria-label=\"Read more about Uniwersytet \u015alaski w Cieszynie\" tabindex=\"-1\" >\n\t\t\tWi\u0119cej \u00bb\t\t<\/a>\n\n\t\t\t\t<\/div>\n\t\t\t\t<div class=\"elementor-post__meta-data\">\n\t\t\t\t\t<span class=\"elementor-post-date\">\n\t\t\t2025-06-10\t\t<\/span>\n\t\t\t\t<\/div>\n\t\t\t\t\t<\/div>\n\t\t<\/article>\n\t\t\t\t<article class=\"elementor-post elementor-grid-item post-84456 post type-post status-publish format-standard has-post-thumbnail hentry category-bez-kategorii\">\n\t\t\t<div class=\"elementor-post__card\">\n\t\t\t\t<a class=\"elementor-post__thumbnail__link\" href=\"https:\/\/quatronum.pl\/pp\/warsztaty-w-katowicach\/\" tabindex=\"-1\" ><div class=\"elementor-post__thumbnail\"><img decoding=\"async\" width=\"300\" height=\"150\" src=\"https:\/\/quatronum.pl\/pp\/wp-content\/uploads\/2024\/10\/Aktualnosci2-300x150.png\" class=\"attachment-medium size-medium wp-image-84419\" alt=\"\" srcset=\"https:\/\/quatronum.pl\/pp\/wp-content\/uploads\/2024\/10\/Aktualnosci2-300x150.png 300w, https:\/\/quatronum.pl\/pp\/wp-content\/uploads\/2024\/10\/Aktualnosci2.png 625w\" sizes=\"(max-width: 300px) 100vw, 300px\" \/><\/div><\/a>\n\t\t\t\t<div class=\"elementor-post__text\">\n\t\t\t\t<h3 class=\"elementor-post__title\">\n\t\t\t<a href=\"https:\/\/quatronum.pl\/pp\/warsztaty-w-katowicach\/\" >\n\t\t\t\tWarsztaty w Katowicach\t\t\t<\/a>\n\t\t<\/h3>\n\t\t\t\t<div class=\"elementor-post__excerpt\">\n\t\t\t<p>Za nami kolejne warsztaty dla pracownik\u00f3w instytucji z terenu Katowic.Uczestnicy do\u015bwiadczyli na sobie, jak wygl\u0105da codzienne funkcjonowanie os\u00f3b starszych oraz os\u00f3b z niepe\u0142nosprawno\u015bciami.Podczas warsztat\u00f3w wykorzystano<\/p>\n\t\t<\/div>\n\t\t\n\t\t<a class=\"elementor-post__read-more\" href=\"https:\/\/quatronum.pl\/pp\/warsztaty-w-katowicach\/\" aria-label=\"Read more about Warsztaty w Katowicach\" tabindex=\"-1\" >\n\t\t\tWi\u0119cej \u00bb\t\t<\/a>\n\n\t\t\t\t<\/div>\n\t\t\t\t<div class=\"elementor-post__meta-data\">\n\t\t\t\t\t<span class=\"elementor-post-date\">\n\t\t\t2025-06-08\t\t<\/span>\n\t\t\t\t<\/div>\n\t\t\t\t\t<\/div>\n\t\t<\/article>\n\t\t\t\t<article class=\"elementor-post elementor-grid-item post-84465 post type-post status-publish format-standard has-post-thumbnail hentry category-bez-kategorii\">\n\t\t\t<div class=\"elementor-post__card\">\n\t\t\t\t<a class=\"elementor-post__thumbnail__link\" href=\"https:\/\/quatronum.pl\/pp\/wyjatkowe-warsztaty\/\" tabindex=\"-1\" ><div class=\"elementor-post__thumbnail\"><img decoding=\"async\" width=\"300\" height=\"150\" src=\"https:\/\/quatronum.pl\/pp\/wp-content\/uploads\/2024\/10\/Aktualnosci2-300x150.png\" class=\"attachment-medium size-medium wp-image-84419\" alt=\"\" srcset=\"https:\/\/quatronum.pl\/pp\/wp-content\/uploads\/2024\/10\/Aktualnosci2-300x150.png 300w, https:\/\/quatronum.pl\/pp\/wp-content\/uploads\/2024\/10\/Aktualnosci2.png 625w\" sizes=\"(max-width: 300px) 100vw, 300px\" \/><\/div><\/a>\n\t\t\t\t<div class=\"elementor-post__text\">\n\t\t\t\t<h3 class=\"elementor-post__title\">\n\t\t\t<a href=\"https:\/\/quatronum.pl\/pp\/wyjatkowe-warsztaty\/\" >\n\t\t\t\tWyj\u0105tkowe Warsztaty\t\t\t<\/a>\n\t\t<\/h3>\n\t\t\t\t<div class=\"elementor-post__excerpt\">\n\t\t\t<p>Wyj\u0105tkowe warsztaty.Mieli\u015bmy przyjemno\u015b\u0107 poprowadzi\u0107 warsztaty dla kadry zarz\u0105dzaj\u0105cej firmy Atalian. Menad\u017cerowie r\u00f3\u017cnych dzia\u0142\u00f3w wcielali si\u0119 w role os\u00f3b starszych oraz os\u00f3b z niepe\u0142nosprawno\u015bciami, by na<\/p>\n\t\t<\/div>\n\t\t\n\t\t<a class=\"elementor-post__read-more\" href=\"https:\/\/quatronum.pl\/pp\/wyjatkowe-warsztaty\/\" aria-label=\"Read more about Wyj\u0105tkowe Warsztaty\" tabindex=\"-1\" >\n\t\t\tWi\u0119cej \u00bb\t\t<\/a>\n\n\t\t\t\t<\/div>\n\t\t\t\t<div class=\"elementor-post__meta-data\">\n\t\t\t\t\t<span class=\"elementor-post-date\">\n\t\t\t2025-06-05\t\t<\/span>\n\t\t\t\t<\/div>\n\t\t\t\t\t<\/div>\n\t\t<\/article>\n\t\t\t\t<article class=\"elementor-post elementor-grid-item post-84472 post type-post status-publish format-standard has-post-thumbnail hentry category-bez-kategorii\">\n\t\t\t<div class=\"elementor-post__card\">\n\t\t\t\t<a class=\"elementor-post__thumbnail__link\" href=\"https:\/\/quatronum.pl\/pp\/warsztaty-w-katowicach-2\/\" tabindex=\"-1\" ><div class=\"elementor-post__thumbnail\"><img decoding=\"async\" width=\"300\" height=\"150\" src=\"https:\/\/quatronum.pl\/pp\/wp-content\/uploads\/2024\/10\/Aktualnosci2-300x150.png\" class=\"attachment-medium size-medium wp-image-84419\" alt=\"\" srcset=\"https:\/\/quatronum.pl\/pp\/wp-content\/uploads\/2024\/10\/Aktualnosci2-300x150.png 300w, https:\/\/quatronum.pl\/pp\/wp-content\/uploads\/2024\/10\/Aktualnosci2.png 625w\" sizes=\"(max-width: 300px) 100vw, 300px\" \/><\/div><\/a>\n\t\t\t\t<div class=\"elementor-post__text\">\n\t\t\t\t<h3 class=\"elementor-post__title\">\n\t\t\t<a href=\"https:\/\/quatronum.pl\/pp\/warsztaty-w-katowicach-2\/\" >\n\t\t\t\tWarsztaty w Katowicach\t\t\t<\/a>\n\t\t<\/h3>\n\t\t\t\t<div class=\"elementor-post__excerpt\">\n\t\t\t<p>Za nami warsztaty dla pracownik\u00f3w instytucji z terenu Katowic.Uczestnicy do\u015bwiadczyli na sobie, jak wygl\u0105da codzienne funkcjonowanie os\u00f3b starszych oraz os\u00f3b z niepe\u0142nosprawno\u015bciami.Po raz kolejny potwierdzi\u0142o<\/p>\n\t\t<\/div>\n\t\t\n\t\t<a class=\"elementor-post__read-more\" href=\"https:\/\/quatronum.pl\/pp\/warsztaty-w-katowicach-2\/\" aria-label=\"Read more about Warsztaty w Katowicach\" tabindex=\"-1\" >\n\t\t\tWi\u0119cej \u00bb\t\t<\/a>\n\n\t\t\t\t<\/div>\n\t\t\t\t<div class=\"elementor-post__meta-data\">\n\t\t\t\t\t<span class=\"elementor-post-date\">\n\t\t\t2025-05-31\t\t<\/span>\n\t\t\t\t<\/div>\n\t\t\t\t\t<\/div>\n\t\t<\/article>\n\t\t\t\t<article class=\"elementor-post elementor-grid-item post-84365 post type-post status-publish format-standard has-post-thumbnail hentry category-bez-kategorii\">\n\t\t\t<div class=\"elementor-post__card\">\n\t\t\t\t<a class=\"elementor-post__thumbnail__link\" href=\"https:\/\/quatronum.pl\/pp\/godnosc-osob-niepelnosprawnych\/\" tabindex=\"-1\" ><div class=\"elementor-post__thumbnail\"><img decoding=\"async\" width=\"300\" height=\"150\" src=\"https:\/\/quatronum.pl\/pp\/wp-content\/uploads\/2025\/06\/Aktualnosci-300x150.png\" class=\"attachment-medium size-medium wp-image-84381\" alt=\"\" srcset=\"https:\/\/quatronum.pl\/pp\/wp-content\/uploads\/2025\/06\/Aktualnosci-300x150.png 300w, https:\/\/quatronum.pl\/pp\/wp-content\/uploads\/2025\/06\/Aktualnosci.png 625w\" sizes=\"(max-width: 300px) 100vw, 300px\" \/><\/div><\/a>\n\t\t\t\t<div class=\"elementor-post__text\">\n\t\t\t\t<h3 class=\"elementor-post__title\">\n\t\t\t<a href=\"https:\/\/quatronum.pl\/pp\/godnosc-osob-niepelnosprawnych\/\" >\n\t\t\t\t\u201eGodno\u015b\u0107 Os\u00f3b Niepe\u0142nosprawnych\u201d\t\t\t<\/a>\n\t\t<\/h3>\n\t\t\t\t<div class=\"elementor-post__excerpt\">\n\t\t\t<p>Mieli\u015bmy przyjemno\u015b\u0107 uczestniczy\u0107 w wyj\u0105tkowym wydarzeniu po\u015bwi\u0119conym godno\u015bci os\u00f3b z niepe\u0142nosprawno\u015bciami, kt\u00f3re odby\u0142o si\u0119 z inicjatywy Powiatowego Urz\u0119du Pracy w Jaworznie w Jaworznickie Laboratorium Biznesu.Podczas<\/p>\n\t\t<\/div>\n\t\t\n\t\t<a class=\"elementor-post__read-more\" href=\"https:\/\/quatronum.pl\/pp\/godnosc-osob-niepelnosprawnych\/\" aria-label=\"Read more about \u201eGodno\u015b\u0107 Os\u00f3b Niepe\u0142nosprawnych\u201d\" tabindex=\"-1\" >\n\t\t\tWi\u0119cej \u00bb\t\t<\/a>\n\n\t\t\t\t<\/div>\n\t\t\t\t<div class=\"elementor-post__meta-data\">\n\t\t\t\t\t<span class=\"elementor-post-date\">\n\t\t\t2025-05-30\t\t<\/span>\n\t\t\t\t<\/div>\n\t\t\t\t\t<\/div>\n\t\t<\/article>\n\t\t\t\t<article class=\"elementor-post elementor-grid-item post-84482 post type-post status-publish format-standard has-post-thumbnail hentry category-bez-kategorii\">\n\t\t\t<div class=\"elementor-post__card\">\n\t\t\t\t<a class=\"elementor-post__thumbnail__link\" href=\"https:\/\/quatronum.pl\/pp\/uniwersytet-slaski-w-katowicach\/\" tabindex=\"-1\" ><div class=\"elementor-post__thumbnail\"><img decoding=\"async\" width=\"300\" height=\"150\" src=\"https:\/\/quatronum.pl\/pp\/wp-content\/uploads\/2024\/10\/Aktualnosci2-300x150.png\" class=\"attachment-medium size-medium wp-image-84419\" alt=\"\" srcset=\"https:\/\/quatronum.pl\/pp\/wp-content\/uploads\/2024\/10\/Aktualnosci2-300x150.png 300w, https:\/\/quatronum.pl\/pp\/wp-content\/uploads\/2024\/10\/Aktualnosci2.png 625w\" sizes=\"(max-width: 300px) 100vw, 300px\" \/><\/div><\/a>\n\t\t\t\t<div class=\"elementor-post__text\">\n\t\t\t\t<h3 class=\"elementor-post__title\">\n\t\t\t<a href=\"https:\/\/quatronum.pl\/pp\/uniwersytet-slaski-w-katowicach\/\" >\n\t\t\t\tUniwersytet \u015alaski w Katowicach\t\t\t<\/a>\n\t\t<\/h3>\n\t\t\t\t<div class=\"elementor-post__excerpt\">\n\t\t\t<p>Spotkanie na Uniwersytecie \u015al\u0105skim.Dwa pokoleniaR\u00f3\u017cne potrzebyR\u00f3\u017cne do\u015bwiadczeniaR\u00f3\u017cne ograniczeniaJak si\u0119 wzajemnie zrozumie\u0107?Naszym zdaniem trzeba Poczuj, \u017ceby zrozumie\u0107 , dlatego tak wa\u017cne by\u0142o spotkanie zorganizowane przez Pani\u0105<\/p>\n\t\t<\/div>\n\t\t\n\t\t<a class=\"elementor-post__read-more\" href=\"https:\/\/quatronum.pl\/pp\/uniwersytet-slaski-w-katowicach\/\" aria-label=\"Read more about Uniwersytet \u015alaski w Katowicach\" tabindex=\"-1\" >\n\t\t\tWi\u0119cej \u00bb\t\t<\/a>\n\n\t\t\t\t<\/div>\n\t\t\t\t<div class=\"elementor-post__meta-data\">\n\t\t\t\t\t<span class=\"elementor-post-date\">\n\t\t\t2025-05-28\t\t<\/span>\n\t\t\t\t<\/div>\n\t\t\t\t\t<\/div>\n\t\t<\/article>\n\t\t\t\t<\/div>\n\t\t\n\t\t\t\t<div class=\"e-load-more-anchor\" data-page=\"1\" data-max-page=\"5\" data-next-page=\"https:\/\/quatronum.pl\/pp\/wp-json\/wp\/v2\/pages\/552\/page\/2\/\"><\/div>\n\t\t\t\t<nav class=\"elementor-pagination\" aria-label=\"Pagination\">\n\t\t\t<span class=\"page-numbers prev\">&laquo; Poprzedni<\/span>\n<span aria-current=\"page\" class=\"page-numbers current\"><span class=\"elementor-screen-only\">Page<\/span>1<\/span>\n<a class=\"page-numbers\" href=\"https:\/\/quatronum.pl\/pp\/wp-json\/wp\/v2\/pages\/552\/page\/2\/\"><span class=\"elementor-screen-only\">Page<\/span>2<\/a>\n<a class=\"page-numbers\" href=\"https:\/\/quatronum.pl\/pp\/wp-json\/wp\/v2\/pages\/552\/page\/3\/\"><span class=\"elementor-screen-only\">Page<\/span>3<\/a>\n<a class=\"page-numbers\" href=\"https:\/\/quatronum.pl\/pp\/wp-json\/wp\/v2\/pages\/552\/page\/4\/\"><span class=\"elementor-screen-only\">Page<\/span>4<\/a>\n<a class=\"page-numbers\" href=\"https:\/\/quatronum.pl\/pp\/wp-json\/wp\/v2\/pages\/552\/page\/5\/\"><span class=\"elementor-screen-only\">Page<\/span>5<\/a>\n<a class=\"page-numbers next\" href=\"https:\/\/quatronum.pl\/pp\/wp-json\/wp\/v2\/pages\/552\/page\/2\/\">Nast\u0119pny &raquo;<\/a>\t\t<\/nav>\n\t\t\t\t\t\t<\/div>\n\t\t\t\t<\/div>\n\t\t\t\t\t<\/div>\n\t\t<\/div>\n\t\t\t\t\t<\/div>\n\t\t<\/section>\n\t\t\t\t<\/div>\n\t\t","protected":false},"excerpt":{"rendered":"","protected":false},"author":2,"featured_media":0,"parent":0,"menu_order":0,"comment_status":"closed","ping_status":"closed","template":"page-templates\/template-pagebuilder-full-width.php","meta":{"neve_meta_sidebar":"","neve_meta_container":"","neve_meta_enable_content_width":"","neve_meta_content_width":0,"neve_meta_title_alignment":"","neve_meta_author_avatar":"","neve_post_elements_order":"","neve_meta_disable_header":"","neve_meta_disable_footer":"","neve_meta_disable_title":"","footnotes":""},"class_list":["post-552","page","type-page","status-publish","hentry"],"_links":{"self":[{"href":"https:\/\/quatronum.pl\/pp\/wp-json\/wp\/v2\/pages\/552","targetHints":{"allow":["GET"]}}],"collection":[{"href":"https:\/\/quatronum.pl\/pp\/wp-json\/wp\/v2\/pages"}],"about":[{"href":"https:\/\/quatronum.pl\/pp\/wp-json\/wp\/v2\/types\/page"}],"author":[{"embeddable":true,"href":"https:\/\/quatronum.pl\/pp\/wp-json\/wp\/v2\/users\/2"}],"replies":[{"embeddable":true,"href":"https:\/\/quatronum.pl\/pp\/wp-json\/wp\/v2\/comments?post=552"}],"version-history":[{"count":13,"href":"https:\/\/quatronum.pl\/pp\/wp-json\/wp\/v2\/pages\/552\/revisions"}],"predecessor-version":[{"id":84425,"href":"https:\/\/quatronum.pl\/pp\/wp-json\/wp\/v2\/pages\/552\/revisions\/84425"}],"wp:attachment":[{"href":"https:\/\/quatronum.pl\/pp\/wp-json\/wp\/v2\/media?parent=552"}],"curies":[{"name":"wp","href":"https:\/\/api.w.org\/{rel}","templated":true}]}}