{"id":497,"date":"2023-07-04T08:36:36","date_gmt":"2023-07-04T06:36:36","guid":{"rendered":"https:\/\/quatronum.pl\/pp\/?page_id=497"},"modified":"2023-07-04T08:36:36","modified_gmt":"2023-07-04T06:36:36","slug":"zarezerwuj","status":"publish","type":"page","link":"https:\/\/quatronum.pl\/pp\/zarezerwuj\/","title":{"rendered":"Zarezerwuj"},"content":{"rendered":"<noscript class=\"ninja-forms-noscript-message\">\n\tUwaga: ta zawarto\u015b\u0107 wymaga obs\u0142ugi j\u0119zyka JavaScript.<\/noscript>\n<div id=\"nf-form-2-cont\" class=\"nf-form-cont\" aria-live=\"polite\" aria-labelledby=\"nf-form-title-2\" aria-describedby=\"nf-form-errors-2\" role=\"form\">\n\n    <div class=\"nf-loading-spinner\"><\/div>\n\n<\/div>\n        <!-- That data is being printed as a workaround to page builders reordering the order of the scripts loaded-->\n        <script>var formDisplay=1;var nfForms=nfForms||[];var form=[];form.id='2';form.settings={\"objectType\":\"Form Setting\",\"editActive\":true,\"title\":\"Warsztaty - Poczuj, \\u017ceby zrozumie\\u0107\",\"created_at\":\"2016-08-28 16:16:05\",\"form_title\":\"Event Registration\",\"default_label_pos\":\"above\",\"show_title\":\"1\",\"clear_complete\":\"1\",\"hide_complete\":\"1\",\"logged_in\":\"0\",\"key\":\"\",\"wrapper_class\":\"\",\"element_class\":\"\",\"add_submit\":\"0\",\"not_logged_in_msg\":\"\",\"sub_limit_number\":\"\",\"sub_limit_msg\":\"\",\"calculations\":[],\"formContentData\":[\"warsztaty_poczuj_zeby_zrozumiec_1687873987111\",\"wybierz_warsztat_lub_szkolenie_1695896326529\",\"hr\",\"firstname_1689319724272\",\"lastname_1689319727930\",\"nazwa_firmy_szkoly_1689319866796\",\"phone_1689319737599\",\"email_1689319743184\",\"miasto_1695375574367\",\"informacje_dodatkowe_1689319848997\",\"hr_1687874599069\",\"wyslij_zgloszenie_1689074999726\"],\"currency\":\"\",\"unique_field_error\":\"Formularz z t\\u0105 warto\\u015bci\\u0105 zosta\\u0142 ju\\u017c przes\\u0142any.\",\"allow_public_link\":1,\"embed_form\":\"\",\"form_title_heading_level\":\"3\",\"public_link\":\"https:\\\/\\\/quatronum.pl\\\/pp\\\/ninja-forms\\\/2hbut\",\"changeEmailErrorMsg\":\"Wprowad\\u017a prawid\\u0142owy adres e-mail!\",\"changeDateErrorMsg\":\"Please enter a valid date!\",\"confirmFieldErrorMsg\":\"Te pola musz\\u0105 si\\u0119 zgadza\\u0107!\",\"fieldNumberNumMinError\":\"B\\u0142\\u0105d \\u2014 liczba minimalna\",\"fieldNumberNumMaxError\":\"B\\u0142\\u0105d \\u2014 liczba maksymalna\",\"fieldNumberIncrementBy\":\"Zwi\\u0119ksz o \",\"formErrorsCorrectErrors\":\"Popraw b\\u0142\\u0119dy, zanim prze\\u015blesz formularz.\",\"validateRequiredField\":\"To jest wymagane pole.\",\"honeypotHoneypotError\":\"B\\u0142\\u0105d Honeypot\",\"fieldsMarkedRequired\":\"Pola oznaczone znakiem <span class=\\\"ninja-forms-req-symbol\\\">*<\\\/span> s\\u0105 wymagane\",\"drawerDisabled\":false,\"public_link_key\":\"2hbut\",\"ninjaForms\":\"Ninja Forms\",\"fieldTextareaRTEInsertLink\":\"Wstaw odno\\u015bnik\",\"fieldTextareaRTEInsertMedia\":\"Wstaw media\",\"fieldTextareaRTESelectAFile\":\"Wybierz plik\",\"formHoneypot\":\"Je\\u015bli jeste\\u015b cz\\u0142owiekiem i widzisz to pole, nie wype\\u0142niaj go.\",\"fileUploadOldCodeFileUploadInProgress\":\"Przesy\\u0142anie pliku w toku.\",\"fileUploadOldCodeFileUpload\":\"PRZESY\\u0141ANIE PLIKU\",\"currencySymbol\":\"&#122;&#322;\",\"thousands_sep\":\"&nbsp;\",\"decimal_point\":\",\",\"siteLocale\":\"pl_PL\",\"dateFormat\":\"m\\\/d\\\/Y\",\"startOfWeek\":\"1\",\"of\":\"z\",\"previousMonth\":\"Poprzedni miesi\\u0105c\",\"nextMonth\":\"Nast\\u0119pny miesi\\u0105c\",\"months\":[\"stycze\\u0144\",\"luty\",\"marzec\",\"kwiecie\\u0144\",\"maj\",\"czerwiec\",\"lipiec\",\"sierpie\\u0144\",\"wrzesie\\u0144\",\"pa\\u017adziernik\",\"listopad\",\"grudzie\\u0144\"],\"monthsShort\":[\"sty\",\"lut\",\"mar\",\"kw.\",\"maj\",\"cze\",\"lip\",\"sie\",\"wrz\",\"pa\\u017a\",\"lis\",\"gru\"],\"weekdays\":[\"niedziela\",\"poniedzia\\u0142ek\",\"wtorek\",\"\\u015broda\",\"czwartek\",\"pi\\u0105tek\",\"sobota\"],\"weekdaysShort\":[\"niedz.\",\"pon.\",\"wt.\",\"\\u015br.\",\"czw.\",\"pt.\",\"sob.\"],\"weekdaysMin\":[\"niedz.\",\"pon.\",\"wt.\",\"\\u015br.\",\"czw.\",\"pt.\",\"sob.\"],\"recaptchaConsentMissing\":\"reCaptcha validation couldn&#039;t load.\",\"recaptchaMissingCookie\":\"reCaptcha v3 validation couldn&#039;t load the cookie needed to submit the form.\",\"recaptchaConsentEvent\":\"Accept reCaptcha cookies before sending the form.\",\"currency_symbol\":\"\",\"beforeForm\":\"\",\"beforeFields\":\"\",\"afterFields\":\"\",\"afterForm\":\"\"};form.fields=[{\"objectType\":\"Field\",\"objectDomain\":\"fields\",\"editActive\":false,\"order\":1,\"idAttribute\":\"id\",\"label\":\"Warsztaty \\\"Poczuj, \\u017ceby zrozumie\\u0107\\\"\",\"key\":\"warsztaty_poczuj_zeby_zrozumiec_1687873987111\",\"type\":\"html\",\"created_at\":\"2016-08-28 16:16:05\",\"default\":\"<p>&nbsp;&nbsp;&nbsp;&nbsp;Warsztat \\\"Poczuj \\u017ceby zrozumie\\u0107\\\" dedykujemy dla szk\\u00f3\\u0142 podstawowych oraz ponadpodstawowych. Pod czujnym okiem dw\\u00f3ch edukator\\u00f3w w ci\\u0105gu dw\\u00f3ch godzin&nbsp;<span style=\\\"font-family: -apple-system, BlinkMacSystemFont, &quot;Segoe UI&quot;, Roboto, Oxygen-Sans, Ubuntu, Cantarell, &quot;Helvetica Neue&quot;, sans-serif;\\\">uczestnicy:&nbsp;<\\\/span><\\\/p><ul><li><span style=\\\"font-family: -apple-system, BlinkMacSystemFont, &quot;Segoe UI&quot;, Roboto, Oxygen-Sans, Ubuntu, Cantarell, &quot;Helvetica Neue&quot;, sans-serif;\\\">do\\u015bwiadczaj\\u0105 zaburze\\u0144 obserwacji i pola widzenia, zmiejszonej ruchliwo\\u015bci i mobilno\\u015bci cia\\u0142a, zaburzenia s\\u0142uchu, ograniczenia czucia r\\u0105k, niew\\u0142a\\u015bciwej pozycji sylwetki, ograniczenia ruchu staw\\u00f3w.<\\\/span><\\\/li><li><span style=\\\"font-family: -apple-system, BlinkMacSystemFont, &quot;Segoe UI&quot;, Roboto, Oxygen-Sans, Ubuntu, Cantarell, &quot;Helvetica Neue&quot;, sans-serif;\\\">ucz\\u0105 si\\u0119 otwarto\\u015bci, komunikacji oraz wsp\\u00f3\\u0142pracy dzi\\u0119ki pracy zwi\\u0105zanymi z narz\\u0119dziami krytycznego my\\u015blenia, porozumienia bez przemocy.<\\\/span><\\\/li><li><span style=\\\"font-family: -apple-system, BlinkMacSystemFont, &quot;Segoe UI&quot;, Roboto, Oxygen-Sans, Ubuntu, Cantarell, &quot;Helvetica Neue&quot;, sans-serif;\\\">zdobywaj\\u0105 wiedz\\u0119 zwi\\u0105zan\\u0105 z funkcjonowaniem ludzkiego cia\\u0142a, jego funkcjami i procesami starzenia si\\u0119.<\\\/span><\\\/li><li><span style=\\\"font-family: -apple-system, BlinkMacSystemFont, &quot;Segoe UI&quot;, Roboto, Oxygen-Sans, Ubuntu, Cantarell, &quot;Helvetica Neue&quot;, sans-serif;\\\">dzia\\u0142aj\\u0105 w praktyce sprawdzaj\\u0105c swoje mo\\u017cliwo\\u015bci za pomoc\\u0105 symulatora staro\\u015bci oraz szukaj\\u0105c rozwi\\u0105za\\u0144 dla zauwa\\u017conych problem\\u00f3w.&nbsp; &nbsp; &nbsp; &nbsp;&nbsp;<\\\/span><\\\/li><\\\/ul><p><span style=\\\"font-family: -apple-system, BlinkMacSystemFont, &quot;Segoe UI&quot;, Roboto, Oxygen-Sans, Ubuntu, Cantarell, &quot;Helvetica Neue&quot;, sans-serif;\\\">Ka\\u017cdy uczestnik otrzymuje certyfikat z odbytych warsztat\\u00f3w.<\\\/span><\\\/p>\",\"container_class\":\"\",\"element_class\":\"\",\"field_label\":\"Event Intro Description\",\"field_key\":\"event_intro_description\",\"drawerDisabled\":false,\"id\":5,\"beforeField\":\"\",\"afterField\":\"\",\"value\":\"<p>&nbsp;&nbsp;&nbsp;&nbsp;Warsztat \\\"Poczuj \\u017ceby zrozumie\\u0107\\\" dedykujemy dla szk\\u00f3\\u0142 podstawowych oraz ponadpodstawowych. Pod czujnym okiem dw\\u00f3ch edukator\\u00f3w w ci\\u0105gu dw\\u00f3ch godzin&nbsp;<span style=\\\"font-family: -apple-system, BlinkMacSystemFont, &quot;Segoe UI&quot;, Roboto, Oxygen-Sans, Ubuntu, Cantarell, &quot;Helvetica Neue&quot;, sans-serif;\\\">uczestnicy:&nbsp;<\\\/span><\\\/p><ul><li><span style=\\\"font-family: -apple-system, BlinkMacSystemFont, &quot;Segoe UI&quot;, Roboto, Oxygen-Sans, Ubuntu, Cantarell, &quot;Helvetica Neue&quot;, sans-serif;\\\">do\\u015bwiadczaj\\u0105 zaburze\\u0144 obserwacji i pola widzenia, zmiejszonej ruchliwo\\u015bci i mobilno\\u015bci cia\\u0142a, zaburzenia s\\u0142uchu, ograniczenia czucia r\\u0105k, niew\\u0142a\\u015bciwej pozycji sylwetki, ograniczenia ruchu staw\\u00f3w.<\\\/span><\\\/li><li><span style=\\\"font-family: -apple-system, BlinkMacSystemFont, &quot;Segoe UI&quot;, Roboto, Oxygen-Sans, Ubuntu, Cantarell, &quot;Helvetica Neue&quot;, sans-serif;\\\">ucz\\u0105 si\\u0119 otwarto\\u015bci, komunikacji oraz wsp\\u00f3\\u0142pracy dzi\\u0119ki pracy zwi\\u0105zanymi z narz\\u0119dziami krytycznego my\\u015blenia, porozumienia bez przemocy.<\\\/span><\\\/li><li><span style=\\\"font-family: -apple-system, BlinkMacSystemFont, &quot;Segoe UI&quot;, Roboto, Oxygen-Sans, Ubuntu, Cantarell, &quot;Helvetica Neue&quot;, sans-serif;\\\">zdobywaj\\u0105 wiedz\\u0119 zwi\\u0105zan\\u0105 z funkcjonowaniem ludzkiego cia\\u0142a, jego funkcjami i procesami starzenia si\\u0119.<\\\/span><\\\/li><li><span style=\\\"font-family: -apple-system, BlinkMacSystemFont, &quot;Segoe UI&quot;, Roboto, Oxygen-Sans, Ubuntu, Cantarell, &quot;Helvetica Neue&quot;, sans-serif;\\\">dzia\\u0142aj\\u0105 w praktyce sprawdzaj\\u0105c swoje mo\\u017cliwo\\u015bci za pomoc\\u0105 symulatora staro\\u015bci oraz szukaj\\u0105c rozwi\\u0105za\\u0144 dla zauwa\\u017conych problem\\u00f3w.&nbsp; &nbsp; &nbsp; &nbsp;&nbsp;<\\\/span><\\\/li><\\\/ul><p><span style=\\\"font-family: -apple-system, BlinkMacSystemFont, &quot;Segoe UI&quot;, Roboto, Oxygen-Sans, Ubuntu, Cantarell, &quot;Helvetica Neue&quot;, sans-serif;\\\">Ka\\u017cdy uczestnik otrzymuje certyfikat z odbytych warsztat\\u00f3w.<\\\/span><\\\/p>\",\"label_pos\":\"above\",\"parentType\":\"html\",\"element_templates\":[\"html\",\"input\"],\"old_classname\":\"\",\"wrap_template\":\"wrap\"},{\"objectType\":\"Field\",\"objectDomain\":\"fields\",\"editActive\":false,\"order\":2,\"idAttribute\":\"id\",\"label\":\"Wybierz warsztat lub szkolenie\",\"type\":\"listselect\",\"key\":\"wybierz_warsztat_lub_szkolenie_1695896326529\",\"label_pos\":\"above\",\"required\":1,\"options\":[{\"errors\":[],\"max_options\":0,\"label\":\"Warsztat dla szk\\u00f3\\u0142\",\"value\":\"warsztat-dla-szkol\",\"calc\":\"\",\"selected\":1,\"order\":0,\"settingModel\":{\"settings\":false,\"hide_merge_tags\":false,\"error\":false,\"name\":\"options\",\"type\":\"option-repeater\",\"label\":\"Opcje <a href=\\\"#\\\" class=\\\"nf-add-new\\\">Dodaj<\\\/a> <a href=\\\"#\\\" class=\\\"extra nf-open-import-tooltip\\\"><i class=\\\"fa fa-sign-in\\\" aria-hidden=\\\"true\\\"><\\\/i> Import<\\\/a>\",\"width\":\"full\",\"group\":\"\",\"value\":[{\"label\":\"Jeden\",\"value\":\"jeden\",\"calc\":\"\",\"selected\":0,\"order\":0},{\"label\":\"Dwa\",\"value\":\"dwa\",\"calc\":\"\",\"selected\":0,\"order\":1},{\"label\":\"Trzy\",\"value\":\"trzy\",\"calc\":\"\",\"selected\":0,\"order\":2}],\"columns\":{\"label\":{\"header\":\"Etykieta\",\"default\":\"\"},\"value\":{\"header\":\"Warto\\u015b\\u0107\",\"default\":\"\"},\"calc\":{\"header\":\"Warto\\u015b\\u0107 obliczenia\",\"default\":\"\"},\"selected\":{\"header\":\"<span class=\\\"dashicons dashicons-yes\\\"><\\\/span>\",\"default\":0}}}},{\"errors\":[],\"max_options\":0,\"label\":\"Szkolenie dla firm\\\/instytucji\",\"value\":\"szkolenie-dla-firm-instytucji\",\"calc\":\"\",\"selected\":1,\"order\":1,\"settingModel\":{\"settings\":false,\"hide_merge_tags\":false,\"error\":false,\"name\":\"options\",\"type\":\"option-repeater\",\"label\":\"Opcje <a href=\\\"#\\\" class=\\\"nf-add-new\\\">Dodaj<\\\/a> <a href=\\\"#\\\" class=\\\"extra nf-open-import-tooltip\\\"><i class=\\\"fa fa-sign-in\\\" aria-hidden=\\\"true\\\"><\\\/i> Import<\\\/a>\",\"width\":\"full\",\"group\":\"\",\"value\":[{\"label\":\"Jeden\",\"value\":\"jeden\",\"calc\":\"\",\"selected\":0,\"order\":0},{\"label\":\"Dwa\",\"value\":\"dwa\",\"calc\":\"\",\"selected\":0,\"order\":1},{\"label\":\"Trzy\",\"value\":\"trzy\",\"calc\":\"\",\"selected\":0,\"order\":2}],\"columns\":{\"label\":{\"header\":\"Etykieta\",\"default\":\"\"},\"value\":{\"header\":\"Warto\\u015b\\u0107\",\"default\":\"\"},\"calc\":{\"header\":\"Warto\\u015b\\u0107 obliczenia\",\"default\":\"\"},\"selected\":{\"header\":\"<span class=\\\"dashicons dashicons-yes\\\"><\\\/span>\",\"default\":0}}}}],\"container_class\":\"\",\"element_class\":\"\",\"admin_label\":\"\",\"help_text\":\"\",\"drawerDisabled\":false,\"id\":60,\"beforeField\":\"\",\"afterField\":\"\",\"value\":\"\",\"parentType\":\"list\",\"element_templates\":[\"listselect\",\"input\"],\"old_classname\":\"list-select\",\"wrap_template\":\"wrap\"},{\"objectType\":\"Field\",\"objectDomain\":\"fields\",\"editActive\":false,\"order\":3,\"idAttribute\":\"id\",\"label\":\"Divider\",\"key\":\"hr\",\"type\":\"hr\",\"created_at\":\"2016-08-28 16:16:05\",\"container_class\":\"\",\"element_class\":\"\",\"field_label\":\"Divider\",\"field_key\":\"hr\",\"id\":6,\"beforeField\":\"\",\"afterField\":\"\",\"value\":\"\",\"label_pos\":\"above\",\"parentType\":\"hr\",\"element_templates\":[\"hr\",\"input\"],\"old_classname\":\"\",\"wrap_template\":\"wrap\"},{\"objectType\":\"Field\",\"objectDomain\":\"fields\",\"editActive\":false,\"order\":4,\"idAttribute\":\"id\",\"label\":\"Imi\\u0119\",\"type\":\"firstname\",\"key\":\"firstname_1689319724272\",\"label_pos\":\"above\",\"required\":1,\"default\":\"\",\"placeholder\":\"\",\"container_class\":\"\",\"element_class\":\"\",\"admin_label\":\"\",\"help_text\":\"\",\"custom_name_attribute\":\"fname\",\"personally_identifiable\":1,\"value\":\"\",\"drawerDisabled\":false,\"id\":24,\"beforeField\":\"\",\"afterField\":\"\",\"parentType\":\"firstname\",\"element_templates\":[\"firstname\",\"input\"],\"old_classname\":\"\",\"wrap_template\":\"wrap\"},{\"objectType\":\"Field\",\"objectDomain\":\"fields\",\"editActive\":false,\"order\":5,\"idAttribute\":\"id\",\"label\":\"Nazwisko\",\"type\":\"lastname\",\"key\":\"lastname_1689319727930\",\"label_pos\":\"above\",\"required\":1,\"default\":\"\",\"placeholder\":\"\",\"container_class\":\"\",\"element_class\":\"\",\"admin_label\":\"\",\"help_text\":\"\",\"custom_name_attribute\":\"lname\",\"personally_identifiable\":1,\"value\":\"\",\"drawerDisabled\":false,\"id\":25,\"beforeField\":\"\",\"afterField\":\"\",\"parentType\":\"lastname\",\"element_templates\":[\"lastname\",\"input\"],\"old_classname\":\"\",\"wrap_template\":\"wrap\"},{\"objectType\":\"Field\",\"objectDomain\":\"fields\",\"editActive\":false,\"order\":6,\"idAttribute\":\"id\",\"label\":\"Nazwa Firmy\\\/Szko\\u0142y\",\"type\":\"textbox\",\"key\":\"nazwa_firmy_szkoly_1689319866796\",\"label_pos\":\"above\",\"required\":1,\"default\":\"\",\"placeholder\":\"\",\"container_class\":\"\",\"element_class\":\"\",\"input_limit\":\"\",\"input_limit_type\":\"characters\",\"input_limit_msg\":\"Liczba pozosta\\u0142ych znak\\u00f3w:\",\"manual_key\":false,\"admin_label\":\"\",\"help_text\":\"\",\"mask\":\"\",\"custom_mask\":\"\",\"custom_name_attribute\":\"\",\"personally_identifiable\":\"\",\"value\":\"\",\"drawerDisabled\":false,\"id\":28,\"beforeField\":\"\",\"afterField\":\"\",\"parentType\":\"textbox\",\"element_templates\":[\"textbox\",\"input\"],\"old_classname\":\"\",\"wrap_template\":\"wrap\"},{\"objectType\":\"Field\",\"objectDomain\":\"fields\",\"editActive\":false,\"order\":7,\"idAttribute\":\"id\",\"label\":\"Numer telefonu\",\"type\":\"phone\",\"key\":\"phone_1689319737599\",\"label_pos\":\"above\",\"required\":1,\"default\":\"\",\"placeholder\":\"\",\"container_class\":\"\",\"element_class\":\"\",\"input_limit\":\"\",\"input_limit_type\":\"characters\",\"input_limit_msg\":\"Liczba pozosta\\u0142ych znak\\u00f3w:\",\"manual_key\":false,\"admin_label\":\"\",\"help_text\":\"\",\"mask\":\"\",\"custom_mask\":\"\",\"custom_name_attribute\":\"phone\",\"personally_identifiable\":1,\"value\":\"\",\"drawerDisabled\":false,\"id\":26,\"beforeField\":\"\",\"afterField\":\"\",\"parentType\":\"textbox\",\"element_templates\":[\"tel\",\"textbox\",\"input\"],\"old_classname\":\"\",\"wrap_template\":\"wrap\"},{\"objectType\":\"Field\",\"objectDomain\":\"fields\",\"editActive\":false,\"order\":8,\"idAttribute\":\"id\",\"label\":\"E-mail\",\"type\":\"email\",\"key\":\"email_1689319743184\",\"label_pos\":\"above\",\"required\":1,\"default\":\"\",\"placeholder\":\"\",\"container_class\":\"\",\"element_class\":\"\",\"admin_label\":\"\",\"help_text\":\"\",\"custom_name_attribute\":\"email\",\"personally_identifiable\":1,\"value\":\"\",\"drawerDisabled\":false,\"id\":27,\"beforeField\":\"\",\"afterField\":\"\",\"parentType\":\"email\",\"element_templates\":[\"email\",\"input\"],\"old_classname\":\"\",\"wrap_template\":\"wrap\"},{\"objectType\":\"Field\",\"objectDomain\":\"fields\",\"editActive\":false,\"order\":9,\"idAttribute\":\"id\",\"label\":\"Miasto\",\"type\":\"textbox\",\"key\":\"miasto_1695375574367\",\"label_pos\":\"above\",\"required\":1,\"default\":\"\",\"placeholder\":\"\",\"container_class\":\"\",\"element_class\":\"\",\"input_limit\":\"\",\"input_limit_type\":\"characters\",\"input_limit_msg\":\"Liczba pozosta\\u0142ych znak\\u00f3w:\",\"manual_key\":false,\"admin_label\":\"\",\"help_text\":\"\",\"mask\":\"\",\"custom_mask\":\"\",\"custom_name_attribute\":\"\",\"personally_identifiable\":\"\",\"value\":\"\",\"drawerDisabled\":false,\"id\":43,\"beforeField\":\"\",\"afterField\":\"\",\"parentType\":\"textbox\",\"element_templates\":[\"textbox\",\"input\"],\"old_classname\":\"\",\"wrap_template\":\"wrap\"},{\"objectType\":\"Field\",\"objectDomain\":\"fields\",\"editActive\":false,\"order\":10,\"idAttribute\":\"id\",\"label\":\"Informacje dodatkowe\",\"type\":\"textbox\",\"key\":\"informacje_dodatkowe_1689319848997\",\"label_pos\":\"above\",\"required\":false,\"default\":\"\",\"placeholder\":\"\",\"container_class\":\"\",\"element_class\":\"\",\"input_limit\":\"\",\"input_limit_type\":\"characters\",\"input_limit_msg\":\"Liczba pozosta\\u0142ych znak\\u00f3w:\",\"manual_key\":false,\"admin_label\":\"\",\"help_text\":\"\",\"mask\":\"\",\"custom_mask\":\"\",\"custom_name_attribute\":\"\",\"personally_identifiable\":\"\",\"value\":\"\",\"drawerDisabled\":false,\"id\":29,\"beforeField\":\"\",\"afterField\":\"\",\"parentType\":\"textbox\",\"element_templates\":[\"textbox\",\"input\"],\"old_classname\":\"\",\"wrap_template\":\"wrap\"},{\"objectType\":\"Field\",\"objectDomain\":\"fields\",\"editActive\":false,\"order\":11,\"idAttribute\":\"id\",\"label\":\"Divider Copy\",\"key\":\"hr_1687874599069\",\"type\":\"hr\",\"created_at\":\"2016-08-28 16:16:05\",\"container_class\":\"\",\"element_class\":\"\",\"field_label\":\"Divider\",\"field_key\":\"hr\",\"drawerDisabled\":false,\"id\":19,\"beforeField\":\"\",\"afterField\":\"\",\"value\":\"\",\"label_pos\":\"above\",\"parentType\":\"hr\",\"element_templates\":[\"hr\",\"input\"],\"old_classname\":\"\",\"wrap_template\":\"wrap\"},{\"objectType\":\"Field\",\"objectDomain\":\"fields\",\"editActive\":false,\"order\":12,\"idAttribute\":\"id\",\"label\":\"Wy\\u015blij zg\\u0142oszenie\",\"key\":\"wyslij_zgloszenie_1689074999726\",\"type\":\"submit\",\"created_at\":\"2016-08-28 16:16:05\",\"processing_label\":\"Wysy\\u0142anie\",\"container_class\":\"\",\"element_class\":\"\",\"field_label\":\"Register\",\"field_key\":\"register\",\"drawerDisabled\":false,\"id\":17,\"beforeField\":\"\",\"afterField\":\"\",\"value\":\"\",\"label_pos\":\"above\",\"parentType\":\"textbox\",\"element_templates\":[\"submit\",\"button\",\"input\"],\"old_classname\":\"\",\"wrap_template\":\"wrap-no-label\"}];nfForms.push(form);<\/script>\n        \n","protected":false},"excerpt":{"rendered":"","protected":false},"author":3,"featured_media":0,"parent":0,"menu_order":0,"comment_status":"closed","ping_status":"closed","template":"","meta":{"neve_meta_sidebar":"","neve_meta_container":"","neve_meta_enable_content_width":"","neve_meta_content_width":0,"neve_meta_title_alignment":"","neve_meta_author_avatar":"","neve_post_elements_order":"","neve_meta_disable_header":"","neve_meta_disable_footer":"","neve_meta_disable_title":"","footnotes":""},"class_list":["post-497","page","type-page","status-publish","hentry"],"_links":{"self":[{"href":"https:\/\/quatronum.pl\/pp\/wp-json\/wp\/v2\/pages\/497","targetHints":{"allow":["GET"]}}],"collection":[{"href":"https:\/\/quatronum.pl\/pp\/wp-json\/wp\/v2\/pages"}],"about":[{"href":"https:\/\/quatronum.pl\/pp\/wp-json\/wp\/v2\/types\/page"}],"author":[{"embeddable":true,"href":"https:\/\/quatronum.pl\/pp\/wp-json\/wp\/v2\/users\/3"}],"replies":[{"embeddable":true,"href":"https:\/\/quatronum.pl\/pp\/wp-json\/wp\/v2\/comments?post=497"}],"version-history":[{"count":1,"href":"https:\/\/quatronum.pl\/pp\/wp-json\/wp\/v2\/pages\/497\/revisions"}],"predecessor-version":[{"id":498,"href":"https:\/\/quatronum.pl\/pp\/wp-json\/wp\/v2\/pages\/497\/revisions\/498"}],"wp:attachment":[{"href":"https:\/\/quatronum.pl\/pp\/wp-json\/wp\/v2\/media?parent=497"}],"curies":[{"name":"wp","href":"https:\/\/api.w.org\/{rel}","templated":true}]}}